{"id":2763,"date":"2023-01-26T13:14:02","date_gmt":"2023-01-26T12:14:02","guid":{"rendered":"https:\/\/chillicus.com\/?page_id=2763"},"modified":"2023-11-29T09:47:31","modified_gmt":"2023-11-29T08:47:31","slug":"pogosta-vprasanja","status":"publish","type":"page","link":"https:\/\/www.chillicus.com\/en\/pogosta-vprasanja\/","title":{"rendered":"FAQ"},"content":{"rendered":"<div data-elementor-type=\"wp-page\" data-elementor-id=\"2763\" class=\"elementor elementor-2763\">\n\t\t\t\t\t\t<section class=\"elementor-section elementor-top-section elementor-element elementor-element-9yqlyl7 elementor-section-boxed elementor-section-height-default elementor-section-height-default\" data-id=\"9yqlyl7\" data-element_type=\"section\" data-settings=\"{&quot;background_background&quot;:&quot;classic&quot;}\">\n\t\t\t\t\t\t\t<div class=\"elementor-background-overlay\"><\/div>\n\t\t\t\t\t\t\t<div class=\"elementor-container elementor-column-gap-default\">\n\t\t\t\t\t<div class=\"elementor-column elementor-col-100 elementor-top-column elementor-element elementor-element-24c9f1f\" data-id=\"24c9f1f\" data-element_type=\"column\">\n\t\t\t<div class=\"elementor-widget-wrap elementor-element-populated\">\n\t\t\t\t\t\t<div class=\"elementor-element elementor-element-a5e247a elementor-widget elementor-widget-heading\" data-id=\"a5e247a\" data-element_type=\"widget\" data-widget_type=\"heading.default\">\n\t\t\t\t<div class=\"elementor-widget-container\">\n\t\t\t\t\t<h1 class=\"elementor-heading-title elementor-size-default\">FAQ<\/h1>\t\t\t\t<\/div>\n\t\t\t\t<\/div>\n\t\t\t\t\t<\/div>\n\t\t<\/div>\n\t\t\t\t\t<\/div>\n\t\t<\/section>\n\t\t\t\t<section class=\"elementor-section elementor-top-section elementor-element elementor-element-2840193 elementor-section-boxed elementor-section-height-default elementor-section-height-default\" data-id=\"2840193\" data-element_type=\"section\">\n\t\t\t\t\t\t<div class=\"elementor-container elementor-column-gap-default\">\n\t\t\t\t\t<div class=\"elementor-column elementor-col-100 elementor-top-column elementor-element elementor-element-8821b18\" data-id=\"8821b18\" data-element_type=\"column\">\n\t\t\t<div class=\"elementor-widget-wrap elementor-element-populated\">\n\t\t\t\t\t\t<div class=\"elementor-element elementor-element-c4bd904 elementor-widget elementor-widget-text-editor\" data-id=\"c4bd904\" data-element_type=\"widget\" data-widget_type=\"text-editor.default\">\n\t\t\t\t<div class=\"elementor-widget-container\">\n\t\t\t\t\t\t\t\t\t<p>Frequently asked questions and answers for buying Chillicus products.<\/p>\t\t\t\t\t\t\t\t<\/div>\n\t\t\t\t<\/div>\n\t\t\t\t\t<\/div>\n\t\t<\/div>\n\t\t\t\t\t<\/div>\n\t\t<\/section>\n\t\t\t\t<section class=\"elementor-section elementor-top-section elementor-element elementor-element-131fdcf elementor-section-boxed elementor-section-height-default elementor-section-height-default\" data-id=\"131fdcf\" data-element_type=\"section\">\n\t\t\t\t\t\t<div class=\"elementor-container elementor-column-gap-default\">\n\t\t\t\t\t<div class=\"elementor-column elementor-col-100 elementor-top-column elementor-element elementor-element-be1d3e7\" data-id=\"be1d3e7\" data-element_type=\"column\">\n\t\t\t<div class=\"elementor-widget-wrap elementor-element-populated\">\n\t\t\t\t\t\t<div class=\"elementor-element elementor-element-b62d509 uael-faq-box-layout-yes align-at-left elementor-widget elementor-widget-uael-faq\" data-id=\"b62d509\" data-element_type=\"widget\" data-widget_type=\"uael-faq.default\">\n\t\t\t\t<div class=\"elementor-widget-container\">\n\t\t\t\t\t\n\t\t\t<div id='uael-faq-wrapper-191' class=\"uael-faq-wrapper\">\n\t\t\t\t<div class=\"uael-faq-container uael-faq-layout-accordion\" data-layout=\"accordion\" >\n\t\t\t\t\t\t\t\t\t\t\t\t<div id=\"uael-accordion-2efc789\" class=\"uael-faq-accordion\" role=\"tablist\">\n\t\t\t\t\t\t\t\t<div class= \"uael-accordion-title\" aria-expanded=\"false\" role=\"tab\">\n\t\t\t\t\t\t\t\t\t<span class=\"uael-accordion-icon uael-accordion-icon-left\">\n\t\t\t\t\t\t\t\t\t\t<span class=\"uael-accordion-icon-closed\"><i class=\"fas fa-angle-right\"><\/i><\/span>\n\t\t\t\t\t\t\t\t\t\t<span class=\"uael-accordion-icon-opened\"><i class=\"fas fa-angle-up\"><\/i><\/span>\n\t\t\t\t\t\t\t\t\t<\/span>\n\t\t\t\t\t\t\t\t\t<h4 class=\"uael-question-2efc789 uael-question-span\" tabindex=\"0\" id=\"uael-faq-1-69f4bb7009976\">Where can I pick up Chillicus sauces and products?<\/h4>\n\t\t\t\t\t\t\t\t<\/div>\n\t\t\t\t\t\t\t\t<div class=\"uael-accordion-content\" role=\"tabpanel\">\n\t\t\t\t\t\t\t\t\t<span>\n\t\t\t\t\t\t\t\t\t<span><p>All products ordered via the online store, by phone or via email, can be picked up at our address or a specific location.<\/p><p>\u00a0<\/p><p>You can find more on the website <strong><a href=\"https:\/\/www.chillicus.com\/en\/kontakt\/\">Contact<\/a><\/strong><\/p><\/span>\t\t\t\t\t\t\t\t\t<\/span>\n\t\t\t\t\t\t\t\t<\/div>\n\t\t\t\t\t\t\t<\/div>\n\t\t\t\t\t\t\t\t\t\t\t\t\t\t<div id=\"uael-accordion-308e815\" class=\"uael-faq-accordion\" role=\"tablist\">\n\t\t\t\t\t\t\t\t<div class= \"uael-accordion-title\" aria-expanded=\"false\" role=\"tab\">\n\t\t\t\t\t\t\t\t\t<span class=\"uael-accordion-icon uael-accordion-icon-left\">\n\t\t\t\t\t\t\t\t\t\t<span class=\"uael-accordion-icon-closed\"><i class=\"fas fa-angle-right\"><\/i><\/span>\n\t\t\t\t\t\t\t\t\t\t<span class=\"uael-accordion-icon-opened\"><i class=\"fas fa-angle-up\"><\/i><\/span>\n\t\t\t\t\t\t\t\t\t<\/span>\n\t\t\t\t\t\t\t\t\t<h4 class=\"uael-question-308e815 uael-question-span\" tabindex=\"0\" id=\"uael-faq-2-69f4bb70099dc\">Which sauce is the best?<\/h4>\n\t\t\t\t\t\t\t\t<\/div>\n\t\t\t\t\t\t\t\t<div class=\"uael-accordion-content\" role=\"tabpanel\">\n\t\t\t\t\t\t\t\t\t<span>\n\t\t\t\t\t\t\t\t\t<span><p>All sauces are unique in their taste and ingredients, so it is difficult to judge which one is the best. For any connoisseur\/lover, I recommend medium or hotter sauces. For everyone else, choose according to the degree of doneness of the sauce or on which dish would you use the sauce.<\/p><\/span>\t\t\t\t\t\t\t\t\t<\/span>\n\t\t\t\t\t\t\t\t<\/div>\n\t\t\t\t\t\t\t<\/div>\n\t\t\t\t\t\t\t\t\t\t\t\t\t\t<div id=\"uael-accordion-bb99214\" class=\"uael-faq-accordion\" role=\"tablist\">\n\t\t\t\t\t\t\t\t<div class= \"uael-accordion-title\" aria-expanded=\"false\" role=\"tab\">\n\t\t\t\t\t\t\t\t\t<span class=\"uael-accordion-icon uael-accordion-icon-left\">\n\t\t\t\t\t\t\t\t\t\t<span class=\"uael-accordion-icon-closed\"><i class=\"fas fa-angle-right\"><\/i><\/span>\n\t\t\t\t\t\t\t\t\t\t<span class=\"uael-accordion-icon-opened\"><i class=\"fas fa-angle-up\"><\/i><\/span>\n\t\t\t\t\t\t\t\t\t<\/span>\n\t\t\t\t\t\t\t\t\t<h4 class=\"uael-question-bb99214 uael-question-span\" tabindex=\"0\" id=\"uael-faq-3-69f4bb7009a29\">How quickly do I receive the product purchased via the online store?<\/h4>\n\t\t\t\t\t\t\t\t<\/div>\n\t\t\t\t\t\t\t\t<div class=\"uael-accordion-content\" role=\"tabpanel\">\n\t\t\t\t\t\t\t\t\t<span>\n\t\t\t\t\t\t\t\t\t<span><p>All products that are in stock are shipped the following day.<\/p><p>For other products that are not in stock, we will inform you when they arrive and when it is possible to make a purchase.<\/p><p>Delivery of the shipment takes 1-2 working days depending on the delivery service (postman).<\/p><\/span>\t\t\t\t\t\t\t\t\t<\/span>\n\t\t\t\t\t\t\t\t<\/div>\n\t\t\t\t\t\t\t<\/div>\n\t\t\t\t\t\t\t\t\t\t\t\t\t\t<div id=\"uael-accordion-11e971b\" class=\"uael-faq-accordion\" role=\"tablist\">\n\t\t\t\t\t\t\t\t<div class= \"uael-accordion-title\" aria-expanded=\"false\" role=\"tab\">\n\t\t\t\t\t\t\t\t\t<span class=\"uael-accordion-icon uael-accordion-icon-left\">\n\t\t\t\t\t\t\t\t\t\t<span class=\"uael-accordion-icon-closed\"><i class=\"fas fa-angle-right\"><\/i><\/span>\n\t\t\t\t\t\t\t\t\t\t<span class=\"uael-accordion-icon-opened\"><i class=\"fas fa-angle-up\"><\/i><\/span>\n\t\t\t\t\t\t\t\t\t<\/span>\n\t\t\t\t\t\t\t\t\t<h4 class=\"uael-question-11e971b uael-question-span\" tabindex=\"0\" id=\"uael-faq-4-69f4bb7009a74\">Is shipping included in the price?<\/h4>\n\t\t\t\t\t\t\t\t<\/div>\n\t\t\t\t\t\t\t\t<div class=\"uael-accordion-content\" role=\"tabpanel\">\n\t\t\t\t\t\t\t\t\t<span>\n\t\t\t\t\t\t\t\t\t<span><p>All products are FREE of shipping. When choosing payment, you can choose the delivery method yourself or pick it up. Pick-up at the address is free and the schedule is by agreement.<\/p><p>\u00a0<\/p><p>For buyers from coastal areas, delivery by agreement is possible.<\/p><p>\u00a0<\/p><p>If you order over EUR 40, you get FREE shipping, which we cover.<\/p><\/span>\t\t\t\t\t\t\t\t\t<\/span>\n\t\t\t\t\t\t\t\t<\/div>\n\t\t\t\t\t\t\t<\/div>\n\t\t\t\t\t\t\t\t\t\t\t\t\t\t<div id=\"uael-accordion-529c476\" class=\"uael-faq-accordion\" role=\"tablist\">\n\t\t\t\t\t\t\t\t<div class= \"uael-accordion-title\" aria-expanded=\"false\" role=\"tab\">\n\t\t\t\t\t\t\t\t\t<span class=\"uael-accordion-icon uael-accordion-icon-left\">\n\t\t\t\t\t\t\t\t\t\t<span class=\"uael-accordion-icon-closed\"><i class=\"fas fa-angle-right\"><\/i><\/span>\n\t\t\t\t\t\t\t\t\t\t<span class=\"uael-accordion-icon-opened\"><i class=\"fas fa-angle-up\"><\/i><\/span>\n\t\t\t\t\t\t\t\t\t<\/span>\n\t\t\t\t\t\t\t\t\t<h4 class=\"uael-question-529c476 uael-question-span\" tabindex=\"0\" id=\"uael-faq-5-69f4bb7009abd\">Does eating chili have any positive effects?<\/h4>\n\t\t\t\t\t\t\t\t<\/div>\n\t\t\t\t\t\t\t\t<div class=\"uael-accordion-content\" role=\"tabpanel\">\n\t\t\t\t\t\t\t\t\t<span>\n\t\t\t\t\t\t\t\t\t<span><p>Boasting high levels of vitamin C and antioxidants, chillies have been found to help prevent diseases of the modern lifestyle, including some types of cancer and stomach ulcers. Meanwhile, their ability to generate heat in the body has also linked peppers to weight loss and reducing the risk of type II diabetes.<\/p><p>\u00a0<\/p><p>You can read more about the positive effects and benefits of regular chili consumption at the link <a href=\"https:\/\/www.chillicus.com\/en\/?page_id=2095\">Benefits of Eating Chilli<\/a><\/p><\/span>\t\t\t\t\t\t\t\t\t<\/span>\n\t\t\t\t\t\t\t\t<\/div>\n\t\t\t\t\t\t\t<\/div>\n\t\t\t\t\t\t\t\t\t\t\t<\/div>\n\t\t\t<\/div>\n\t\t\t\t\t\t\t<\/div>\n\t\t\t\t<\/div>\n\t\t\t\t\t<\/div>\n\t\t<\/div>\n\t\t\t\t\t<\/div>\n\t\t<\/section>\n\t\t\t\t<section class=\"elementor-section elementor-top-section elementor-element elementor-element-12b530e elementor-section-boxed elementor-section-height-default elementor-section-height-default\" data-id=\"12b530e\" data-element_type=\"section\" data-settings=\"{&quot;background_background&quot;:&quot;classic&quot;}\">\n\t\t\t\t\t\t\t<div class=\"elementor-background-overlay\"><\/div>\n\t\t\t\t\t\t\t<div class=\"elementor-container elementor-column-gap-no\">\n\t\t\t\t\t<div class=\"elementor-column elementor-col-33 elementor-top-column elementor-element elementor-element-090e6e5\" data-id=\"090e6e5\" data-element_type=\"column\">\n\t\t\t<div class=\"elementor-widget-wrap elementor-element-populated\">\n\t\t\t\t\t\t<div class=\"elementor-element elementor-element-2d5b8a6 elementor-widget elementor-widget-heading\" data-id=\"2d5b8a6\" data-element_type=\"widget\" data-widget_type=\"heading.default\">\n\t\t\t\t<div class=\"elementor-widget-container\">\n\t\t\t\t\t<h3 class=\"elementor-heading-title elementor-size-default\">Got Any Questions About Us...<\/h3>\t\t\t\t<\/div>\n\t\t\t\t<\/div>\n\t\t\t\t<div class=\"elementor-element elementor-element-ca9907d elementor-mobile-align-center elementor-invisible elementor-widget elementor-widget-button\" data-id=\"ca9907d\" data-element_type=\"widget\" data-settings=\"{&quot;_animation&quot;:&quot;shake&quot;}\" data-widget_type=\"button.default\">\n\t\t\t\t<div class=\"elementor-widget-container\">\n\t\t\t\t\t\t\t\t\t<div class=\"elementor-button-wrapper\">\n\t\t\t\t\t<a class=\"elementor-button elementor-button-link elementor-size-md\" href=\"https:\/\/www.chillicus.com\/en\/contact-us\/\">\n\t\t\t\t\t\t<span class=\"elementor-button-content-wrapper\">\n\t\t\t\t\t\t<span class=\"elementor-button-icon\">\n\t\t\t\t<i aria-hidden=\"true\" class=\"fas fa-phone\"><\/i>\t\t\t<\/span>\n\t\t\t\t\t\t\t\t\t<span class=\"elementor-button-text\">CONTACT<\/span>\n\t\t\t\t\t<\/span>\n\t\t\t\t\t<\/a>\n\t\t\t\t<\/div>\n\t\t\t\t\t\t\t\t<\/div>\n\t\t\t\t<\/div>\n\t\t\t\t\t<\/div>\n\t\t<\/div>\n\t\t\t\t<div class=\"elementor-column elementor-col-66 elementor-top-column elementor-element elementor-element-bb352eb\" data-id=\"bb352eb\" data-element_type=\"column\">\n\t\t\t<div class=\"elementor-widget-wrap elementor-element-populated\">\n\t\t\t\t\t\t<div class=\"elementor-element elementor-element-4f3db27 animated-slow elementor-invisible elementor-widget elementor-widget-text-editor\" data-id=\"4f3db27\" data-element_type=\"widget\" data-settings=\"{&quot;_animation&quot;:&quot;fadeIn&quot;}\" data-widget_type=\"text-editor.default\">\n\t\t\t\t<div class=\"elementor-widget-container\">\n\t\t\t\t\t\t\t\t\t<p>If you want to know more about our products, our company and our story, please get in touch\u00a0<span style=\"color: var(--ast-global-color-3);\">us.<\/span><span style=\"font-style: inherit; font-weight: inherit; color: var(--ast-global-color-3);\">In oder to learn more about our sauces and the special offer of sauces.<\/span><\/p><p class=\"translation-block\">If you run out of hot sauce or chili rubs in your store or restaurant, contact us and ask for our FREE SAMPLE. Our team will be happy to serve you and help you with your request<\/p>\t\t\t\t\t\t\t\t<\/div>\n\t\t\t\t<\/div>\n\t\t\t\t\t<\/div>\n\t\t<\/div>\n\t\t\t\t\t<\/div>\n\t\t<\/section>\n\t\t\t\t<\/div>","protected":false},"excerpt":{"rendered":"<p>Pogosta Vpra\u0161anja Pogosta vpra\u0161anja in odgovori za nakupe izdelkov Chillicus. Kje lahko prevzamem omake in izdelke Chillicus? Vse izdelke naro\u010dene preko spletne trgovine, telefonsko ali preko emaila, je mo\u017eno prevzemat na na\u0161ih naslovih. \u00a0 Ve\u010d lahko poi\u0161\u010dete na spletni strani Kontakt Katera omaka je najbolj\u0161a? Vse omake so unikatne po svojem okusu in sestavinah, zato [&hellip;]<\/p>","protected":false},"author":2,"featured_media":0,"parent":0,"menu_order":0,"comment_status":"closed","ping_status":"closed","template":"","meta":{"site-sidebar-layout":"no-sidebar","site-content-layout":"page-builder","ast-site-content-layout":"full-width-container","site-content-style":"unboxed","site-sidebar-style":"unboxed","ast-global-header-display":"","ast-banner-title-visibility":"","ast-main-header-display":"","ast-hfb-above-header-display":"","ast-hfb-below-header-display":"","ast-hfb-mobile-header-display":"","site-post-title":"disabled","ast-breadcrumbs-content":"","ast-featured-img":"disabled","footer-sml-layout":"","theme-transparent-header-meta":"","adv-header-id-meta":"","stick-header-meta":"","header-above-stick-meta":"","header-main-stick-meta":"","header-below-stick-meta":"","astra-migrate-meta-layouts":"set","ast-page-background-enabled":"default","ast-page-background-meta":{"desktop":{"background-color":"","background-image":"","background-repeat":"repeat","background-position":"center center","background-size":"auto","background-attachment":"scroll","background-type":"","background-media":"","overlay-type":"","overlay-color":"","overlay-opacity":"","overlay-gradient":""},"tablet":{"background-color":"","background-image":"","background-repeat":"repeat","background-position":"center center","background-size":"auto","background-attachment":"scroll","background-type":"","background-media":"","overlay-type":"","overlay-color":"","overlay-opacity":"","overlay-gradient":""},"mobile":{"background-color":"","background-image":"","background-repeat":"repeat","background-position":"center center","background-size":"auto","background-attachment":"scroll","background-type":"","background-media":"","overlay-type":"","overlay-color":"","overlay-opacity":"","overlay-gradient":""}},"ast-content-background-meta":{"desktop":{"background-color":"var(--ast-global-color-5)","background-image":"","background-repeat":"repeat","background-position":"center center","background-size":"auto","background-attachment":"scroll","background-type":"","background-media":"","overlay-type":"","overlay-color":"","overlay-opacity":"","overlay-gradient":""},"tablet":{"background-color":"var(--ast-global-color-5)","background-image":"","background-repeat":"repeat","background-position":"center center","background-size":"auto","background-attachment":"scroll","background-type":"","background-media":"","overlay-type":"","overlay-color":"","overlay-opacity":"","overlay-gradient":""},"mobile":{"background-color":"var(--ast-global-color-5)","background-image":"","background-repeat":"repeat","background-position":"center center","background-size":"auto","background-attachment":"scroll","background-type":"","background-media":"","overlay-type":"","overlay-color":"","overlay-opacity":"","overlay-gradient":""}},"footnotes":""},"class_list":["post-2763","page","type-page","status-publish","hentry"],"yoast_head":"<!-- This site is optimized with the Yoast SEO plugin v26.8 - https:\/\/yoast.com\/product\/yoast-seo-wordpress\/ -->\n<title>Pogosta Vpra\u0161anja<\/title>\n<meta name=\"description\" content=\"Po\u0161i\u0161\u010dite hitre odgovore na va\u0161a pogosta vpra\u0161anja, katera dobivamo. Za ve\u010d nas vedno lahko kontaktirate po mailu ali telefonu.\" \/>\n<meta name=\"robots\" content=\"index, follow, max-snippet:-1, max-image-preview:large, max-video-preview:-1\" \/>\n<link rel=\"canonical\" href=\"https:\/\/www.chillicus.com\/en\/pogosta-vprasanja\/\" \/>\n<meta property=\"og:locale\" content=\"en_US\" \/>\n<meta property=\"og:type\" content=\"article\" \/>\n<meta property=\"og:title\" content=\"Pogosta Vpra\u0161anja\" \/>\n<meta property=\"og:description\" content=\"Po\u0161i\u0161\u010dite hitre odgovore na va\u0161a pogosta vpra\u0161anja, katera dobivamo. Za ve\u010d nas vedno lahko kontaktirate po mailu ali telefonu.\" \/>\n<meta property=\"og:url\" content=\"https:\/\/www.chillicus.com\/en\/pogosta-vprasanja\/\" \/>\n<meta property=\"article:publisher\" content=\"https:\/\/m.facebook.com\/chillicus\/\" \/>\n<meta property=\"article:modified_time\" content=\"2023-11-29T08:47:31+00:00\" \/>\n<meta name=\"twitter:card\" content=\"summary_large_image\" \/>\n<meta name=\"twitter:label1\" content=\"Est. reading time\" \/>\n\t<meta name=\"twitter:data1\" content=\"2 minutes\" \/>\n<script type=\"application\/ld+json\" class=\"yoast-schema-graph\">{\"@context\":\"https:\/\/schema.org\",\"@graph\":[{\"@type\":\"WebPage\",\"@id\":\"https:\/\/www.chillicus.com\/pogosta-vprasanja\/\",\"url\":\"https:\/\/www.chillicus.com\/pogosta-vprasanja\/\",\"name\":\"Pogosta Vpra\u0161anja\",\"isPartOf\":{\"@id\":\"https:\/\/www.chillicus.com\/#website\"},\"datePublished\":\"2023-01-26T12:14:02+00:00\",\"dateModified\":\"2023-11-29T08:47:31+00:00\",\"description\":\"Po\u0161i\u0161\u010dite hitre odgovore na va\u0161a pogosta vpra\u0161anja, katera dobivamo. Za ve\u010d nas vedno lahko kontaktirate po mailu ali telefonu.\",\"breadcrumb\":{\"@id\":\"https:\/\/www.chillicus.com\/pogosta-vprasanja\/#breadcrumb\"},\"inLanguage\":\"en-US\",\"potentialAction\":[{\"@type\":\"ReadAction\",\"target\":[\"https:\/\/www.chillicus.com\/pogosta-vprasanja\/\"]}]},{\"@type\":\"BreadcrumbList\",\"@id\":\"https:\/\/www.chillicus.com\/pogosta-vprasanja\/#breadcrumb\",\"itemListElement\":[{\"@type\":\"ListItem\",\"position\":1,\"name\":\"Home\",\"item\":\"https:\/\/www.chillicus.com\/\"},{\"@type\":\"ListItem\",\"position\":2,\"name\":\"Pogosta Vpra\u0161anja\"}]},{\"@type\":\"WebSite\",\"@id\":\"https:\/\/www.chillicus.com\/#website\",\"url\":\"https:\/\/www.chillicus.com\/\",\"name\":\"Chillicus\",\"description\":\"Online Hot Sauce Store\",\"publisher\":{\"@id\":\"https:\/\/www.chillicus.com\/#\/schema\/person\/3f2701215ea3471622fc4b566ae8a143\"},\"potentialAction\":[{\"@type\":\"SearchAction\",\"target\":{\"@type\":\"EntryPoint\",\"urlTemplate\":\"https:\/\/www.chillicus.com\/?s={search_term_string}\"},\"query-input\":{\"@type\":\"PropertyValueSpecification\",\"valueRequired\":true,\"valueName\":\"search_term_string\"}}],\"inLanguage\":\"en-US\"},{\"@type\":[\"Person\",\"Organization\"],\"@id\":\"https:\/\/www.chillicus.com\/#\/schema\/person\/3f2701215ea3471622fc4b566ae8a143\",\"name\":\"Jaka Plank\",\"image\":{\"@type\":\"ImageObject\",\"inLanguage\":\"en-US\",\"@id\":\"https:\/\/www.chillicus.com\/#\/schema\/person\/image\/\",\"url\":\"https:\/\/www.chillicus.com\/wp-content\/uploads\/2023\/02\/colour-transparent-1-1-1.png\",\"contentUrl\":\"https:\/\/www.chillicus.com\/wp-content\/uploads\/2023\/02\/colour-transparent-1-1-1.png\",\"width\":2028,\"height\":2020,\"caption\":\"Jaka Plank\"},\"logo\":{\"@id\":\"https:\/\/www.chillicus.com\/#\/schema\/person\/image\/\"},\"sameAs\":[\"https:\/\/m.facebook.com\/chillicus\/\",\"https:\/\/www.instagram.com\/chc_chillicus\/\"]}]}<\/script>\n<!-- \/ Yoast SEO plugin. -->","yoast_head_json":{"title":"FAQ","description":"Po\u0161i\u0161\u010dite hitre odgovore na va\u0161a pogosta vpra\u0161anja, katera dobivamo. Za ve\u010d nas vedno lahko kontaktirate po mailu ali telefonu.","robots":{"index":"index","follow":"follow","max-snippet":"max-snippet:-1","max-image-preview":"max-image-preview:large","max-video-preview":"max-video-preview:-1"},"canonical":"https:\/\/www.chillicus.com\/en\/pogosta-vprasanja\/","og_locale":"en_US","og_type":"article","og_title":"Pogosta Vpra\u0161anja","og_description":"Po\u0161i\u0161\u010dite hitre odgovore na va\u0161a pogosta vpra\u0161anja, katera dobivamo. Za ve\u010d nas vedno lahko kontaktirate po mailu ali telefonu.","og_url":"https:\/\/www.chillicus.com\/en\/pogosta-vprasanja\/","article_publisher":"https:\/\/m.facebook.com\/chillicus\/","article_modified_time":"2023-11-29T08:47:31+00:00","twitter_card":"summary_large_image","twitter_misc":{"Est. reading time":"2 minutes"},"schema":{"@context":"https:\/\/schema.org","@graph":[{"@type":"WebPage","@id":"https:\/\/www.chillicus.com\/pogosta-vprasanja\/","url":"https:\/\/www.chillicus.com\/pogosta-vprasanja\/","name":"FAQ","isPartOf":{"@id":"https:\/\/www.chillicus.com\/#website"},"datePublished":"2023-01-26T12:14:02+00:00","dateModified":"2023-11-29T08:47:31+00:00","description":"Po\u0161i\u0161\u010dite hitre odgovore na va\u0161a pogosta vpra\u0161anja, katera dobivamo. Za ve\u010d nas vedno lahko kontaktirate po mailu ali telefonu.","breadcrumb":{"@id":"https:\/\/www.chillicus.com\/pogosta-vprasanja\/#breadcrumb"},"inLanguage":"en-US","potentialAction":[{"@type":"ReadAction","target":["https:\/\/www.chillicus.com\/pogosta-vprasanja\/"]}]},{"@type":"BreadcrumbList","@id":"https:\/\/www.chillicus.com\/pogosta-vprasanja\/#breadcrumb","itemListElement":[{"@type":"ListItem","position":1,"name":"Home","item":"https:\/\/www.chillicus.com\/"},{"@type":"ListItem","position":2,"name":"Pogosta Vpra\u0161anja"}]},{"@type":"WebSite","@id":"https:\/\/www.chillicus.com\/#website","url":"https:\/\/www.chillicus.com\/","name":"Chillicus","description":"Online Hot Sauce Store","publisher":{"@id":"https:\/\/www.chillicus.com\/#\/schema\/person\/3f2701215ea3471622fc4b566ae8a143"},"potentialAction":[{"@type":"SearchAction","target":{"@type":"EntryPoint","urlTemplate":"https:\/\/www.chillicus.com\/?s={search_term_string}"},"query-input":{"@type":"PropertyValueSpecification","valueRequired":true,"valueName":"search_term_string"}}],"inLanguage":"en-US"},{"@type":["Person","Organization"],"@id":"https:\/\/www.chillicus.com\/#\/schema\/person\/3f2701215ea3471622fc4b566ae8a143","name":"Jaka Plank","image":{"@type":"ImageObject","inLanguage":"en-US","@id":"https:\/\/www.chillicus.com\/#\/schema\/person\/image\/","url":"https:\/\/www.chillicus.com\/wp-content\/uploads\/2023\/02\/colour-transparent-1-1-1.png","contentUrl":"https:\/\/www.chillicus.com\/wp-content\/uploads\/2023\/02\/colour-transparent-1-1-1.png","width":2028,"height":2020,"caption":"Jaka Plank"},"logo":{"@id":"https:\/\/www.chillicus.com\/#\/schema\/person\/image\/"},"sameAs":["https:\/\/m.facebook.com\/chillicus\/","https:\/\/www.instagram.com\/chc_chillicus\/"]}]}},"_links":{"self":[{"href":"https:\/\/www.chillicus.com\/en\/wp-json\/wp\/v2\/pages\/2763","targetHints":{"allow":["GET"]}}],"collection":[{"href":"https:\/\/www.chillicus.com\/en\/wp-json\/wp\/v2\/pages"}],"about":[{"href":"https:\/\/www.chillicus.com\/en\/wp-json\/wp\/v2\/types\/page"}],"author":[{"embeddable":true,"href":"https:\/\/www.chillicus.com\/en\/wp-json\/wp\/v2\/users\/2"}],"replies":[{"embeddable":true,"href":"https:\/\/www.chillicus.com\/en\/wp-json\/wp\/v2\/comments?post=2763"}],"version-history":[{"count":41,"href":"https:\/\/www.chillicus.com\/en\/wp-json\/wp\/v2\/pages\/2763\/revisions"}],"predecessor-version":[{"id":4308,"href":"https:\/\/www.chillicus.com\/en\/wp-json\/wp\/v2\/pages\/2763\/revisions\/4308"}],"wp:attachment":[{"href":"https:\/\/www.chillicus.com\/en\/wp-json\/wp\/v2\/media?parent=2763"}],"curies":[{"name":"wp","href":"https:\/\/api.w.org\/{rel}","templated":true}]}}