{"id":2989,"date":"2019-01-23T06:28:49","date_gmt":"2019-01-23T06:28:49","guid":{"rendered":"https:\/\/chillicus.com\/?page_id=2989"},"modified":"2025-10-05T17:45:18","modified_gmt":"2025-10-05T15:45:18","slug":"kosarica-2","status":"publish","type":"page","link":"https:\/\/www.chillicus.com\/en\/kosarica-2\/","title":{"rendered":"Ko\u0161arica"},"content":{"rendered":"","protected":false},"excerpt":{"rendered":"","protected":false},"author":2,"featured_media":0,"parent":0,"menu_order":0,"comment_status":"closed","ping_status":"closed","template":"","meta":{"site-sidebar-layout":"default","site-content-layout":"","ast-site-content-layout":"","site-content-style":"default","site-sidebar-style":"default","ast-global-header-display":"disabled","ast-banner-title-visibility":"","ast-main-header-display":"","ast-hfb-above-header-display":"","ast-hfb-below-header-display":"","ast-hfb-mobile-header-display":"","site-post-title":"","ast-breadcrumbs-content":"","ast-featured-img":"","footer-sml-layout":"","theme-transparent-header-meta":"","adv-header-id-meta":"","stick-header-meta":"","header-above-stick-meta":"","header-main-stick-meta":"","header-below-stick-meta":"","astra-migrate-meta-layouts":"default","ast-page-background-enabled":"default","ast-page-background-meta":{"desktop":{"background-color":"","background-image":"","background-repeat":"repeat","background-position":"center center","background-size":"auto","background-attachment":"scroll","background-type":"","background-media":"","overlay-type":"","overlay-color":"","overlay-opacity":"","overlay-gradient":""},"tablet":{"background-color":"","background-image":"","background-repeat":"repeat","background-position":"center center","background-size":"auto","background-attachment":"scroll","background-type":"","background-media":"","overlay-type":"","overlay-color":"","overlay-opacity":"","overlay-gradient":""},"mobile":{"background-color":"","background-image":"","background-repeat":"repeat","background-position":"center center","background-size":"auto","background-attachment":"scroll","background-type":"","background-media":"","overlay-type":"","overlay-color":"","overlay-opacity":"","overlay-gradient":""}},"ast-content-background-meta":{"desktop":{"background-color":"var(--ast-global-color-5)","background-image":"","background-repeat":"repeat","background-position":"center center","background-size":"auto","background-attachment":"scroll","background-type":"","background-media":"","overlay-type":"","overlay-color":"","overlay-opacity":"","overlay-gradient":""},"tablet":{"background-color":"var(--ast-global-color-5)","background-image":"","background-repeat":"repeat","background-position":"center center","background-size":"auto","background-attachment":"scroll","background-type":"","background-media":"","overlay-type":"","overlay-color":"","overlay-opacity":"","overlay-gradient":""},"mobile":{"background-color":"var(--ast-global-color-5)","background-image":"","background-repeat":"repeat","background-position":"center center","background-size":"auto","background-attachment":"scroll","background-type":"","background-media":"","overlay-type":"","overlay-color":"","overlay-opacity":"","overlay-gradient":""}},"footnotes":""},"class_list":["post-2989","page","type-page","status-publish","hentry"],"yoast_head":"<!-- This site is optimized with the Yoast SEO plugin v26.8 - https:\/\/yoast.com\/product\/yoast-seo-wordpress\/ -->\n<title>Ko\u0161arica<\/title>\n<meta name=\"description\" content=\"Poglejte kaj se nahaja v va\u0161em nakupovalnem vozi\u010dku preverite izdelke in ostalo ponudbo na spletni trgovini.\" \/>\n<meta name=\"robots\" content=\"index, follow, max-snippet:-1, max-image-preview:large, max-video-preview:-1\" \/>\n<link rel=\"canonical\" href=\"https:\/\/www.chillicus.com\/en\/kosarica-2\/\" \/>\n<meta property=\"og:locale\" content=\"en_US\" \/>\n<meta property=\"og:type\" content=\"article\" \/>\n<meta property=\"og:title\" content=\"Ko\u0161arica\" \/>\n<meta property=\"og:description\" content=\"Poglejte kaj se nahaja v va\u0161em nakupovalnem vozi\u010dku preverite izdelke in ostalo ponudbo na spletni trgovini.\" \/>\n<meta property=\"og:url\" content=\"https:\/\/www.chillicus.com\/en\/kosarica-2\/\" \/>\n<meta property=\"article:publisher\" content=\"https:\/\/m.facebook.com\/chillicus\/\" \/>\n<meta property=\"article:modified_time\" content=\"2025-10-05T15:45:18+00:00\" \/>\n<meta name=\"twitter:card\" content=\"summary_large_image\" \/>\n<meta name=\"twitter:label1\" content=\"Est. reading time\" \/>\n\t<meta name=\"twitter:data1\" content=\"1 minute\" \/>\n<script type=\"application\/ld+json\" class=\"yoast-schema-graph\">{\"@context\":\"https:\/\/schema.org\",\"@graph\":[{\"@type\":\"WebPage\",\"@id\":\"https:\/\/www.chillicus.com\/kosarica-2\/\",\"url\":\"https:\/\/www.chillicus.com\/kosarica-2\/\",\"name\":\"Ko\u0161arica\",\"isPartOf\":{\"@id\":\"https:\/\/www.chillicus.com\/#website\"},\"datePublished\":\"2019-01-23T06:28:49+00:00\",\"dateModified\":\"2025-10-05T15:45:18+00:00\",\"description\":\"Poglejte kaj se nahaja v va\u0161em nakupovalnem vozi\u010dku preverite izdelke in ostalo ponudbo na spletni trgovini.\",\"breadcrumb\":{\"@id\":\"https:\/\/www.chillicus.com\/kosarica-2\/#breadcrumb\"},\"inLanguage\":\"en-US\",\"potentialAction\":[{\"@type\":\"ReadAction\",\"target\":[\"https:\/\/www.chillicus.com\/kosarica-2\/\"]}]},{\"@type\":\"BreadcrumbList\",\"@id\":\"https:\/\/www.chillicus.com\/kosarica-2\/#breadcrumb\",\"itemListElement\":[{\"@type\":\"ListItem\",\"position\":1,\"name\":\"Home\",\"item\":\"https:\/\/www.chillicus.com\/\"},{\"@type\":\"ListItem\",\"position\":2,\"name\":\"Ko\u0161arica\"}]},{\"@type\":\"WebSite\",\"@id\":\"https:\/\/www.chillicus.com\/#website\",\"url\":\"https:\/\/www.chillicus.com\/\",\"name\":\"Chillicus\",\"description\":\"Online Hot Sauce Store\",\"publisher\":{\"@id\":\"https:\/\/www.chillicus.com\/#\/schema\/person\/3f2701215ea3471622fc4b566ae8a143\"},\"potentialAction\":[{\"@type\":\"SearchAction\",\"target\":{\"@type\":\"EntryPoint\",\"urlTemplate\":\"https:\/\/www.chillicus.com\/?s={search_term_string}\"},\"query-input\":{\"@type\":\"PropertyValueSpecification\",\"valueRequired\":true,\"valueName\":\"search_term_string\"}}],\"inLanguage\":\"en-US\"},{\"@type\":[\"Person\",\"Organization\"],\"@id\":\"https:\/\/www.chillicus.com\/#\/schema\/person\/3f2701215ea3471622fc4b566ae8a143\",\"name\":\"Jaka Plank\",\"image\":{\"@type\":\"ImageObject\",\"inLanguage\":\"en-US\",\"@id\":\"https:\/\/www.chillicus.com\/#\/schema\/person\/image\/\",\"url\":\"https:\/\/www.chillicus.com\/wp-content\/uploads\/2023\/02\/colour-transparent-1-1-1.png\",\"contentUrl\":\"https:\/\/www.chillicus.com\/wp-content\/uploads\/2023\/02\/colour-transparent-1-1-1.png\",\"width\":2028,\"height\":2020,\"caption\":\"Jaka Plank\"},\"logo\":{\"@id\":\"https:\/\/www.chillicus.com\/#\/schema\/person\/image\/\"},\"sameAs\":[\"https:\/\/m.facebook.com\/chillicus\/\",\"https:\/\/www.instagram.com\/chc_chillicus\/\"]}]}<\/script>\n<!-- \/ Yoast SEO plugin. -->","yoast_head_json":{"title":"Ko\u0161arica","description":"Poglejte kaj se nahaja v va\u0161em nakupovalnem vozi\u010dku preverite izdelke in ostalo ponudbo na spletni trgovini.","robots":{"index":"index","follow":"follow","max-snippet":"max-snippet:-1","max-image-preview":"max-image-preview:large","max-video-preview":"max-video-preview:-1"},"canonical":"https:\/\/www.chillicus.com\/en\/kosarica-2\/","og_locale":"en_US","og_type":"article","og_title":"Ko\u0161arica","og_description":"Poglejte kaj se nahaja v va\u0161em nakupovalnem vozi\u010dku preverite izdelke in ostalo ponudbo na spletni trgovini.","og_url":"https:\/\/www.chillicus.com\/en\/kosarica-2\/","article_publisher":"https:\/\/m.facebook.com\/chillicus\/","article_modified_time":"2025-10-05T15:45:18+00:00","twitter_card":"summary_large_image","twitter_misc":{"Est. reading time":"1 minute"},"schema":{"@context":"https:\/\/schema.org","@graph":[{"@type":"WebPage","@id":"https:\/\/www.chillicus.com\/kosarica-2\/","url":"https:\/\/www.chillicus.com\/kosarica-2\/","name":"Ko\u0161arica","isPartOf":{"@id":"https:\/\/www.chillicus.com\/#website"},"datePublished":"2019-01-23T06:28:49+00:00","dateModified":"2025-10-05T15:45:18+00:00","description":"Poglejte kaj se nahaja v va\u0161em nakupovalnem vozi\u010dku preverite izdelke in ostalo ponudbo na spletni trgovini.","breadcrumb":{"@id":"https:\/\/www.chillicus.com\/kosarica-2\/#breadcrumb"},"inLanguage":"en-US","potentialAction":[{"@type":"ReadAction","target":["https:\/\/www.chillicus.com\/kosarica-2\/"]}]},{"@type":"BreadcrumbList","@id":"https:\/\/www.chillicus.com\/kosarica-2\/#breadcrumb","itemListElement":[{"@type":"ListItem","position":1,"name":"Home","item":"https:\/\/www.chillicus.com\/"},{"@type":"ListItem","position":2,"name":"Ko\u0161arica"}]},{"@type":"WebSite","@id":"https:\/\/www.chillicus.com\/#website","url":"https:\/\/www.chillicus.com\/","name":"Chillicus","description":"Online Hot Sauce Store","publisher":{"@id":"https:\/\/www.chillicus.com\/#\/schema\/person\/3f2701215ea3471622fc4b566ae8a143"},"potentialAction":[{"@type":"SearchAction","target":{"@type":"EntryPoint","urlTemplate":"https:\/\/www.chillicus.com\/?s={search_term_string}"},"query-input":{"@type":"PropertyValueSpecification","valueRequired":true,"valueName":"search_term_string"}}],"inLanguage":"en-US"},{"@type":["Person","Organization"],"@id":"https:\/\/www.chillicus.com\/#\/schema\/person\/3f2701215ea3471622fc4b566ae8a143","name":"Jaka Plank","image":{"@type":"ImageObject","inLanguage":"en-US","@id":"https:\/\/www.chillicus.com\/#\/schema\/person\/image\/","url":"https:\/\/www.chillicus.com\/wp-content\/uploads\/2023\/02\/colour-transparent-1-1-1.png","contentUrl":"https:\/\/www.chillicus.com\/wp-content\/uploads\/2023\/02\/colour-transparent-1-1-1.png","width":2028,"height":2020,"caption":"Jaka Plank"},"logo":{"@id":"https:\/\/www.chillicus.com\/#\/schema\/person\/image\/"},"sameAs":["https:\/\/m.facebook.com\/chillicus\/","https:\/\/www.instagram.com\/chc_chillicus\/"]}]}},"_links":{"self":[{"href":"https:\/\/www.chillicus.com\/en\/wp-json\/wp\/v2\/pages\/2989","targetHints":{"allow":["GET"]}}],"collection":[{"href":"https:\/\/www.chillicus.com\/en\/wp-json\/wp\/v2\/pages"}],"about":[{"href":"https:\/\/www.chillicus.com\/en\/wp-json\/wp\/v2\/types\/page"}],"author":[{"embeddable":true,"href":"https:\/\/www.chillicus.com\/en\/wp-json\/wp\/v2\/users\/2"}],"replies":[{"embeddable":true,"href":"https:\/\/www.chillicus.com\/en\/wp-json\/wp\/v2\/comments?post=2989"}],"version-history":[{"count":3,"href":"https:\/\/www.chillicus.com\/en\/wp-json\/wp\/v2\/pages\/2989\/revisions"}],"predecessor-version":[{"id":3421,"href":"https:\/\/www.chillicus.com\/en\/wp-json\/wp\/v2\/pages\/2989\/revisions\/3421"}],"wp:attachment":[{"href":"https:\/\/www.chillicus.com\/en\/wp-json\/wp\/v2\/media?parent=2989"}],"curies":[{"name":"wp","href":"https:\/\/api.w.org\/{rel}","templated":true}]}}