{"id":3250,"date":"2023-02-09T11:17:28","date_gmt":"2023-02-09T10:17:28","guid":{"rendered":"https:\/\/chillicus.com\/?post_type=product&#038;p=3250"},"modified":"2024-08-26T09:58:22","modified_gmt":"2024-08-26T07:58:22","slug":"svezi-cili","status":"publish","type":"product","link":"https:\/\/www.chillicus.com\/en\/product\/svezi-cili\/","title":{"rendered":"FRESH CHILLI"},"content":{"rendered":"<p>FRESH CHILI for all lovers, gourmets and chefs who would like to add some heat to your dishes.<\/p>\n<p><strong>Zakaj u\u017eivati sve\u017ee \u010dilije?<\/strong><\/p>\n<p>Sve\u017ei \u010dili vsebuje vrsto koristnih vitaminov in mineralov, ki lahko, \u010de jih u\u017eivate vsak dan, mo\u010dno okrepijo prehrano in izbolj\u0161ajo va\u0161e zdravje. Natan\u010dna koli\u010dina se razlikuje glede<br \/>\nna\u00a0 vrsto \u010dilija. Paprika na primer ni enaka \u010diliju (Habanero, Thai \u010dili, Tabasco, ipd.).<\/p>\n<ul>\n<li><strong>Vitamin C<\/strong>: \u010cili paprika je polna vitamina C in vitalnih hranil za krepitev imunskega sistema, ki jih vsi potrebujejo med sezono gripe in po njej.<\/li>\n<li><strong>Vitamin B6<\/strong>: Vitamin B6, which is part of the B vitamin family, helps prevent pyridoxine deficiency, which in turn causes anemia.<\/li>\n<li><strong>Vitamin K1<\/strong>: Vitamin K1 is necessary for blood clotting and maintaining healthy bones and kidneys.<\/li>\n<li><strong>Vitamin A<\/strong>: Zlasti rde\u010da \u010dili paprika vsebuje visoko vsebnost beta karotena, ki gatelo nato pretvori v vitamin A. Vitamin A pomaga podpirati o\u010di, ko\u017eo in imunski sistem.<\/li>\n<li><strong>Calcium:<\/strong> Mineral, ki ga najdemo tudi v bananah in krompirju, kalij pomaga zmanj\u0161ati tveganje za bolezni srca.<\/li>\n<li><strong>Copper:<\/strong> Although it may sound a little strange, copper is an essential mineral used to create strong bones and healthy neurons.<\/li>\n<\/ul>\n<p>Glavna sestavina \u010dilijev je kemikalija, imenovana \u201ckapsaicin\u201d, ki je odgovorna za mo\u010dan ob\u010dutek peko\u010dine. Kapsaicin zni\u017euje raven sladkorja v krvi, izbolj\u0161uje zdravje srca,<br \/>\npospe\u0161uje cirkulacijo, zdravi \u010drevesne te\u017eave in \u0161\u010diti pred mo\u017egansko kapjo. Zaradi njegove sposobnosti zni\u017eevanja ravni inzulina lahko dodajanje \u010dilijev va\u0161im obrokom<br \/>\npozitivno vpliva na ljudi s prekomerno telesno te\u017eo ali sladkorno boleznijo.<\/p>\n<h4>Benefits of Eating Chilli<\/h4>\n<p>&nbsp;<\/p>\n<p>Ve\u010d o pozitivnih u\u010dinkih \u010dilijev si lahko preberete <a href=\"https:\/\/www.chillicus.com\/en\/?page_id=2095\">HERE<\/a>.<\/p>\n<p>Za vse ljubitelje pikantnih paprik oz. \u010dilijev imamo mo\u017enost nakupa sve\u017eih \u010dilijev s kmetije Pr`Tarana. \u010cilije za vas oberemo, o\u010distimo, pripravimo in po\u0161ljemo na va\u0161<br \/>\nnaslov. Mo\u017enost nakupa tudi ve\u010djih koli\u010din ali nakup samo dolo\u010dene sorte \u010dilijev.<\/p>","protected":false},"excerpt":{"rendered":"<p>To buy fresh chili of a mixed variety or just one type, take a look at our offer. Choose your quantity and ask about our offer of chili fruits.<\/p>","protected":false},"featured_media":2157,"comment_status":"open","ping_status":"closed","template":"","meta":{"site-sidebar-layout":"default","site-content-layout":"default","ast-site-content-layout":"default","site-content-style":"default","site-sidebar-style":"default","ast-global-header-display":"","ast-banner-title-visibility":"","ast-main-header-display":"","ast-hfb-above-header-display":"","ast-hfb-below-header-display":"","ast-hfb-mobile-header-display":"","site-post-title":"","ast-breadcrumbs-content":"","ast-featured-img":"","footer-sml-layout":"","theme-transparent-header-meta":"default","adv-header-id-meta":"","stick-header-meta":"default","header-above-stick-meta":"","header-main-stick-meta":"","header-below-stick-meta":"","astra-migrate-meta-layouts":"set","ast-page-background-enabled":"default","ast-page-background-meta":{"desktop":{"background-color":"","background-image":"","background-repeat":"repeat","background-position":"center center","background-size":"auto","background-attachment":"scroll","background-type":"","background-media":"","overlay-type":"","overlay-color":"","overlay-opacity":"","overlay-gradient":""},"tablet":{"background-color":"","background-image":"","background-repeat":"repeat","background-position":"center center","background-size":"auto","background-attachment":"scroll","background-type":"","background-media":"","overlay-type":"","overlay-color":"","overlay-opacity":"","overlay-gradient":""},"mobile":{"background-color":"","background-image":"","background-repeat":"repeat","background-position":"center center","background-size":"auto","background-attachment":"scroll","background-type":"","background-media":"","overlay-type":"","overlay-color":"","overlay-opacity":"","overlay-gradient":""}},"ast-content-background-meta":{"desktop":{"background-color":"var(--ast-global-color-5)","background-image":"","background-repeat":"repeat","background-position":"center center","background-size":"auto","background-attachment":"scroll","background-type":"","background-media":"","overlay-type":"","overlay-color":"","overlay-opacity":"","overlay-gradient":""},"tablet":{"background-color":"var(--ast-global-color-5)","background-image":"","background-repeat":"repeat","background-position":"center center","background-size":"auto","background-attachment":"scroll","background-type":"","background-media":"","overlay-type":"","overlay-color":"","overlay-opacity":"","overlay-gradient":""},"mobile":{"background-color":"var(--ast-global-color-5)","background-image":"","background-repeat":"repeat","background-position":"center center","background-size":"auto","background-attachment":"scroll","background-type":"","background-media":"","overlay-type":"","overlay-color":"","overlay-opacity":"","overlay-gradient":""}}},"product_brand":[],"product_cat":[38],"product_tag":[],"class_list":{"0":"post-3250","1":"product","2":"type-product","3":"status-publish","4":"has-post-thumbnail","6":"product_cat-svezi-cili","7":"desktop-align-center","8":"tablet-align-left","9":"mobile-align-center","10":"ast-product-gallery-layout-horizontal","11":"ast-product-gallery-with-no-image","12":"ast-magnify-disabled","13":"ast-product-single-variable","14":"ast-product-tabs-layout-horizontal","16":"first","17":"outofstock","18":"taxable","19":"shipping-taxable","20":"purchasable","21":"product-type-variable"},"yoast_head":"<!-- This site is optimized with the Yoast SEO plugin v26.8 - https:\/\/yoast.com\/product\/yoast-seo-wordpress\/ -->\n<title>SVE\u017dI \u010cILI<\/title>\n<meta name=\"description\" content=\"Za vse gurmane, kuharje in ljubitelje pikantnega imamo mo\u017enost nakupa sve\u017eih \u010dilijev od na\u0161ega lokalnega proizvajalca kmetija Pr`Tarana.\" \/>\n<meta name=\"robots\" content=\"index, follow, max-snippet:-1, max-image-preview:large, max-video-preview:-1\" \/>\n<link rel=\"canonical\" href=\"https:\/\/www.chillicus.com\/en\/product\/svezi-cili\/\" \/>\n<meta property=\"og:locale\" content=\"en_US\" \/>\n<meta property=\"og:type\" content=\"article\" \/>\n<meta property=\"og:title\" content=\"SVE\u017dI \u010cILI\" \/>\n<meta property=\"og:description\" content=\"Za vse gurmane, kuharje in ljubitelje pikantnega imamo mo\u017enost nakupa sve\u017eih \u010dilijev od na\u0161ega lokalnega proizvajalca kmetija Pr`Tarana.\" \/>\n<meta property=\"og:url\" content=\"https:\/\/www.chillicus.com\/en\/product\/svezi-cili\/\" \/>\n<meta property=\"article:publisher\" content=\"https:\/\/m.facebook.com\/chillicus\/\" \/>\n<meta property=\"article:modified_time\" content=\"2024-08-26T07:58:22+00:00\" \/>\n<meta property=\"og:image\" content=\"https:\/\/www.chillicus.com\/wp-content\/uploads\/2023\/01\/IMG_6472-scaled.jpg\" \/>\n\t<meta property=\"og:image:width\" content=\"2560\" \/>\n\t<meta property=\"og:image:height\" content=\"1707\" \/>\n\t<meta property=\"og:image:type\" content=\"image\/jpeg\" \/>\n<meta name=\"twitter:card\" content=\"summary_large_image\" \/>\n<meta name=\"twitter:label1\" content=\"Est. reading time\" \/>\n\t<meta name=\"twitter:data1\" content=\"2 minutes\" \/>\n<script type=\"application\/ld+json\" class=\"yoast-schema-graph\">{\"@context\":\"https:\/\/schema.org\",\"@graph\":[{\"@type\":\"WebPage\",\"@id\":\"https:\/\/www.chillicus.com\/izdelek\/svezi-cili\/\",\"url\":\"https:\/\/www.chillicus.com\/izdelek\/svezi-cili\/\",\"name\":\"SVE\u017dI \u010cILI\",\"isPartOf\":{\"@id\":\"https:\/\/www.chillicus.com\/#website\"},\"primaryImageOfPage\":{\"@id\":\"https:\/\/www.chillicus.com\/izdelek\/svezi-cili\/#primaryimage\"},\"image\":{\"@id\":\"https:\/\/www.chillicus.com\/izdelek\/svezi-cili\/#primaryimage\"},\"thumbnailUrl\":\"https:\/\/www.chillicus.com\/wp-content\/uploads\/2023\/01\/IMG_6472-scaled.jpg\",\"datePublished\":\"2023-02-09T10:17:28+00:00\",\"dateModified\":\"2024-08-26T07:58:22+00:00\",\"description\":\"Za vse gurmane, kuharje in ljubitelje pikantnega imamo mo\u017enost nakupa sve\u017eih \u010dilijev od na\u0161ega lokalnega proizvajalca kmetija Pr`Tarana.\",\"breadcrumb\":{\"@id\":\"https:\/\/www.chillicus.com\/izdelek\/svezi-cili\/#breadcrumb\"},\"inLanguage\":\"en-US\",\"potentialAction\":[{\"@type\":\"ReadAction\",\"target\":[\"https:\/\/www.chillicus.com\/izdelek\/svezi-cili\/\"]}]},{\"@type\":\"ImageObject\",\"inLanguage\":\"en-US\",\"@id\":\"https:\/\/www.chillicus.com\/izdelek\/svezi-cili\/#primaryimage\",\"url\":\"https:\/\/www.chillicus.com\/wp-content\/uploads\/2023\/01\/IMG_6472-scaled.jpg\",\"contentUrl\":\"https:\/\/www.chillicus.com\/wp-content\/uploads\/2023\/01\/IMG_6472-scaled.jpg\",\"width\":2560,\"height\":1707,\"caption\":\"Orange habanero white background\"},{\"@type\":\"BreadcrumbList\",\"@id\":\"https:\/\/www.chillicus.com\/izdelek\/svezi-cili\/#breadcrumb\",\"itemListElement\":[{\"@type\":\"ListItem\",\"position\":1,\"name\":\"Home\",\"item\":\"https:\/\/www.chillicus.com\/\"},{\"@type\":\"ListItem\",\"position\":2,\"name\":\"Shop\",\"item\":\"https:\/\/www.chillicus.com\/shop\/\"},{\"@type\":\"ListItem\",\"position\":3,\"name\":\"SVE\u017dI \u010cILI\"}]},{\"@type\":\"WebSite\",\"@id\":\"https:\/\/www.chillicus.com\/#website\",\"url\":\"https:\/\/www.chillicus.com\/\",\"name\":\"Chillicus\",\"description\":\"Online Hot Sauce Store\",\"publisher\":{\"@id\":\"https:\/\/www.chillicus.com\/#\/schema\/person\/3f2701215ea3471622fc4b566ae8a143\"},\"potentialAction\":[{\"@type\":\"SearchAction\",\"target\":{\"@type\":\"EntryPoint\",\"urlTemplate\":\"https:\/\/www.chillicus.com\/?s={search_term_string}\"},\"query-input\":{\"@type\":\"PropertyValueSpecification\",\"valueRequired\":true,\"valueName\":\"search_term_string\"}}],\"inLanguage\":\"en-US\"},{\"@type\":[\"Person\",\"Organization\"],\"@id\":\"https:\/\/www.chillicus.com\/#\/schema\/person\/3f2701215ea3471622fc4b566ae8a143\",\"name\":\"Jaka Plank\",\"image\":{\"@type\":\"ImageObject\",\"inLanguage\":\"en-US\",\"@id\":\"https:\/\/www.chillicus.com\/#\/schema\/person\/image\/\",\"url\":\"https:\/\/www.chillicus.com\/wp-content\/uploads\/2023\/02\/colour-transparent-1-1-1.png\",\"contentUrl\":\"https:\/\/www.chillicus.com\/wp-content\/uploads\/2023\/02\/colour-transparent-1-1-1.png\",\"width\":2028,\"height\":2020,\"caption\":\"Jaka Plank\"},\"logo\":{\"@id\":\"https:\/\/www.chillicus.com\/#\/schema\/person\/image\/\"},\"sameAs\":[\"https:\/\/m.facebook.com\/chillicus\/\",\"https:\/\/www.instagram.com\/chc_chillicus\/\"]}]}<\/script>\n<!-- \/ Yoast SEO plugin. -->","yoast_head_json":{"title":"FRESH CHILLI","description":"Za vse gurmane, kuharje in ljubitelje pikantnega imamo mo\u017enost nakupa sve\u017eih \u010dilijev od na\u0161ega lokalnega proizvajalca kmetija Pr`Tarana.","robots":{"index":"index","follow":"follow","max-snippet":"max-snippet:-1","max-image-preview":"max-image-preview:large","max-video-preview":"max-video-preview:-1"},"canonical":"https:\/\/www.chillicus.com\/en\/product\/svezi-cili\/","og_locale":"en_US","og_type":"article","og_title":"SVE\u017dI \u010cILI","og_description":"Za vse gurmane, kuharje in ljubitelje pikantnega imamo mo\u017enost nakupa sve\u017eih \u010dilijev od na\u0161ega lokalnega proizvajalca kmetija Pr`Tarana.","og_url":"https:\/\/www.chillicus.com\/en\/product\/svezi-cili\/","article_publisher":"https:\/\/m.facebook.com\/chillicus\/","article_modified_time":"2024-08-26T07:58:22+00:00","og_image":[{"width":2560,"height":1707,"url":"https:\/\/www.chillicus.com\/wp-content\/uploads\/2023\/01\/IMG_6472-scaled.jpg","type":"image\/jpeg"}],"twitter_card":"summary_large_image","twitter_misc":{"Est. reading time":"2 minutes"},"schema":{"@context":"https:\/\/schema.org","@graph":[{"@type":"WebPage","@id":"https:\/\/www.chillicus.com\/izdelek\/svezi-cili\/","url":"https:\/\/www.chillicus.com\/izdelek\/svezi-cili\/","name":"FRESH CHILLI","isPartOf":{"@id":"https:\/\/www.chillicus.com\/#website"},"primaryImageOfPage":{"@id":"https:\/\/www.chillicus.com\/izdelek\/svezi-cili\/#primaryimage"},"image":{"@id":"https:\/\/www.chillicus.com\/izdelek\/svezi-cili\/#primaryimage"},"thumbnailUrl":"https:\/\/www.chillicus.com\/wp-content\/uploads\/2023\/01\/IMG_6472-scaled.jpg","datePublished":"2023-02-09T10:17:28+00:00","dateModified":"2024-08-26T07:58:22+00:00","description":"Za vse gurmane, kuharje in ljubitelje pikantnega imamo mo\u017enost nakupa sve\u017eih \u010dilijev od na\u0161ega lokalnega proizvajalca kmetija Pr`Tarana.","breadcrumb":{"@id":"https:\/\/www.chillicus.com\/izdelek\/svezi-cili\/#breadcrumb"},"inLanguage":"en-US","potentialAction":[{"@type":"ReadAction","target":["https:\/\/www.chillicus.com\/izdelek\/svezi-cili\/"]}]},{"@type":"ImageObject","inLanguage":"en-US","@id":"https:\/\/www.chillicus.com\/izdelek\/svezi-cili\/#primaryimage","url":"https:\/\/www.chillicus.com\/wp-content\/uploads\/2023\/01\/IMG_6472-scaled.jpg","contentUrl":"https:\/\/www.chillicus.com\/wp-content\/uploads\/2023\/01\/IMG_6472-scaled.jpg","width":2560,"height":1707,"caption":"Orange habanero white background"},{"@type":"BreadcrumbList","@id":"https:\/\/www.chillicus.com\/izdelek\/svezi-cili\/#breadcrumb","itemListElement":[{"@type":"ListItem","position":1,"name":"Home","item":"https:\/\/www.chillicus.com\/"},{"@type":"ListItem","position":2,"name":"Shop","item":"https:\/\/www.chillicus.com\/shop\/"},{"@type":"ListItem","position":3,"name":"SVE\u017dI \u010cILI"}]},{"@type":"WebSite","@id":"https:\/\/www.chillicus.com\/#website","url":"https:\/\/www.chillicus.com\/","name":"Chillicus","description":"Online Hot Sauce Store","publisher":{"@id":"https:\/\/www.chillicus.com\/#\/schema\/person\/3f2701215ea3471622fc4b566ae8a143"},"potentialAction":[{"@type":"SearchAction","target":{"@type":"EntryPoint","urlTemplate":"https:\/\/www.chillicus.com\/?s={search_term_string}"},"query-input":{"@type":"PropertyValueSpecification","valueRequired":true,"valueName":"search_term_string"}}],"inLanguage":"en-US"},{"@type":["Person","Organization"],"@id":"https:\/\/www.chillicus.com\/#\/schema\/person\/3f2701215ea3471622fc4b566ae8a143","name":"Jaka Plank","image":{"@type":"ImageObject","inLanguage":"en-US","@id":"https:\/\/www.chillicus.com\/#\/schema\/person\/image\/","url":"https:\/\/www.chillicus.com\/wp-content\/uploads\/2023\/02\/colour-transparent-1-1-1.png","contentUrl":"https:\/\/www.chillicus.com\/wp-content\/uploads\/2023\/02\/colour-transparent-1-1-1.png","width":2028,"height":2020,"caption":"Jaka Plank"},"logo":{"@id":"https:\/\/www.chillicus.com\/#\/schema\/person\/image\/"},"sameAs":["https:\/\/m.facebook.com\/chillicus\/","https:\/\/www.instagram.com\/chc_chillicus\/"]}]}},"_links":{"self":[{"href":"https:\/\/www.chillicus.com\/en\/wp-json\/wp\/v2\/product\/3250","targetHints":{"allow":["GET"]}}],"collection":[{"href":"https:\/\/www.chillicus.com\/en\/wp-json\/wp\/v2\/product"}],"about":[{"href":"https:\/\/www.chillicus.com\/en\/wp-json\/wp\/v2\/types\/product"}],"replies":[{"embeddable":true,"href":"https:\/\/www.chillicus.com\/en\/wp-json\/wp\/v2\/comments?post=3250"}],"wp:featuredmedia":[{"embeddable":true,"href":"https:\/\/www.chillicus.com\/en\/wp-json\/wp\/v2\/media\/2157"}],"wp:attachment":[{"href":"https:\/\/www.chillicus.com\/en\/wp-json\/wp\/v2\/media?parent=3250"}],"wp:term":[{"taxonomy":"product_brand","embeddable":true,"href":"https:\/\/www.chillicus.com\/en\/wp-json\/wp\/v2\/product_brand?post=3250"},{"taxonomy":"product_cat","embeddable":true,"href":"https:\/\/www.chillicus.com\/en\/wp-json\/wp\/v2\/product_cat?post=3250"},{"taxonomy":"product_tag","embeddable":true,"href":"https:\/\/www.chillicus.com\/en\/wp-json\/wp\/v2\/product_tag?post=3250"}],"curies":[{"name":"wp","href":"https:\/\/api.w.org\/{rel}","templated":true}]}}