{"id":3937,"date":"2023-04-06T09:31:08","date_gmt":"2023-04-06T07:31:08","guid":{"rendered":"https:\/\/www.chillicus.com\/?post_type=product&#038;p=3937"},"modified":"2025-09-30T10:22:25","modified_gmt":"2025-09-30T08:22:25","slug":"spatula","status":"publish","type":"product","link":"https:\/\/www.chillicus.com\/en\/product\/spatula\/","title":{"rendered":"\u0160patula"},"content":{"rendered":"<p>A wooden spatula made of Slovenian wood is indispensable for cooking. Check our offer and make your own unique spatula.<\/p>\n<p>Using a wooden spatula has many advantages compared to plastic or metal spatulas. A wooden spatula will not damage the surface of your pan or material, as wood is a gentler material. In addition, a wooden spatula will not emit unwanted chemicals such as plastic or metal that can affect the taste of food.<\/p>\n<p>A wooden cooking spatula is also a sustainable choice as it can be reused many times before it wears out. Furthermore, wood can be a renewable resource if properly managed. Thus, by choosing a wooden spatula, you can contribute to reducing the amount of waste and preserving the environment.<\/p>\n<p>When using a wooden equipment, it is important to use it correctly. The wooden material must not be exposed to high temperatures or prolonged exposure to water, as this can cause cracks and deformations. The wooden objects should be cleaned with warm water and mild soap and then dried thoroughly before storing.<\/p>\n<p>Products made of wood always conjure up a touch of nostalgia. Very special\u00a0<strong>domesticity<\/strong>\u00a0and experience with wooden products that can be used as kitchen and household utensils.<\/p>\n<p>One of them is certainly a wooden spatula or \"spatula\", which is very <strong>convenient<\/strong>\u00a0and\u00a0<strong>useful\u00a0<\/strong>and is\u00a0<strong>indispensable\u00a0<\/strong>kitchen gadget. It is made of beech wood and measures 30 cm in length. Of course, there can always be a spatula next to it <a href=\"https:\/\/www.chillicus.com\/en\/product\/prijemalka\/\">gripper<\/a>, which is a must for all grill masters.<\/p>\n<p>Use: For cooking and preparing various dishes. Indispensable kitchen appliance in the household.\u00a0<strong>Wooden products<\/strong>\u00a0they are popular in the household, which makes them easy to use. Different shapes\u00a0<strong>kitchen spatula<\/strong>\u00a0are used for various purposes and are also designed for more demanding customers.<\/p>\n<p>Material:\u00a0<strong>Made of beech wood<\/strong>\u00a0naturally dried.<\/p>\n<p>Product dimensions: 30 x 5.5 cm<\/p>\n<p>You can check more products on our store <a href=\"https:\/\/www.chillicus.com\/en\/trgovina\/\">HERE<\/a>.<\/p>","protected":false},"excerpt":{"rendered":"<p>Wooden spatula for serving and mixing.<\/p>","protected":false},"featured_media":3970,"comment_status":"open","ping_status":"closed","template":"","meta":{"site-sidebar-layout":"default","site-content-layout":"default","ast-site-content-layout":"default","site-content-style":"default","site-sidebar-style":"default","ast-global-header-display":"","ast-banner-title-visibility":"","ast-main-header-display":"","ast-hfb-above-header-display":"","ast-hfb-below-header-display":"","ast-hfb-mobile-header-display":"","site-post-title":"","ast-breadcrumbs-content":"","ast-featured-img":"","footer-sml-layout":"","theme-transparent-header-meta":"default","adv-header-id-meta":"","stick-header-meta":"default","header-above-stick-meta":"","header-main-stick-meta":"","header-below-stick-meta":"","astra-migrate-meta-layouts":"set","ast-page-background-enabled":"default","ast-page-background-meta":{"desktop":{"background-color":"","background-image":"","background-repeat":"repeat","background-position":"center center","background-size":"auto","background-attachment":"scroll","background-type":"","background-media":"","overlay-type":"","overlay-color":"","overlay-opacity":"","overlay-gradient":""},"tablet":{"background-color":"","background-image":"","background-repeat":"repeat","background-position":"center center","background-size":"auto","background-attachment":"scroll","background-type":"","background-media":"","overlay-type":"","overlay-color":"","overlay-opacity":"","overlay-gradient":""},"mobile":{"background-color":"","background-image":"","background-repeat":"repeat","background-position":"center center","background-size":"auto","background-attachment":"scroll","background-type":"","background-media":"","overlay-type":"","overlay-color":"","overlay-opacity":"","overlay-gradient":""}},"ast-content-background-meta":{"desktop":{"background-color":"var(--ast-global-color-5)","background-image":"","background-repeat":"repeat","background-position":"center center","background-size":"auto","background-attachment":"scroll","background-type":"","background-media":"","overlay-type":"","overlay-color":"","overlay-opacity":"","overlay-gradient":""},"tablet":{"background-color":"var(--ast-global-color-5)","background-image":"","background-repeat":"repeat","background-position":"center center","background-size":"auto","background-attachment":"scroll","background-type":"","background-media":"","overlay-type":"","overlay-color":"","overlay-opacity":"","overlay-gradient":""},"mobile":{"background-color":"var(--ast-global-color-5)","background-image":"","background-repeat":"repeat","background-position":"center center","background-size":"auto","background-attachment":"scroll","background-type":"","background-media":"","overlay-type":"","overlay-color":"","overlay-opacity":"","overlay-gradient":""}}},"product_brand":[],"product_cat":[40],"product_tag":[],"class_list":{"0":"post-3937","1":"product","2":"type-product","3":"status-publish","4":"has-post-thumbnail","6":"product_cat-ostali-izdelki-chillicus","7":"desktop-align-center","8":"tablet-align-left","9":"mobile-align-center","10":"ast-product-gallery-layout-horizontal","11":"ast-product-gallery-with-no-image","12":"ast-magnify-disabled","13":"ast-product-single-variable","14":"ast-product-tabs-layout-horizontal","16":"first","17":"instock","18":"taxable","19":"shipping-taxable","20":"purchasable","21":"product-type-variable"},"yoast_head":"<!-- This site is optimized with the Yoast SEO plugin v26.8 - https:\/\/yoast.com\/product\/yoast-seo-wordpress\/ -->\n<title>\u0160patula<\/title>\n<meta name=\"description\" content=\"Lesena \u0161patula za serviranje in me\u0161anje. Narejena iz bukovega lesa in naravno posu\u0161ena. Slovenski izdelek pridelan in proizveden iz slovenskega lesa.\" \/>\n<meta name=\"robots\" content=\"index, follow, max-snippet:-1, max-image-preview:large, max-video-preview:-1\" \/>\n<link rel=\"canonical\" href=\"https:\/\/www.chillicus.com\/en\/product\/spatula\/\" \/>\n<meta property=\"og:locale\" content=\"en_US\" \/>\n<meta property=\"og:type\" content=\"article\" \/>\n<meta property=\"og:title\" content=\"\u0160patula\" \/>\n<meta property=\"og:description\" content=\"Lesena \u0161patula za serviranje in me\u0161anje. Narejena iz bukovega lesa in naravno posu\u0161ena. Slovenski izdelek pridelan in proizveden iz slovenskega lesa.\" \/>\n<meta property=\"og:url\" content=\"https:\/\/www.chillicus.com\/en\/product\/spatula\/\" \/>\n<meta property=\"article:publisher\" content=\"https:\/\/m.facebook.com\/chillicus\/\" \/>\n<meta property=\"article:modified_time\" content=\"2025-09-30T08:22:25+00:00\" \/>\n<meta property=\"og:image\" content=\"https:\/\/www.chillicus.com\/wp-content\/uploads\/2023\/04\/IMG_6569-scaled.jpg\" \/>\n\t<meta property=\"og:image:width\" content=\"1707\" \/>\n\t<meta property=\"og:image:height\" content=\"2560\" \/>\n\t<meta property=\"og:image:type\" content=\"image\/jpeg\" \/>\n<meta name=\"twitter:card\" content=\"summary_large_image\" \/>\n<meta name=\"twitter:label1\" content=\"Est. reading time\" \/>\n\t<meta name=\"twitter:data1\" content=\"2 minutes\" \/>\n<script type=\"application\/ld+json\" class=\"yoast-schema-graph\">{\"@context\":\"https:\/\/schema.org\",\"@graph\":[{\"@type\":\"WebPage\",\"@id\":\"https:\/\/www.chillicus.com\/izdelek\/spatula\/\",\"url\":\"https:\/\/www.chillicus.com\/izdelek\/spatula\/\",\"name\":\"\u0160patula\",\"isPartOf\":{\"@id\":\"https:\/\/www.chillicus.com\/#website\"},\"primaryImageOfPage\":{\"@id\":\"https:\/\/www.chillicus.com\/izdelek\/spatula\/#primaryimage\"},\"image\":{\"@id\":\"https:\/\/www.chillicus.com\/izdelek\/spatula\/#primaryimage\"},\"thumbnailUrl\":\"https:\/\/www.chillicus.com\/wp-content\/uploads\/2023\/04\/IMG_6569-scaled.jpg\",\"datePublished\":\"2023-04-06T07:31:08+00:00\",\"dateModified\":\"2025-09-30T08:22:25+00:00\",\"description\":\"Lesena \u0161patula za serviranje in me\u0161anje. Narejena iz bukovega lesa in naravno posu\u0161ena. Slovenski izdelek pridelan in proizveden iz slovenskega lesa.\",\"breadcrumb\":{\"@id\":\"https:\/\/www.chillicus.com\/izdelek\/spatula\/#breadcrumb\"},\"inLanguage\":\"en-US\",\"potentialAction\":[{\"@type\":\"ReadAction\",\"target\":[\"https:\/\/www.chillicus.com\/izdelek\/spatula\/\"]}]},{\"@type\":\"ImageObject\",\"inLanguage\":\"en-US\",\"@id\":\"https:\/\/www.chillicus.com\/izdelek\/spatula\/#primaryimage\",\"url\":\"https:\/\/www.chillicus.com\/wp-content\/uploads\/2023\/04\/IMG_6569-scaled.jpg\",\"contentUrl\":\"https:\/\/www.chillicus.com\/wp-content\/uploads\/2023\/04\/IMG_6569-scaled.jpg\",\"width\":1707,\"height\":2560,\"caption\":\"spatula\"},{\"@type\":\"BreadcrumbList\",\"@id\":\"https:\/\/www.chillicus.com\/izdelek\/spatula\/#breadcrumb\",\"itemListElement\":[{\"@type\":\"ListItem\",\"position\":1,\"name\":\"Home\",\"item\":\"https:\/\/www.chillicus.com\/\"},{\"@type\":\"ListItem\",\"position\":2,\"name\":\"Shop\",\"item\":\"https:\/\/www.chillicus.com\/shop\/\"},{\"@type\":\"ListItem\",\"position\":3,\"name\":\"\u0160patula\"}]},{\"@type\":\"WebSite\",\"@id\":\"https:\/\/www.chillicus.com\/#website\",\"url\":\"https:\/\/www.chillicus.com\/\",\"name\":\"Chillicus\",\"description\":\"Online Hot Sauce Store\",\"publisher\":{\"@id\":\"https:\/\/www.chillicus.com\/#\/schema\/person\/3f2701215ea3471622fc4b566ae8a143\"},\"potentialAction\":[{\"@type\":\"SearchAction\",\"target\":{\"@type\":\"EntryPoint\",\"urlTemplate\":\"https:\/\/www.chillicus.com\/?s={search_term_string}\"},\"query-input\":{\"@type\":\"PropertyValueSpecification\",\"valueRequired\":true,\"valueName\":\"search_term_string\"}}],\"inLanguage\":\"en-US\"},{\"@type\":[\"Person\",\"Organization\"],\"@id\":\"https:\/\/www.chillicus.com\/#\/schema\/person\/3f2701215ea3471622fc4b566ae8a143\",\"name\":\"Jaka Plank\",\"image\":{\"@type\":\"ImageObject\",\"inLanguage\":\"en-US\",\"@id\":\"https:\/\/www.chillicus.com\/#\/schema\/person\/image\/\",\"url\":\"https:\/\/www.chillicus.com\/wp-content\/uploads\/2023\/02\/colour-transparent-1-1-1.png\",\"contentUrl\":\"https:\/\/www.chillicus.com\/wp-content\/uploads\/2023\/02\/colour-transparent-1-1-1.png\",\"width\":2028,\"height\":2020,\"caption\":\"Jaka Plank\"},\"logo\":{\"@id\":\"https:\/\/www.chillicus.com\/#\/schema\/person\/image\/\"},\"sameAs\":[\"https:\/\/m.facebook.com\/chillicus\/\",\"https:\/\/www.instagram.com\/chc_chillicus\/\"]}]}<\/script>\n<!-- \/ Yoast SEO plugin. -->","yoast_head_json":{"title":"\u0160patula","description":"Lesena \u0161patula za serviranje in me\u0161anje. Narejena iz bukovega lesa in naravno posu\u0161ena. Slovenski izdelek pridelan in proizveden iz slovenskega lesa.","robots":{"index":"index","follow":"follow","max-snippet":"max-snippet:-1","max-image-preview":"max-image-preview:large","max-video-preview":"max-video-preview:-1"},"canonical":"https:\/\/www.chillicus.com\/en\/product\/spatula\/","og_locale":"en_US","og_type":"article","og_title":"\u0160patula","og_description":"Lesena \u0161patula za serviranje in me\u0161anje. Narejena iz bukovega lesa in naravno posu\u0161ena. Slovenski izdelek pridelan in proizveden iz slovenskega lesa.","og_url":"https:\/\/www.chillicus.com\/en\/product\/spatula\/","article_publisher":"https:\/\/m.facebook.com\/chillicus\/","article_modified_time":"2025-09-30T08:22:25+00:00","og_image":[{"width":1707,"height":2560,"url":"https:\/\/www.chillicus.com\/wp-content\/uploads\/2023\/04\/IMG_6569-scaled.jpg","type":"image\/jpeg"}],"twitter_card":"summary_large_image","twitter_misc":{"Est. reading time":"2 minutes"},"schema":{"@context":"https:\/\/schema.org","@graph":[{"@type":"WebPage","@id":"https:\/\/www.chillicus.com\/izdelek\/spatula\/","url":"https:\/\/www.chillicus.com\/izdelek\/spatula\/","name":"\u0160patula","isPartOf":{"@id":"https:\/\/www.chillicus.com\/#website"},"primaryImageOfPage":{"@id":"https:\/\/www.chillicus.com\/izdelek\/spatula\/#primaryimage"},"image":{"@id":"https:\/\/www.chillicus.com\/izdelek\/spatula\/#primaryimage"},"thumbnailUrl":"https:\/\/www.chillicus.com\/wp-content\/uploads\/2023\/04\/IMG_6569-scaled.jpg","datePublished":"2023-04-06T07:31:08+00:00","dateModified":"2025-09-30T08:22:25+00:00","description":"Lesena \u0161patula za serviranje in me\u0161anje. Narejena iz bukovega lesa in naravno posu\u0161ena. Slovenski izdelek pridelan in proizveden iz slovenskega lesa.","breadcrumb":{"@id":"https:\/\/www.chillicus.com\/izdelek\/spatula\/#breadcrumb"},"inLanguage":"en-US","potentialAction":[{"@type":"ReadAction","target":["https:\/\/www.chillicus.com\/izdelek\/spatula\/"]}]},{"@type":"ImageObject","inLanguage":"en-US","@id":"https:\/\/www.chillicus.com\/izdelek\/spatula\/#primaryimage","url":"https:\/\/www.chillicus.com\/wp-content\/uploads\/2023\/04\/IMG_6569-scaled.jpg","contentUrl":"https:\/\/www.chillicus.com\/wp-content\/uploads\/2023\/04\/IMG_6569-scaled.jpg","width":1707,"height":2560,"caption":"spatula"},{"@type":"BreadcrumbList","@id":"https:\/\/www.chillicus.com\/izdelek\/spatula\/#breadcrumb","itemListElement":[{"@type":"ListItem","position":1,"name":"Home","item":"https:\/\/www.chillicus.com\/"},{"@type":"ListItem","position":2,"name":"Shop","item":"https:\/\/www.chillicus.com\/shop\/"},{"@type":"ListItem","position":3,"name":"\u0160patula"}]},{"@type":"WebSite","@id":"https:\/\/www.chillicus.com\/#website","url":"https:\/\/www.chillicus.com\/","name":"Chillicus","description":"Online Hot Sauce Store","publisher":{"@id":"https:\/\/www.chillicus.com\/#\/schema\/person\/3f2701215ea3471622fc4b566ae8a143"},"potentialAction":[{"@type":"SearchAction","target":{"@type":"EntryPoint","urlTemplate":"https:\/\/www.chillicus.com\/?s={search_term_string}"},"query-input":{"@type":"PropertyValueSpecification","valueRequired":true,"valueName":"search_term_string"}}],"inLanguage":"en-US"},{"@type":["Person","Organization"],"@id":"https:\/\/www.chillicus.com\/#\/schema\/person\/3f2701215ea3471622fc4b566ae8a143","name":"Jaka Plank","image":{"@type":"ImageObject","inLanguage":"en-US","@id":"https:\/\/www.chillicus.com\/#\/schema\/person\/image\/","url":"https:\/\/www.chillicus.com\/wp-content\/uploads\/2023\/02\/colour-transparent-1-1-1.png","contentUrl":"https:\/\/www.chillicus.com\/wp-content\/uploads\/2023\/02\/colour-transparent-1-1-1.png","width":2028,"height":2020,"caption":"Jaka Plank"},"logo":{"@id":"https:\/\/www.chillicus.com\/#\/schema\/person\/image\/"},"sameAs":["https:\/\/m.facebook.com\/chillicus\/","https:\/\/www.instagram.com\/chc_chillicus\/"]}]}},"_links":{"self":[{"href":"https:\/\/www.chillicus.com\/en\/wp-json\/wp\/v2\/product\/3937","targetHints":{"allow":["GET"]}}],"collection":[{"href":"https:\/\/www.chillicus.com\/en\/wp-json\/wp\/v2\/product"}],"about":[{"href":"https:\/\/www.chillicus.com\/en\/wp-json\/wp\/v2\/types\/product"}],"replies":[{"embeddable":true,"href":"https:\/\/www.chillicus.com\/en\/wp-json\/wp\/v2\/comments?post=3937"}],"wp:featuredmedia":[{"embeddable":true,"href":"https:\/\/www.chillicus.com\/en\/wp-json\/wp\/v2\/media\/3970"}],"wp:attachment":[{"href":"https:\/\/www.chillicus.com\/en\/wp-json\/wp\/v2\/media?parent=3937"}],"wp:term":[{"taxonomy":"product_brand","embeddable":true,"href":"https:\/\/www.chillicus.com\/en\/wp-json\/wp\/v2\/product_brand?post=3937"},{"taxonomy":"product_cat","embeddable":true,"href":"https:\/\/www.chillicus.com\/en\/wp-json\/wp\/v2\/product_cat?post=3937"},{"taxonomy":"product_tag","embeddable":true,"href":"https:\/\/www.chillicus.com\/en\/wp-json\/wp\/v2\/product_tag?post=3937"}],"curies":[{"name":"wp","href":"https:\/\/api.w.org\/{rel}","templated":true}]}}