{"id":4482,"date":"2024-10-23T18:08:35","date_gmt":"2024-10-23T16:08:35","guid":{"rendered":"https:\/\/www.chillicus.com\/?post_type=product&#038;p=4482"},"modified":"2025-09-30T10:22:25","modified_gmt":"2025-09-30T08:22:25","slug":"darilni-seti-2","status":"publish","type":"product","link":"https:\/\/www.chillicus.com\/en\/product\/darilni-seti-2\/","title":{"rendered":"Gift sets"},"content":{"rendered":"<p><strong>Darilni set za ljubitelje peko\u010dih omak in \u010dili izdelkov<\/strong><\/p>\n<p>I\u0161\u010dete popolno darilo za nekoga, ki obo\u017euje peko\u010de okuse? Na\u0161i darilni seti s peko\u010dimi omakami in \u010dili izdelki so odli\u010dna izbira za vse ljubitelje za\u010dinjene hrane. V vsakem darilnem setu najdete skrbno izbrane peko\u010de omake, suhe \u010dilije , za\u010dimbne me\u0161anice in druge \u010dili specialitete, ki bodo navdu\u0161ile vsakogar, ki u\u017eiva v pikantnih okusih. Ve\u010d si lahko tudi na spletni strani <a href=\"https:\/\/www.chillicus.com\/en\/shop\/\">HOT SAUCES<\/a><\/p>\n<p>Na\u0161i darilni seti vsebujejo izdelke, pripravljene iz sve\u017eih \u010dilijev, brez umetnih dodatkov, z raznolikimi stopnjami peko\u010dnosti \u2013 od blagih omak za za\u010detnike do izjemno vro\u010dih omak za prave poznavalce. Vsak set je zasnovan z mislijo na razli\u010dne okuse in prilo\u017enosti, zato lahko izberete darilo, ki bo ustrezalo tako za rojstne dneve, obletnice ali posebne prilo\u017enosti, kot tudi za vse, ki \u017eelijo dodati malo ognja svoji kuhinji.<\/p>\n<p>Poleg peko\u010dih omak v na\u0161ih darilnih setih lahko najdete tudi ekskluzivne \u010dili izdelke, kot so \u010dili med, \u010dili olje in pikantne za\u010dimbne me\u0161anice, ki jih ne boste na\u0161li nikjer drugje. Darilni seti so lepo pakirani, kar zagotavlja, da bodo navdu\u0161ili \u017ee na prvi pogled.<\/p>\n<p><strong>Zakaj izbrati na\u0161e darilne sete?<\/strong><\/p>\n<ul>\n<li><strong>Kakovostne sestavine:<\/strong> Na\u0161e peko\u010de omake in \u010dili izdelki so narejeni iz sve\u017eih, lokalno pridelanih \u010dilijev, brez umetnih barvil ali konzervansov.<\/li>\n<li><strong>Ro\u010dno izdelano:<\/strong> Vsak izdelek je narejen ro\u010dno, z veliko pozornosti do detajlov in strasti do ustvarjanja odli\u010dnih okusov.<\/li>\n<li><strong>Razli\u010dne stopnje peko\u010dnosti:<\/strong> I\u0161\u010dete blag okus ali nekaj res vro\u010dega, na\u0161i darilni seti ponujajo \u0161irok nabor okusov za vse okuse.<\/li>\n<\/ul>\n<p>Razveselite svoje najdra\u017eje z darilom, ki ga bodo \u0161e dolgo pomnili. Izberite na\u0161 darilni set s peko\u010dimi omakami in \u010dili izdelki ter pri\u010darajte nepozabno izku\u0161njo pikantnosti!<\/p>","protected":false},"excerpt":{"rendered":"<p>I\u0161\u010dete popolno darilo za nekoga, ki obo\u017euje peko\u010de okuse? Na\u0161i darilni seti s peko\u010dimi omakami in \u010dili izdelki so odli\u010dna izbira za vse ljubitelje za\u010dinjene hrane.<\/p>","protected":false},"featured_media":4483,"comment_status":"open","ping_status":"closed","template":"","meta":{"site-sidebar-layout":"default","site-content-layout":"","ast-site-content-layout":"default","site-content-style":"default","site-sidebar-style":"default","ast-global-header-display":"","ast-banner-title-visibility":"","ast-main-header-display":"","ast-hfb-above-header-display":"","ast-hfb-below-header-display":"","ast-hfb-mobile-header-display":"","site-post-title":"","ast-breadcrumbs-content":"","ast-featured-img":"","footer-sml-layout":"","theme-transparent-header-meta":"default","adv-header-id-meta":"","stick-header-meta":"default","header-above-stick-meta":"","header-main-stick-meta":"","header-below-stick-meta":"","astra-migrate-meta-layouts":"set","ast-page-background-enabled":"default","ast-page-background-meta":{"desktop":{"background-color":"","background-image":"","background-repeat":"repeat","background-position":"center center","background-size":"auto","background-attachment":"scroll","background-type":"","background-media":"","overlay-type":"","overlay-color":"","overlay-opacity":"","overlay-gradient":""},"tablet":{"background-color":"","background-image":"","background-repeat":"repeat","background-position":"center center","background-size":"auto","background-attachment":"scroll","background-type":"","background-media":"","overlay-type":"","overlay-color":"","overlay-opacity":"","overlay-gradient":""},"mobile":{"background-color":"","background-image":"","background-repeat":"repeat","background-position":"center center","background-size":"auto","background-attachment":"scroll","background-type":"","background-media":"","overlay-type":"","overlay-color":"","overlay-opacity":"","overlay-gradient":""}},"ast-content-background-meta":{"desktop":{"background-color":"var(--ast-global-color-5)","background-image":"","background-repeat":"repeat","background-position":"center center","background-size":"auto","background-attachment":"scroll","background-type":"","background-media":"","overlay-type":"","overlay-color":"","overlay-opacity":"","overlay-gradient":""},"tablet":{"background-color":"var(--ast-global-color-5)","background-image":"","background-repeat":"repeat","background-position":"center center","background-size":"auto","background-attachment":"scroll","background-type":"","background-media":"","overlay-type":"","overlay-color":"","overlay-opacity":"","overlay-gradient":""},"mobile":{"background-color":"var(--ast-global-color-5)","background-image":"","background-repeat":"repeat","background-position":"center center","background-size":"auto","background-attachment":"scroll","background-type":"","background-media":"","overlay-type":"","overlay-color":"","overlay-opacity":"","overlay-gradient":""}}},"product_brand":[],"product_cat":[42],"product_tag":[],"class_list":{"0":"post-4482","1":"product","2":"type-product","3":"status-publish","4":"has-post-thumbnail","6":"product_cat-darilni-seti","7":"desktop-align-center","8":"tablet-align-left","9":"mobile-align-center","10":"ast-product-gallery-layout-horizontal","11":"ast-magnify-disabled","12":"ast-product-tabs-layout-horizontal","14":"first","15":"instock","16":"taxable","17":"shipping-taxable","18":"purchasable","19":"product-type-woosb"},"yoast_head":"<!-- This site is optimized with the Yoast SEO plugin v26.8 - https:\/\/yoast.com\/product\/yoast-seo-wordpress\/ -->\n<title>Darilni seti<\/title>\n<meta name=\"description\" content=\"Na\u0161i darilni seti vsebujejo izdelke, pripravljene iz sve\u017eih \u010dilijev, brez umetnih dodatkov, z raznolikimi stopnjami peko\u010dnosti.\" \/>\n<meta name=\"robots\" content=\"index, follow, max-snippet:-1, max-image-preview:large, max-video-preview:-1\" \/>\n<link rel=\"canonical\" href=\"https:\/\/www.chillicus.com\/en\/product\/darilni-seti-2\/\" \/>\n<meta property=\"og:locale\" content=\"en_US\" \/>\n<meta property=\"og:type\" content=\"article\" \/>\n<meta property=\"og:title\" content=\"Darilni seti\" \/>\n<meta property=\"og:description\" content=\"Na\u0161i darilni seti vsebujejo izdelke, pripravljene iz sve\u017eih \u010dilijev, brez umetnih dodatkov, z raznolikimi stopnjami peko\u010dnosti.\" \/>\n<meta property=\"og:url\" content=\"https:\/\/www.chillicus.com\/en\/product\/darilni-seti-2\/\" \/>\n<meta property=\"article:publisher\" content=\"https:\/\/m.facebook.com\/chillicus\/\" \/>\n<meta property=\"article:modified_time\" content=\"2025-09-30T08:22:25+00:00\" \/>\n<meta property=\"og:image\" content=\"https:\/\/www.chillicus.com\/wp-content\/uploads\/2024\/10\/Chillicus-54-scaled.jpg\" \/>\n\t<meta property=\"og:image:width\" content=\"2560\" \/>\n\t<meta property=\"og:image:height\" content=\"1707\" \/>\n\t<meta property=\"og:image:type\" content=\"image\/jpeg\" \/>\n<meta name=\"twitter:card\" content=\"summary_large_image\" \/>\n<meta name=\"twitter:label1\" content=\"Est. reading time\" \/>\n\t<meta name=\"twitter:data1\" content=\"2 minutes\" \/>\n<script type=\"application\/ld+json\" class=\"yoast-schema-graph\">{\"@context\":\"https:\/\/schema.org\",\"@graph\":[{\"@type\":\"WebPage\",\"@id\":\"https:\/\/www.chillicus.com\/izdelek\/darilni-seti-2\/\",\"url\":\"https:\/\/www.chillicus.com\/izdelek\/darilni-seti-2\/\",\"name\":\"Darilni seti\",\"isPartOf\":{\"@id\":\"https:\/\/www.chillicus.com\/#website\"},\"primaryImageOfPage\":{\"@id\":\"https:\/\/www.chillicus.com\/izdelek\/darilni-seti-2\/#primaryimage\"},\"image\":{\"@id\":\"https:\/\/www.chillicus.com\/izdelek\/darilni-seti-2\/#primaryimage\"},\"thumbnailUrl\":\"https:\/\/www.chillicus.com\/wp-content\/uploads\/2024\/10\/Chillicus-54-scaled.jpg\",\"datePublished\":\"2024-10-23T16:08:35+00:00\",\"dateModified\":\"2025-09-30T08:22:25+00:00\",\"description\":\"Na\u0161i darilni seti vsebujejo izdelke, pripravljene iz sve\u017eih \u010dilijev, brez umetnih dodatkov, z raznolikimi stopnjami peko\u010dnosti.\",\"breadcrumb\":{\"@id\":\"https:\/\/www.chillicus.com\/izdelek\/darilni-seti-2\/#breadcrumb\"},\"inLanguage\":\"en-US\",\"potentialAction\":[{\"@type\":\"ReadAction\",\"target\":[\"https:\/\/www.chillicus.com\/izdelek\/darilni-seti-2\/\"]}]},{\"@type\":\"ImageObject\",\"inLanguage\":\"en-US\",\"@id\":\"https:\/\/www.chillicus.com\/izdelek\/darilni-seti-2\/#primaryimage\",\"url\":\"https:\/\/www.chillicus.com\/wp-content\/uploads\/2024\/10\/Chillicus-54-scaled.jpg\",\"contentUrl\":\"https:\/\/www.chillicus.com\/wp-content\/uploads\/2024\/10\/Chillicus-54-scaled.jpg\",\"width\":2560,\"height\":1707,\"caption\":\"darilni seti\"},{\"@type\":\"BreadcrumbList\",\"@id\":\"https:\/\/www.chillicus.com\/izdelek\/darilni-seti-2\/#breadcrumb\",\"itemListElement\":[{\"@type\":\"ListItem\",\"position\":1,\"name\":\"Home\",\"item\":\"https:\/\/www.chillicus.com\/\"},{\"@type\":\"ListItem\",\"position\":2,\"name\":\"Shop\",\"item\":\"https:\/\/www.chillicus.com\/shop\/\"},{\"@type\":\"ListItem\",\"position\":3,\"name\":\"Darilni seti\"}]},{\"@type\":\"WebSite\",\"@id\":\"https:\/\/www.chillicus.com\/#website\",\"url\":\"https:\/\/www.chillicus.com\/\",\"name\":\"Chillicus\",\"description\":\"Online Hot Sauce Store\",\"publisher\":{\"@id\":\"https:\/\/www.chillicus.com\/#\/schema\/person\/3f2701215ea3471622fc4b566ae8a143\"},\"potentialAction\":[{\"@type\":\"SearchAction\",\"target\":{\"@type\":\"EntryPoint\",\"urlTemplate\":\"https:\/\/www.chillicus.com\/?s={search_term_string}\"},\"query-input\":{\"@type\":\"PropertyValueSpecification\",\"valueRequired\":true,\"valueName\":\"search_term_string\"}}],\"inLanguage\":\"en-US\"},{\"@type\":[\"Person\",\"Organization\"],\"@id\":\"https:\/\/www.chillicus.com\/#\/schema\/person\/3f2701215ea3471622fc4b566ae8a143\",\"name\":\"Jaka Plank\",\"image\":{\"@type\":\"ImageObject\",\"inLanguage\":\"en-US\",\"@id\":\"https:\/\/www.chillicus.com\/#\/schema\/person\/image\/\",\"url\":\"https:\/\/www.chillicus.com\/wp-content\/uploads\/2023\/02\/colour-transparent-1-1-1.png\",\"contentUrl\":\"https:\/\/www.chillicus.com\/wp-content\/uploads\/2023\/02\/colour-transparent-1-1-1.png\",\"width\":2028,\"height\":2020,\"caption\":\"Jaka Plank\"},\"logo\":{\"@id\":\"https:\/\/www.chillicus.com\/#\/schema\/person\/image\/\"},\"sameAs\":[\"https:\/\/m.facebook.com\/chillicus\/\",\"https:\/\/www.instagram.com\/chc_chillicus\/\"]}]}<\/script>\n<!-- \/ Yoast SEO plugin. -->","yoast_head_json":{"title":"Gift sets","description":"Na\u0161i darilni seti vsebujejo izdelke, pripravljene iz sve\u017eih \u010dilijev, brez umetnih dodatkov, z raznolikimi stopnjami peko\u010dnosti.","robots":{"index":"index","follow":"follow","max-snippet":"max-snippet:-1","max-image-preview":"max-image-preview:large","max-video-preview":"max-video-preview:-1"},"canonical":"https:\/\/www.chillicus.com\/en\/product\/darilni-seti-2\/","og_locale":"en_US","og_type":"article","og_title":"Darilni seti","og_description":"Na\u0161i darilni seti vsebujejo izdelke, pripravljene iz sve\u017eih \u010dilijev, brez umetnih dodatkov, z raznolikimi stopnjami peko\u010dnosti.","og_url":"https:\/\/www.chillicus.com\/en\/product\/darilni-seti-2\/","article_publisher":"https:\/\/m.facebook.com\/chillicus\/","article_modified_time":"2025-09-30T08:22:25+00:00","og_image":[{"width":2560,"height":1707,"url":"https:\/\/www.chillicus.com\/wp-content\/uploads\/2024\/10\/Chillicus-54-scaled.jpg","type":"image\/jpeg"}],"twitter_card":"summary_large_image","twitter_misc":{"Est. reading time":"2 minutes"},"schema":{"@context":"https:\/\/schema.org","@graph":[{"@type":"WebPage","@id":"https:\/\/www.chillicus.com\/izdelek\/darilni-seti-2\/","url":"https:\/\/www.chillicus.com\/izdelek\/darilni-seti-2\/","name":"Gift sets","isPartOf":{"@id":"https:\/\/www.chillicus.com\/#website"},"primaryImageOfPage":{"@id":"https:\/\/www.chillicus.com\/izdelek\/darilni-seti-2\/#primaryimage"},"image":{"@id":"https:\/\/www.chillicus.com\/izdelek\/darilni-seti-2\/#primaryimage"},"thumbnailUrl":"https:\/\/www.chillicus.com\/wp-content\/uploads\/2024\/10\/Chillicus-54-scaled.jpg","datePublished":"2024-10-23T16:08:35+00:00","dateModified":"2025-09-30T08:22:25+00:00","description":"Na\u0161i darilni seti vsebujejo izdelke, pripravljene iz sve\u017eih \u010dilijev, brez umetnih dodatkov, z raznolikimi stopnjami peko\u010dnosti.","breadcrumb":{"@id":"https:\/\/www.chillicus.com\/izdelek\/darilni-seti-2\/#breadcrumb"},"inLanguage":"en-US","potentialAction":[{"@type":"ReadAction","target":["https:\/\/www.chillicus.com\/izdelek\/darilni-seti-2\/"]}]},{"@type":"ImageObject","inLanguage":"en-US","@id":"https:\/\/www.chillicus.com\/izdelek\/darilni-seti-2\/#primaryimage","url":"https:\/\/www.chillicus.com\/wp-content\/uploads\/2024\/10\/Chillicus-54-scaled.jpg","contentUrl":"https:\/\/www.chillicus.com\/wp-content\/uploads\/2024\/10\/Chillicus-54-scaled.jpg","width":2560,"height":1707,"caption":"darilni seti"},{"@type":"BreadcrumbList","@id":"https:\/\/www.chillicus.com\/izdelek\/darilni-seti-2\/#breadcrumb","itemListElement":[{"@type":"ListItem","position":1,"name":"Home","item":"https:\/\/www.chillicus.com\/"},{"@type":"ListItem","position":2,"name":"Shop","item":"https:\/\/www.chillicus.com\/shop\/"},{"@type":"ListItem","position":3,"name":"Darilni seti"}]},{"@type":"WebSite","@id":"https:\/\/www.chillicus.com\/#website","url":"https:\/\/www.chillicus.com\/","name":"Chillicus","description":"Online Hot Sauce Store","publisher":{"@id":"https:\/\/www.chillicus.com\/#\/schema\/person\/3f2701215ea3471622fc4b566ae8a143"},"potentialAction":[{"@type":"SearchAction","target":{"@type":"EntryPoint","urlTemplate":"https:\/\/www.chillicus.com\/?s={search_term_string}"},"query-input":{"@type":"PropertyValueSpecification","valueRequired":true,"valueName":"search_term_string"}}],"inLanguage":"en-US"},{"@type":["Person","Organization"],"@id":"https:\/\/www.chillicus.com\/#\/schema\/person\/3f2701215ea3471622fc4b566ae8a143","name":"Jaka Plank","image":{"@type":"ImageObject","inLanguage":"en-US","@id":"https:\/\/www.chillicus.com\/#\/schema\/person\/image\/","url":"https:\/\/www.chillicus.com\/wp-content\/uploads\/2023\/02\/colour-transparent-1-1-1.png","contentUrl":"https:\/\/www.chillicus.com\/wp-content\/uploads\/2023\/02\/colour-transparent-1-1-1.png","width":2028,"height":2020,"caption":"Jaka Plank"},"logo":{"@id":"https:\/\/www.chillicus.com\/#\/schema\/person\/image\/"},"sameAs":["https:\/\/m.facebook.com\/chillicus\/","https:\/\/www.instagram.com\/chc_chillicus\/"]}]}},"_links":{"self":[{"href":"https:\/\/www.chillicus.com\/en\/wp-json\/wp\/v2\/product\/4482","targetHints":{"allow":["GET"]}}],"collection":[{"href":"https:\/\/www.chillicus.com\/en\/wp-json\/wp\/v2\/product"}],"about":[{"href":"https:\/\/www.chillicus.com\/en\/wp-json\/wp\/v2\/types\/product"}],"replies":[{"embeddable":true,"href":"https:\/\/www.chillicus.com\/en\/wp-json\/wp\/v2\/comments?post=4482"}],"wp:featuredmedia":[{"embeddable":true,"href":"https:\/\/www.chillicus.com\/en\/wp-json\/wp\/v2\/media\/4483"}],"wp:attachment":[{"href":"https:\/\/www.chillicus.com\/en\/wp-json\/wp\/v2\/media?parent=4482"}],"wp:term":[{"taxonomy":"product_brand","embeddable":true,"href":"https:\/\/www.chillicus.com\/en\/wp-json\/wp\/v2\/product_brand?post=4482"},{"taxonomy":"product_cat","embeddable":true,"href":"https:\/\/www.chillicus.com\/en\/wp-json\/wp\/v2\/product_cat?post=4482"},{"taxonomy":"product_tag","embeddable":true,"href":"https:\/\/www.chillicus.com\/en\/wp-json\/wp\/v2\/product_tag?post=4482"}],"curies":[{"name":"wp","href":"https:\/\/api.w.org\/{rel}","templated":true}]}}