{"id":51,"date":"2019-01-23T10:58:34","date_gmt":"2019-01-23T10:58:34","guid":{"rendered":"https:\/\/chillicus.com\/product\/mini-san-pedro-cactus\/"},"modified":"2024-12-09T20:11:35","modified_gmt":"2024-12-09T19:11:35","slug":"trinidad-moruga-scorpion","status":"publish","type":"product","link":"https:\/\/www.chillicus.com\/en\/product\/trinidad-moruga-scorpion\/","title":{"rendered":"TRINIDAD MORUGA SCORPION"},"content":{"rendered":"<p>TRINIDAD MORUGA SCORPION posu\u0161en \u010dili. Imate \u017eeljo, da bi va\u0161im jedem dodali peko\u010dino in ostrino? Uporabite na\u0161 \u010dili Scorpion!. Maruga Scorpion Chilli je sorta kitajske vrste Capsicum, ki spada v dru\u017eino paprik. Scorpion Maruga, imenovan tudi TRINIDAD SCORPION, mo\u010dno spominja na <a href=\"https:\/\/www.chillicus.com\/en\/product\/habanero-cili\/\">Habanero<\/a> in Scotch Bonnet\u2013 toda SCORPION oba premaga s svojo ekstremno vro\u010dino in peko\u010dino! \u010cilije Maruga Scorpion nabiramo, ko so najbolj zreli in jih nato posu\u0161imo, da ohranijo svoj edinstven okus.<\/p>\n<p>Trinidad moruga Scorpion je prava poslastica za ljubitelje ekstremnih paprik, ki \u017eelijo izmeriti svoje brbon\u010dice na tej stopnji ekstremne vro\u010dine. Je produktivna sorta paprike, ki bo velikodu\u0161no popla\u010dala trud svojega pridelovalca.<\/p>\n<p>Scorpion \u010dili spada med najbolj pikantne \u010dilije na svetu, zato ni potrebe po velikem doziranju. \u010ceprav so paprike Trinidad Scorpion med najbolj peko\u010dimi na svetu, jih nikar<br \/>\nne odpi\u0161ite kot prepeko\u010de, ki bi jih bilo nemogo\u010de obdelati, in razmislite o vseh na\u010dinih, kako lahko te ognjene majhne \u010dilije vklju\u010dite v svojo kuhinjo.<\/p>\n<p>Check out the rest of our offer <a href=\"https:\/\/www.chillicus.com\/en\/?page_id=11\">HERE<\/a>.<\/p>\n<p><span style=\"font-weight: 400;\">Mandatory use of gloves.<\/span><\/p>\n<p>KOLI\u010cINA: 15g<\/p>","protected":false},"excerpt":{"rendered":"<p><span style=\"font-weight: 400;\">Imate \u017eeljo, da bi va\u0161im jedem dodali peko\u010dino in ostrino? Uporabite na\u0161 \u010dili Scorpion!\u00a0 Scorpion \u010dili spada med najbolj pikantne \u010dilije na svetu, zato ni potrebe po velikem doziranju.<\/span><\/p>","protected":false},"featured_media":3787,"comment_status":"open","ping_status":"closed","template":"","meta":{"site-sidebar-layout":"default","site-content-layout":"default","ast-site-content-layout":"default","site-content-style":"default","site-sidebar-style":"default","ast-global-header-display":"","ast-banner-title-visibility":"","ast-main-header-display":"","ast-hfb-above-header-display":"","ast-hfb-below-header-display":"","ast-hfb-mobile-header-display":"","site-post-title":"","ast-breadcrumbs-content":"","ast-featured-img":"","footer-sml-layout":"","theme-transparent-header-meta":"default","adv-header-id-meta":"","stick-header-meta":"default","header-above-stick-meta":"","header-main-stick-meta":"","header-below-stick-meta":"","astra-migrate-meta-layouts":"set","ast-page-background-enabled":"default","ast-page-background-meta":{"desktop":{"background-color":"","background-image":"","background-repeat":"repeat","background-position":"center center","background-size":"auto","background-attachment":"scroll","background-type":"","background-media":"","overlay-type":"","overlay-color":"","overlay-opacity":"","overlay-gradient":""},"tablet":{"background-color":"","background-image":"","background-repeat":"repeat","background-position":"center center","background-size":"auto","background-attachment":"scroll","background-type":"","background-media":"","overlay-type":"","overlay-color":"","overlay-opacity":"","overlay-gradient":""},"mobile":{"background-color":"","background-image":"","background-repeat":"repeat","background-position":"center center","background-size":"auto","background-attachment":"scroll","background-type":"","background-media":"","overlay-type":"","overlay-color":"","overlay-opacity":"","overlay-gradient":""}},"ast-content-background-meta":{"desktop":{"background-color":"var(--ast-global-color-5)","background-image":"","background-repeat":"repeat","background-position":"center center","background-size":"auto","background-attachment":"scroll","background-type":"","background-media":"","overlay-type":"","overlay-color":"","overlay-opacity":"","overlay-gradient":""},"tablet":{"background-color":"var(--ast-global-color-5)","background-image":"","background-repeat":"repeat","background-position":"center center","background-size":"auto","background-attachment":"scroll","background-type":"","background-media":"","overlay-type":"","overlay-color":"","overlay-opacity":"","overlay-gradient":""},"mobile":{"background-color":"var(--ast-global-color-5)","background-image":"","background-repeat":"repeat","background-position":"center center","background-size":"auto","background-attachment":"scroll","background-type":"","background-media":"","overlay-type":"","overlay-color":"","overlay-opacity":"","overlay-gradient":""}}},"product_brand":[],"product_cat":[33],"product_tag":[],"class_list":{"0":"post-51","1":"product","2":"type-product","3":"status-publish","4":"has-post-thumbnail","6":"product_cat-suhi-cili","7":"desktop-align-center","8":"tablet-align-left","9":"mobile-align-center","10":"ast-product-gallery-layout-horizontal","11":"ast-magnify-disabled","12":"ast-product-tabs-layout-horizontal","14":"first","15":"instock","16":"taxable","17":"shipping-taxable","18":"purchasable","19":"product-type-simple"},"yoast_head":"<!-- This site is optimized with the Yoast SEO plugin v26.8 - https:\/\/yoast.com\/product\/yoast-seo-wordpress\/ -->\n<title>TRINIDAD MORUGA SCORPION<\/title>\n<meta name=\"description\" content=\"Trinidad moruga Scorpion \u010dili spada med najbolj pikantnimi \u010diliji na svetu. Zaradi intezivnega in peko\u010dega okusa \u017ee majhna koli\u010dina zadosti.\" \/>\n<meta name=\"robots\" content=\"index, follow, max-snippet:-1, max-image-preview:large, max-video-preview:-1\" \/>\n<link rel=\"canonical\" href=\"https:\/\/www.chillicus.com\/en\/product\/trinidad-moruga-scorpion\/\" \/>\n<meta property=\"og:locale\" content=\"en_US\" \/>\n<meta property=\"og:type\" content=\"article\" \/>\n<meta property=\"og:title\" content=\"TRINIDAD MORUGA SCORPION\" \/>\n<meta property=\"og:description\" content=\"Trinidad moruga Scorpion \u010dili spada med najbolj pikantnimi \u010diliji na svetu. Zaradi intezivnega in peko\u010dega okusa \u017ee majhna koli\u010dina zadosti.\" \/>\n<meta property=\"og:url\" content=\"https:\/\/www.chillicus.com\/en\/product\/trinidad-moruga-scorpion\/\" \/>\n<meta property=\"article:publisher\" content=\"https:\/\/m.facebook.com\/chillicus\/\" \/>\n<meta property=\"article:modified_time\" content=\"2024-12-09T19:11:35+00:00\" \/>\n<meta property=\"og:image\" content=\"https:\/\/www.chillicus.com\/wp-content\/uploads\/2019\/01\/Scorpion-scaled.jpg\" \/>\n\t<meta property=\"og:image:width\" content=\"1793\" \/>\n\t<meta property=\"og:image:height\" content=\"2560\" \/>\n\t<meta property=\"og:image:type\" content=\"image\/jpeg\" \/>\n<meta name=\"twitter:card\" content=\"summary_large_image\" \/>\n<meta name=\"twitter:label1\" content=\"Est. reading time\" \/>\n\t<meta name=\"twitter:data1\" content=\"2 minutes\" \/>\n<script type=\"application\/ld+json\" class=\"yoast-schema-graph\">{\"@context\":\"https:\/\/schema.org\",\"@graph\":[{\"@type\":\"WebPage\",\"@id\":\"https:\/\/www.chillicus.com\/izdelek\/trinidad-moruga-scorpion\/\",\"url\":\"https:\/\/www.chillicus.com\/izdelek\/trinidad-moruga-scorpion\/\",\"name\":\"TRINIDAD MORUGA SCORPION\",\"isPartOf\":{\"@id\":\"https:\/\/www.chillicus.com\/#website\"},\"primaryImageOfPage\":{\"@id\":\"https:\/\/www.chillicus.com\/izdelek\/trinidad-moruga-scorpion\/#primaryimage\"},\"image\":{\"@id\":\"https:\/\/www.chillicus.com\/izdelek\/trinidad-moruga-scorpion\/#primaryimage\"},\"thumbnailUrl\":\"https:\/\/www.chillicus.com\/wp-content\/uploads\/2019\/01\/Scorpion-scaled.jpg\",\"datePublished\":\"2019-01-23T10:58:34+00:00\",\"dateModified\":\"2024-12-09T19:11:35+00:00\",\"description\":\"Trinidad moruga Scorpion \u010dili spada med najbolj pikantnimi \u010diliji na svetu. Zaradi intezivnega in peko\u010dega okusa \u017ee majhna koli\u010dina zadosti.\",\"breadcrumb\":{\"@id\":\"https:\/\/www.chillicus.com\/izdelek\/trinidad-moruga-scorpion\/#breadcrumb\"},\"inLanguage\":\"en-US\",\"potentialAction\":[{\"@type\":\"ReadAction\",\"target\":[\"https:\/\/www.chillicus.com\/izdelek\/trinidad-moruga-scorpion\/\"]}]},{\"@type\":\"ImageObject\",\"inLanguage\":\"en-US\",\"@id\":\"https:\/\/www.chillicus.com\/izdelek\/trinidad-moruga-scorpion\/#primaryimage\",\"url\":\"https:\/\/www.chillicus.com\/wp-content\/uploads\/2019\/01\/Scorpion-scaled.jpg\",\"contentUrl\":\"https:\/\/www.chillicus.com\/wp-content\/uploads\/2019\/01\/Scorpion-scaled.jpg\",\"width\":1793,\"height\":2560,\"caption\":\"Trinidad Moruga Scorpion\"},{\"@type\":\"BreadcrumbList\",\"@id\":\"https:\/\/www.chillicus.com\/izdelek\/trinidad-moruga-scorpion\/#breadcrumb\",\"itemListElement\":[{\"@type\":\"ListItem\",\"position\":1,\"name\":\"Home\",\"item\":\"https:\/\/www.chillicus.com\/\"},{\"@type\":\"ListItem\",\"position\":2,\"name\":\"Shop\",\"item\":\"https:\/\/www.chillicus.com\/shop\/\"},{\"@type\":\"ListItem\",\"position\":3,\"name\":\"TRINIDAD MORUGA SCORPION\"}]},{\"@type\":\"WebSite\",\"@id\":\"https:\/\/www.chillicus.com\/#website\",\"url\":\"https:\/\/www.chillicus.com\/\",\"name\":\"Chillicus\",\"description\":\"Online Hot Sauce Store\",\"publisher\":{\"@id\":\"https:\/\/www.chillicus.com\/#\/schema\/person\/3f2701215ea3471622fc4b566ae8a143\"},\"potentialAction\":[{\"@type\":\"SearchAction\",\"target\":{\"@type\":\"EntryPoint\",\"urlTemplate\":\"https:\/\/www.chillicus.com\/?s={search_term_string}\"},\"query-input\":{\"@type\":\"PropertyValueSpecification\",\"valueRequired\":true,\"valueName\":\"search_term_string\"}}],\"inLanguage\":\"en-US\"},{\"@type\":[\"Person\",\"Organization\"],\"@id\":\"https:\/\/www.chillicus.com\/#\/schema\/person\/3f2701215ea3471622fc4b566ae8a143\",\"name\":\"Jaka Plank\",\"image\":{\"@type\":\"ImageObject\",\"inLanguage\":\"en-US\",\"@id\":\"https:\/\/www.chillicus.com\/#\/schema\/person\/image\/\",\"url\":\"https:\/\/www.chillicus.com\/wp-content\/uploads\/2023\/02\/colour-transparent-1-1-1.png\",\"contentUrl\":\"https:\/\/www.chillicus.com\/wp-content\/uploads\/2023\/02\/colour-transparent-1-1-1.png\",\"width\":2028,\"height\":2020,\"caption\":\"Jaka Plank\"},\"logo\":{\"@id\":\"https:\/\/www.chillicus.com\/#\/schema\/person\/image\/\"},\"sameAs\":[\"https:\/\/m.facebook.com\/chillicus\/\",\"https:\/\/www.instagram.com\/chc_chillicus\/\"]}]}<\/script>\n<!-- \/ Yoast SEO plugin. -->","yoast_head_json":{"title":"TRINIDAD MORUGA SCORPION","description":"Trinidad moruga Scorpion \u010dili spada med najbolj pikantnimi \u010diliji na svetu. Zaradi intezivnega in peko\u010dega okusa \u017ee majhna koli\u010dina zadosti.","robots":{"index":"index","follow":"follow","max-snippet":"max-snippet:-1","max-image-preview":"max-image-preview:large","max-video-preview":"max-video-preview:-1"},"canonical":"https:\/\/www.chillicus.com\/en\/product\/trinidad-moruga-scorpion\/","og_locale":"en_US","og_type":"article","og_title":"TRINIDAD MORUGA SCORPION","og_description":"Trinidad moruga Scorpion \u010dili spada med najbolj pikantnimi \u010diliji na svetu. Zaradi intezivnega in peko\u010dega okusa \u017ee majhna koli\u010dina zadosti.","og_url":"https:\/\/www.chillicus.com\/en\/product\/trinidad-moruga-scorpion\/","article_publisher":"https:\/\/m.facebook.com\/chillicus\/","article_modified_time":"2024-12-09T19:11:35+00:00","og_image":[{"width":1793,"height":2560,"url":"https:\/\/www.chillicus.com\/wp-content\/uploads\/2019\/01\/Scorpion-scaled.jpg","type":"image\/jpeg"}],"twitter_card":"summary_large_image","twitter_misc":{"Est. reading time":"2 minutes"},"schema":{"@context":"https:\/\/schema.org","@graph":[{"@type":"WebPage","@id":"https:\/\/www.chillicus.com\/izdelek\/trinidad-moruga-scorpion\/","url":"https:\/\/www.chillicus.com\/izdelek\/trinidad-moruga-scorpion\/","name":"TRINIDAD MORUGA SCORPION","isPartOf":{"@id":"https:\/\/www.chillicus.com\/#website"},"primaryImageOfPage":{"@id":"https:\/\/www.chillicus.com\/izdelek\/trinidad-moruga-scorpion\/#primaryimage"},"image":{"@id":"https:\/\/www.chillicus.com\/izdelek\/trinidad-moruga-scorpion\/#primaryimage"},"thumbnailUrl":"https:\/\/www.chillicus.com\/wp-content\/uploads\/2019\/01\/Scorpion-scaled.jpg","datePublished":"2019-01-23T10:58:34+00:00","dateModified":"2024-12-09T19:11:35+00:00","description":"Trinidad moruga Scorpion \u010dili spada med najbolj pikantnimi \u010diliji na svetu. Zaradi intezivnega in peko\u010dega okusa \u017ee majhna koli\u010dina zadosti.","breadcrumb":{"@id":"https:\/\/www.chillicus.com\/izdelek\/trinidad-moruga-scorpion\/#breadcrumb"},"inLanguage":"en-US","potentialAction":[{"@type":"ReadAction","target":["https:\/\/www.chillicus.com\/izdelek\/trinidad-moruga-scorpion\/"]}]},{"@type":"ImageObject","inLanguage":"en-US","@id":"https:\/\/www.chillicus.com\/izdelek\/trinidad-moruga-scorpion\/#primaryimage","url":"https:\/\/www.chillicus.com\/wp-content\/uploads\/2019\/01\/Scorpion-scaled.jpg","contentUrl":"https:\/\/www.chillicus.com\/wp-content\/uploads\/2019\/01\/Scorpion-scaled.jpg","width":1793,"height":2560,"caption":"Trinidad Moruga Scorpion"},{"@type":"BreadcrumbList","@id":"https:\/\/www.chillicus.com\/izdelek\/trinidad-moruga-scorpion\/#breadcrumb","itemListElement":[{"@type":"ListItem","position":1,"name":"Home","item":"https:\/\/www.chillicus.com\/"},{"@type":"ListItem","position":2,"name":"Shop","item":"https:\/\/www.chillicus.com\/shop\/"},{"@type":"ListItem","position":3,"name":"TRINIDAD MORUGA SCORPION"}]},{"@type":"WebSite","@id":"https:\/\/www.chillicus.com\/#website","url":"https:\/\/www.chillicus.com\/","name":"Chillicus","description":"Online Hot Sauce Store","publisher":{"@id":"https:\/\/www.chillicus.com\/#\/schema\/person\/3f2701215ea3471622fc4b566ae8a143"},"potentialAction":[{"@type":"SearchAction","target":{"@type":"EntryPoint","urlTemplate":"https:\/\/www.chillicus.com\/?s={search_term_string}"},"query-input":{"@type":"PropertyValueSpecification","valueRequired":true,"valueName":"search_term_string"}}],"inLanguage":"en-US"},{"@type":["Person","Organization"],"@id":"https:\/\/www.chillicus.com\/#\/schema\/person\/3f2701215ea3471622fc4b566ae8a143","name":"Jaka Plank","image":{"@type":"ImageObject","inLanguage":"en-US","@id":"https:\/\/www.chillicus.com\/#\/schema\/person\/image\/","url":"https:\/\/www.chillicus.com\/wp-content\/uploads\/2023\/02\/colour-transparent-1-1-1.png","contentUrl":"https:\/\/www.chillicus.com\/wp-content\/uploads\/2023\/02\/colour-transparent-1-1-1.png","width":2028,"height":2020,"caption":"Jaka Plank"},"logo":{"@id":"https:\/\/www.chillicus.com\/#\/schema\/person\/image\/"},"sameAs":["https:\/\/m.facebook.com\/chillicus\/","https:\/\/www.instagram.com\/chc_chillicus\/"]}]}},"_links":{"self":[{"href":"https:\/\/www.chillicus.com\/en\/wp-json\/wp\/v2\/product\/51","targetHints":{"allow":["GET"]}}],"collection":[{"href":"https:\/\/www.chillicus.com\/en\/wp-json\/wp\/v2\/product"}],"about":[{"href":"https:\/\/www.chillicus.com\/en\/wp-json\/wp\/v2\/types\/product"}],"replies":[{"embeddable":true,"href":"https:\/\/www.chillicus.com\/en\/wp-json\/wp\/v2\/comments?post=51"}],"wp:featuredmedia":[{"embeddable":true,"href":"https:\/\/www.chillicus.com\/en\/wp-json\/wp\/v2\/media\/3787"}],"wp:attachment":[{"href":"https:\/\/www.chillicus.com\/en\/wp-json\/wp\/v2\/media?parent=51"}],"wp:term":[{"taxonomy":"product_brand","embeddable":true,"href":"https:\/\/www.chillicus.com\/en\/wp-json\/wp\/v2\/product_brand?post=51"},{"taxonomy":"product_cat","embeddable":true,"href":"https:\/\/www.chillicus.com\/en\/wp-json\/wp\/v2\/product_cat?post=51"},{"taxonomy":"product_tag","embeddable":true,"href":"https:\/\/www.chillicus.com\/en\/wp-json\/wp\/v2\/product_tag?post=51"}],"curies":[{"name":"wp","href":"https:\/\/api.w.org\/{rel}","templated":true}]}}