{"id":52,"date":"2019-01-23T10:58:30","date_gmt":"2019-01-23T10:58:30","guid":{"rendered":"https:\/\/chillicus.com\/product\/cleistocactus\/"},"modified":"2026-03-24T18:26:26","modified_gmt":"2026-03-24T17:26:26","slug":"carolina-reaper","status":"publish","type":"product","link":"https:\/\/www.chillicus.com\/en\/product\/carolina-reaper\/","title":{"rendered":"CAROLINA REAPER"},"content":{"rendered":"<p>CAROLINA REAPER je eden izmed najbolj pikantnih \u010dilijev na svetu, zato za ustvarjanje peko\u010dine va\u0161ih jedi ni potrebno dodati velike koli\u010dine tega posu\u0161enega \u010dilija.<br \/>\nCarolina reaper izhaja iz ZDA in je najbolj pikanten \u010dili na trgu.<\/p>\n<p>Su\u0161en \u010dili ima zelo mo\u010dan in intenziven vonj zato previdnost ni odve\u010d. Pikanost \u010dilija je ekstremna pri zau\u017eitju in ima<br \/>\nzakasnjen u\u010dinek peko\u010dine. Medtem ko nekateri ob\u010dutek ob u\u017eivanju Carolina Reaperja opisujejo kot po\u017eiranje lave, je \u010dili nepri\u010dakovano sadnega okusa. To daje ob\u010dutek sladkosti na jeziku, preden nastopi ekstremna vro\u010dina.<\/p>\n<p>\u010cili Carolina Reaper je nov hibrid iz dru\u017eine Capsicum Chinense, pridelan v Ju\u017eni Karolini ZDA, pridobljen s kri\u017eanjem dveh vrst izjemno peko\u010dih paprik, pakistanske Naga<br \/>\nMorich in Red Habanero. \u010cili reaper je od leta 2013 najbolj peko\u010d \u010dili na svetu in se je zaradi tega uvrstil celo v Guinnessovo knjigo rekordov. Lahko dose\u017ee do 2.400.000 Scoville \u2013 za primerjavo, obrambni spraj ima v povpre\u010dju 2.000.000 Scoville.<\/p>\n<p>Poglejte si \u0161e ostalo ponudbo <a href=\"https:\/\/www.chillicus.com\/en\/?page_id=11\">HERE<\/a>.<\/p>\n<p>ADVICE FOR USE<\/p>\n<p>Uporabite cel kos posu\u0161enega \u010dilija med kuhanjem va\u0161e jedi, po koncu kuhanja pa ga umaknite iz jedi, da vam jed ne bo preve\u010d pikantna. Majhno koli\u010dino sesekljajte v omake in marinade ter u\u017eivajte v kuhanju in pe\u010denju.<\/p>\n<p>DISCLAIMER AND LIABILITY<\/p>\n<p>Uporabljajte skrajno previdno. Ta \u010dili je izjemno peko\u010d. Ravnanje s tem izdelkom na lastno odgovornost. Ni primerno za otroke.<\/p>\n<p>Mandatory use of gloves.<\/p>\n<p>QUANTITY:<\/p>\n<p>15 g<\/p>","protected":false},"excerpt":{"rendered":"<p><span style=\"font-weight: 400;\">Su\u0161eni \u010dili ima zelo mo\u010dan in intenziven vonj zato previdnost ni odve\u010d. Pikantnost \u010dilija je ekstremna pri zau\u017eitvi, ima pa tudi zakasnjen u\u010dinek peko\u010dine.<\/span><\/p>","protected":false},"featured_media":3790,"comment_status":"open","ping_status":"closed","template":"","meta":{"site-sidebar-layout":"default","site-content-layout":"default","ast-site-content-layout":"default","site-content-style":"default","site-sidebar-style":"default","ast-global-header-display":"","ast-banner-title-visibility":"","ast-main-header-display":"","ast-hfb-above-header-display":"","ast-hfb-below-header-display":"","ast-hfb-mobile-header-display":"","site-post-title":"","ast-breadcrumbs-content":"","ast-featured-img":"","footer-sml-layout":"","theme-transparent-header-meta":"default","adv-header-id-meta":"","stick-header-meta":"default","header-above-stick-meta":"","header-main-stick-meta":"","header-below-stick-meta":"","astra-migrate-meta-layouts":"set","ast-page-background-enabled":"default","ast-page-background-meta":{"desktop":{"background-color":"","background-image":"","background-repeat":"repeat","background-position":"center center","background-size":"auto","background-attachment":"scroll","background-type":"","background-media":"","overlay-type":"","overlay-color":"","overlay-opacity":"","overlay-gradient":""},"tablet":{"background-color":"","background-image":"","background-repeat":"repeat","background-position":"center center","background-size":"auto","background-attachment":"scroll","background-type":"","background-media":"","overlay-type":"","overlay-color":"","overlay-opacity":"","overlay-gradient":""},"mobile":{"background-color":"","background-image":"","background-repeat":"repeat","background-position":"center center","background-size":"auto","background-attachment":"scroll","background-type":"","background-media":"","overlay-type":"","overlay-color":"","overlay-opacity":"","overlay-gradient":""}},"ast-content-background-meta":{"desktop":{"background-color":"var(--ast-global-color-5)","background-image":"","background-repeat":"repeat","background-position":"center center","background-size":"auto","background-attachment":"scroll","background-type":"","background-media":"","overlay-type":"","overlay-color":"","overlay-opacity":"","overlay-gradient":""},"tablet":{"background-color":"var(--ast-global-color-5)","background-image":"","background-repeat":"repeat","background-position":"center center","background-size":"auto","background-attachment":"scroll","background-type":"","background-media":"","overlay-type":"","overlay-color":"","overlay-opacity":"","overlay-gradient":""},"mobile":{"background-color":"var(--ast-global-color-5)","background-image":"","background-repeat":"repeat","background-position":"center center","background-size":"auto","background-attachment":"scroll","background-type":"","background-media":"","overlay-type":"","overlay-color":"","overlay-opacity":"","overlay-gradient":""}}},"product_brand":[],"product_cat":[33],"product_tag":[],"class_list":{"0":"post-52","1":"product","2":"type-product","3":"status-publish","4":"has-post-thumbnail","6":"product_cat-suhi-cili","7":"desktop-align-center","8":"tablet-align-left","9":"mobile-align-center","10":"ast-product-gallery-layout-horizontal","11":"ast-magnify-disabled","12":"ast-product-tabs-layout-horizontal","14":"first","15":"outofstock","16":"featured","17":"taxable","18":"shipping-taxable","19":"purchasable","20":"product-type-simple"},"yoast_head":"<!-- This site is optimized with the Yoast SEO plugin v26.8 - https:\/\/yoast.com\/product\/yoast-seo-wordpress\/ -->\n<title>CAROLINA REAPER<\/title>\n<meta name=\"description\" content=\"Carolina reaper izhaja iz ZDA in je najbolj pikanten \u010dili na trgu. Su\u0161en \u010dili ima zelo mo\u010dan in intenziven vonj zato previdnost ni odve\u010d.\" \/>\n<meta name=\"robots\" content=\"index, follow, max-snippet:-1, max-image-preview:large, max-video-preview:-1\" \/>\n<link rel=\"canonical\" href=\"https:\/\/www.chillicus.com\/en\/product\/carolina-reaper\/\" \/>\n<meta property=\"og:locale\" content=\"en_US\" \/>\n<meta property=\"og:type\" content=\"article\" \/>\n<meta property=\"og:title\" content=\"CAROLINA REAPER\" \/>\n<meta property=\"og:description\" content=\"Carolina reaper izhaja iz ZDA in je najbolj pikanten \u010dili na trgu. Su\u0161en \u010dili ima zelo mo\u010dan in intenziven vonj zato previdnost ni odve\u010d.\" \/>\n<meta property=\"og:url\" content=\"https:\/\/www.chillicus.com\/en\/product\/carolina-reaper\/\" \/>\n<meta property=\"article:publisher\" content=\"https:\/\/m.facebook.com\/chillicus\/\" \/>\n<meta property=\"article:modified_time\" content=\"2026-03-24T17:26:26+00:00\" \/>\n<meta property=\"og:image\" content=\"https:\/\/www.chillicus.com\/wp-content\/uploads\/2019\/01\/Carolina-Reaper-scaled.jpg\" \/>\n\t<meta property=\"og:image:width\" content=\"1793\" \/>\n\t<meta property=\"og:image:height\" content=\"2560\" \/>\n\t<meta property=\"og:image:type\" content=\"image\/jpeg\" \/>\n<meta name=\"twitter:card\" content=\"summary_large_image\" \/>\n<meta name=\"twitter:label1\" content=\"Est. reading time\" \/>\n\t<meta name=\"twitter:data1\" content=\"2 minutes\" \/>\n<script type=\"application\/ld+json\" class=\"yoast-schema-graph\">{\"@context\":\"https:\/\/schema.org\",\"@graph\":[{\"@type\":\"WebPage\",\"@id\":\"https:\/\/www.chillicus.com\/izdelek\/carolina-reaper\/\",\"url\":\"https:\/\/www.chillicus.com\/izdelek\/carolina-reaper\/\",\"name\":\"CAROLINA REAPER\",\"isPartOf\":{\"@id\":\"https:\/\/www.chillicus.com\/#website\"},\"primaryImageOfPage\":{\"@id\":\"https:\/\/www.chillicus.com\/izdelek\/carolina-reaper\/#primaryimage\"},\"image\":{\"@id\":\"https:\/\/www.chillicus.com\/izdelek\/carolina-reaper\/#primaryimage\"},\"thumbnailUrl\":\"https:\/\/www.chillicus.com\/wp-content\/uploads\/2019\/01\/Carolina-Reaper-scaled.jpg\",\"datePublished\":\"2019-01-23T10:58:30+00:00\",\"dateModified\":\"2026-03-24T17:26:26+00:00\",\"description\":\"Carolina reaper izhaja iz ZDA in je najbolj pikanten \u010dili na trgu. Su\u0161en \u010dili ima zelo mo\u010dan in intenziven vonj zato previdnost ni odve\u010d.\",\"breadcrumb\":{\"@id\":\"https:\/\/www.chillicus.com\/izdelek\/carolina-reaper\/#breadcrumb\"},\"inLanguage\":\"en-US\",\"potentialAction\":[{\"@type\":\"ReadAction\",\"target\":[\"https:\/\/www.chillicus.com\/izdelek\/carolina-reaper\/\"]}]},{\"@type\":\"ImageObject\",\"inLanguage\":\"en-US\",\"@id\":\"https:\/\/www.chillicus.com\/izdelek\/carolina-reaper\/#primaryimage\",\"url\":\"https:\/\/www.chillicus.com\/wp-content\/uploads\/2019\/01\/Carolina-Reaper-scaled.jpg\",\"contentUrl\":\"https:\/\/www.chillicus.com\/wp-content\/uploads\/2019\/01\/Carolina-Reaper-scaled.jpg\",\"width\":1793,\"height\":2560,\"caption\":\"Carolina Reaper\"},{\"@type\":\"BreadcrumbList\",\"@id\":\"https:\/\/www.chillicus.com\/izdelek\/carolina-reaper\/#breadcrumb\",\"itemListElement\":[{\"@type\":\"ListItem\",\"position\":1,\"name\":\"Home\",\"item\":\"https:\/\/www.chillicus.com\/\"},{\"@type\":\"ListItem\",\"position\":2,\"name\":\"Shop\",\"item\":\"https:\/\/www.chillicus.com\/shop\/\"},{\"@type\":\"ListItem\",\"position\":3,\"name\":\"CAROLINA REAPER\"}]},{\"@type\":\"WebSite\",\"@id\":\"https:\/\/www.chillicus.com\/#website\",\"url\":\"https:\/\/www.chillicus.com\/\",\"name\":\"Chillicus\",\"description\":\"Online Hot Sauce Store\",\"publisher\":{\"@id\":\"https:\/\/www.chillicus.com\/#\/schema\/person\/3f2701215ea3471622fc4b566ae8a143\"},\"potentialAction\":[{\"@type\":\"SearchAction\",\"target\":{\"@type\":\"EntryPoint\",\"urlTemplate\":\"https:\/\/www.chillicus.com\/?s={search_term_string}\"},\"query-input\":{\"@type\":\"PropertyValueSpecification\",\"valueRequired\":true,\"valueName\":\"search_term_string\"}}],\"inLanguage\":\"en-US\"},{\"@type\":[\"Person\",\"Organization\"],\"@id\":\"https:\/\/www.chillicus.com\/#\/schema\/person\/3f2701215ea3471622fc4b566ae8a143\",\"name\":\"Jaka Plank\",\"image\":{\"@type\":\"ImageObject\",\"inLanguage\":\"en-US\",\"@id\":\"https:\/\/www.chillicus.com\/#\/schema\/person\/image\/\",\"url\":\"https:\/\/www.chillicus.com\/wp-content\/uploads\/2023\/02\/colour-transparent-1-1-1.png\",\"contentUrl\":\"https:\/\/www.chillicus.com\/wp-content\/uploads\/2023\/02\/colour-transparent-1-1-1.png\",\"width\":2028,\"height\":2020,\"caption\":\"Jaka Plank\"},\"logo\":{\"@id\":\"https:\/\/www.chillicus.com\/#\/schema\/person\/image\/\"},\"sameAs\":[\"https:\/\/m.facebook.com\/chillicus\/\",\"https:\/\/www.instagram.com\/chc_chillicus\/\"]}]}<\/script>\n<!-- \/ Yoast SEO plugin. -->","yoast_head_json":{"title":"CAROLINA REAPER","description":"Carolina reaper izhaja iz ZDA in je najbolj pikanten \u010dili na trgu. Su\u0161en \u010dili ima zelo mo\u010dan in intenziven vonj zato previdnost ni odve\u010d.","robots":{"index":"index","follow":"follow","max-snippet":"max-snippet:-1","max-image-preview":"max-image-preview:large","max-video-preview":"max-video-preview:-1"},"canonical":"https:\/\/www.chillicus.com\/en\/product\/carolina-reaper\/","og_locale":"en_US","og_type":"article","og_title":"CAROLINA REAPER","og_description":"Carolina reaper izhaja iz ZDA in je najbolj pikanten \u010dili na trgu. Su\u0161en \u010dili ima zelo mo\u010dan in intenziven vonj zato previdnost ni odve\u010d.","og_url":"https:\/\/www.chillicus.com\/en\/product\/carolina-reaper\/","article_publisher":"https:\/\/m.facebook.com\/chillicus\/","article_modified_time":"2026-03-24T17:26:26+00:00","og_image":[{"width":1793,"height":2560,"url":"https:\/\/www.chillicus.com\/wp-content\/uploads\/2019\/01\/Carolina-Reaper-scaled.jpg","type":"image\/jpeg"}],"twitter_card":"summary_large_image","twitter_misc":{"Est. reading time":"2 minutes"},"schema":{"@context":"https:\/\/schema.org","@graph":[{"@type":"WebPage","@id":"https:\/\/www.chillicus.com\/izdelek\/carolina-reaper\/","url":"https:\/\/www.chillicus.com\/izdelek\/carolina-reaper\/","name":"CAROLINA REAPER","isPartOf":{"@id":"https:\/\/www.chillicus.com\/#website"},"primaryImageOfPage":{"@id":"https:\/\/www.chillicus.com\/izdelek\/carolina-reaper\/#primaryimage"},"image":{"@id":"https:\/\/www.chillicus.com\/izdelek\/carolina-reaper\/#primaryimage"},"thumbnailUrl":"https:\/\/www.chillicus.com\/wp-content\/uploads\/2019\/01\/Carolina-Reaper-scaled.jpg","datePublished":"2019-01-23T10:58:30+00:00","dateModified":"2026-03-24T17:26:26+00:00","description":"Carolina reaper izhaja iz ZDA in je najbolj pikanten \u010dili na trgu. Su\u0161en \u010dili ima zelo mo\u010dan in intenziven vonj zato previdnost ni odve\u010d.","breadcrumb":{"@id":"https:\/\/www.chillicus.com\/izdelek\/carolina-reaper\/#breadcrumb"},"inLanguage":"en-US","potentialAction":[{"@type":"ReadAction","target":["https:\/\/www.chillicus.com\/izdelek\/carolina-reaper\/"]}]},{"@type":"ImageObject","inLanguage":"en-US","@id":"https:\/\/www.chillicus.com\/izdelek\/carolina-reaper\/#primaryimage","url":"https:\/\/www.chillicus.com\/wp-content\/uploads\/2019\/01\/Carolina-Reaper-scaled.jpg","contentUrl":"https:\/\/www.chillicus.com\/wp-content\/uploads\/2019\/01\/Carolina-Reaper-scaled.jpg","width":1793,"height":2560,"caption":"Carolina Reaper"},{"@type":"BreadcrumbList","@id":"https:\/\/www.chillicus.com\/izdelek\/carolina-reaper\/#breadcrumb","itemListElement":[{"@type":"ListItem","position":1,"name":"Home","item":"https:\/\/www.chillicus.com\/"},{"@type":"ListItem","position":2,"name":"Shop","item":"https:\/\/www.chillicus.com\/shop\/"},{"@type":"ListItem","position":3,"name":"CAROLINA REAPER"}]},{"@type":"WebSite","@id":"https:\/\/www.chillicus.com\/#website","url":"https:\/\/www.chillicus.com\/","name":"Chillicus","description":"Online Hot Sauce Store","publisher":{"@id":"https:\/\/www.chillicus.com\/#\/schema\/person\/3f2701215ea3471622fc4b566ae8a143"},"potentialAction":[{"@type":"SearchAction","target":{"@type":"EntryPoint","urlTemplate":"https:\/\/www.chillicus.com\/?s={search_term_string}"},"query-input":{"@type":"PropertyValueSpecification","valueRequired":true,"valueName":"search_term_string"}}],"inLanguage":"en-US"},{"@type":["Person","Organization"],"@id":"https:\/\/www.chillicus.com\/#\/schema\/person\/3f2701215ea3471622fc4b566ae8a143","name":"Jaka Plank","image":{"@type":"ImageObject","inLanguage":"en-US","@id":"https:\/\/www.chillicus.com\/#\/schema\/person\/image\/","url":"https:\/\/www.chillicus.com\/wp-content\/uploads\/2023\/02\/colour-transparent-1-1-1.png","contentUrl":"https:\/\/www.chillicus.com\/wp-content\/uploads\/2023\/02\/colour-transparent-1-1-1.png","width":2028,"height":2020,"caption":"Jaka Plank"},"logo":{"@id":"https:\/\/www.chillicus.com\/#\/schema\/person\/image\/"},"sameAs":["https:\/\/m.facebook.com\/chillicus\/","https:\/\/www.instagram.com\/chc_chillicus\/"]}]}},"_links":{"self":[{"href":"https:\/\/www.chillicus.com\/en\/wp-json\/wp\/v2\/product\/52","targetHints":{"allow":["GET"]}}],"collection":[{"href":"https:\/\/www.chillicus.com\/en\/wp-json\/wp\/v2\/product"}],"about":[{"href":"https:\/\/www.chillicus.com\/en\/wp-json\/wp\/v2\/types\/product"}],"replies":[{"embeddable":true,"href":"https:\/\/www.chillicus.com\/en\/wp-json\/wp\/v2\/comments?post=52"}],"wp:featuredmedia":[{"embeddable":true,"href":"https:\/\/www.chillicus.com\/en\/wp-json\/wp\/v2\/media\/3790"}],"wp:attachment":[{"href":"https:\/\/www.chillicus.com\/en\/wp-json\/wp\/v2\/media?parent=52"}],"wp:term":[{"taxonomy":"product_brand","embeddable":true,"href":"https:\/\/www.chillicus.com\/en\/wp-json\/wp\/v2\/product_brand?post=52"},{"taxonomy":"product_cat","embeddable":true,"href":"https:\/\/www.chillicus.com\/en\/wp-json\/wp\/v2\/product_cat?post=52"},{"taxonomy":"product_tag","embeddable":true,"href":"https:\/\/www.chillicus.com\/en\/wp-json\/wp\/v2\/product_tag?post=52"}],"curies":[{"name":"wp","href":"https:\/\/api.w.org\/{rel}","templated":true}]}}