{"id":53,"date":"2019-01-23T11:22:40","date_gmt":"2019-01-23T11:22:40","guid":{"rendered":"https:\/\/chillicus.com\/product\/ball-cactus\/"},"modified":"2026-02-01T16:56:12","modified_gmt":"2026-02-01T15:56:12","slug":"chocolate-habanero","status":"publish","type":"product","link":"https:\/\/www.chillicus.com\/en\/product\/chocolate-habanero\/","title":{"rendered":"CHOCOLATE HABANERO"},"content":{"rendered":"<p>CHOCOLATE HABANERO je v barvi \u010dokolade. Okus in aroma \u010dilija sta izvrsten dodatek vsem vrstam jedi. Te edinstvene Habanero rastline so v zadnjih letih postale zelo<br \/>\npriljubljene. Iz njih zrastejo 4-5 cm velike paprike z bogato \u010dokoladno rjavo barvo. \u010cili se spremeni iz svetlo zelene v rjavo in ima obi\u010dajno razpon od 350.000 do 450.000<br \/>\nSHU. To pomeni, da je pribli\u017eno 100-krat bolj peko\u010d kot jalape\u00f1o paprika.<\/p>\n<p>Te paprike imajo dimljen okus z izjemno ognjeno vro\u010dino. Chocolate habanero izvira iz Jamajke. Rastlina v loncu zraste do pribli\u017eno 1 metra in bo verjetno zrasla \u0161e ve\u010d, \u010de jo posadimo v zemljo. Paprike zorijo od temno zelene do temno rjave. \u010cokoladni habanero je dobil ime po svoji \u010dokoladno rjavi barvi. \u010cili se pogosto uporablja v <a href=\"https:\/\/www.chillicus.com\/en\/trgovina\/\">hot sauces<\/a>. Lahko se uporablja tudi sve\u017eih v omakah in drugih jedeh.<\/p>\n<p>\u010cili vzgojen in pridelan v Slovenski Istri, kjer oberemo in na soncu posu\u0161imo samo najlep\u0161e plodove .<\/p>\n<p><span style=\"font-weight: 400;\">Priporo\u010damo uporabo rokavic pri rokovanju z izdelkom.<br \/>\n<\/span><\/p>\n<p>Check out the rest of our offer <a href=\"https:\/\/www.chillicus.com\/en\/?page_id=11\">HERE<\/a>.<\/p>\n<p>KOLI\u010cINA: 15g<\/p>","protected":false},"excerpt":{"rendered":"<p><span style=\"font-weight: 400;\">Chilli Habanero je v barvi \u010dokolade. Okus in aroma \u010dilija sta izvrsten dodatek vsem vrstam jedi. Priporo\u010damo uporabo rokavic pri rokovanju z izdelkom.<\/span><\/p>","protected":false},"featured_media":3785,"comment_status":"open","ping_status":"closed","template":"","meta":{"site-sidebar-layout":"default","site-content-layout":"default","ast-site-content-layout":"default","site-content-style":"default","site-sidebar-style":"default","ast-global-header-display":"","ast-banner-title-visibility":"","ast-main-header-display":"","ast-hfb-above-header-display":"","ast-hfb-below-header-display":"","ast-hfb-mobile-header-display":"","site-post-title":"","ast-breadcrumbs-content":"","ast-featured-img":"","footer-sml-layout":"","theme-transparent-header-meta":"default","adv-header-id-meta":"","stick-header-meta":"default","header-above-stick-meta":"","header-main-stick-meta":"","header-below-stick-meta":"","astra-migrate-meta-layouts":"set","ast-page-background-enabled":"default","ast-page-background-meta":{"desktop":{"background-color":"","background-image":"","background-repeat":"repeat","background-position":"center center","background-size":"auto","background-attachment":"scroll","background-type":"","background-media":"","overlay-type":"","overlay-color":"","overlay-opacity":"","overlay-gradient":""},"tablet":{"background-color":"","background-image":"","background-repeat":"repeat","background-position":"center center","background-size":"auto","background-attachment":"scroll","background-type":"","background-media":"","overlay-type":"","overlay-color":"","overlay-opacity":"","overlay-gradient":""},"mobile":{"background-color":"","background-image":"","background-repeat":"repeat","background-position":"center center","background-size":"auto","background-attachment":"scroll","background-type":"","background-media":"","overlay-type":"","overlay-color":"","overlay-opacity":"","overlay-gradient":""}},"ast-content-background-meta":{"desktop":{"background-color":"var(--ast-global-color-5)","background-image":"","background-repeat":"repeat","background-position":"center center","background-size":"auto","background-attachment":"scroll","background-type":"","background-media":"","overlay-type":"","overlay-color":"","overlay-opacity":"","overlay-gradient":""},"tablet":{"background-color":"var(--ast-global-color-5)","background-image":"","background-repeat":"repeat","background-position":"center center","background-size":"auto","background-attachment":"scroll","background-type":"","background-media":"","overlay-type":"","overlay-color":"","overlay-opacity":"","overlay-gradient":""},"mobile":{"background-color":"var(--ast-global-color-5)","background-image":"","background-repeat":"repeat","background-position":"center center","background-size":"auto","background-attachment":"scroll","background-type":"","background-media":"","overlay-type":"","overlay-color":"","overlay-opacity":"","overlay-gradient":""}}},"product_brand":[],"product_cat":[33],"product_tag":[],"class_list":{"0":"post-53","1":"product","2":"type-product","3":"status-publish","4":"has-post-thumbnail","6":"product_cat-suhi-cili","7":"desktop-align-center","8":"tablet-align-left","9":"mobile-align-center","10":"ast-product-gallery-layout-horizontal","11":"ast-magnify-disabled","12":"ast-product-tabs-layout-horizontal","14":"first","15":"instock","16":"taxable","17":"shipping-taxable","18":"purchasable","19":"product-type-simple"},"yoast_head":"<!-- This site is optimized with the Yoast SEO plugin v26.8 - https:\/\/yoast.com\/product\/yoast-seo-wordpress\/ -->\n<title>CHOCOLATE HABANERO<\/title>\n<meta name=\"description\" content=\"Chocolate Habanero je v barvi \u010dokolade. Okus in aroma \u010dilija sta izvrsten dodatek vsemvrstam jedi. Priporo\u010damo uporabo rokavic pri rokovanju z izdelkom.\" \/>\n<meta name=\"robots\" content=\"index, follow, max-snippet:-1, max-image-preview:large, max-video-preview:-1\" \/>\n<link rel=\"canonical\" href=\"https:\/\/www.chillicus.com\/en\/product\/chocolate-habanero\/\" \/>\n<meta property=\"og:locale\" content=\"en_US\" \/>\n<meta property=\"og:type\" content=\"article\" \/>\n<meta property=\"og:title\" content=\"CHOCOLATE HABANERO\" \/>\n<meta property=\"og:description\" content=\"Chocolate Habanero je v barvi \u010dokolade. Okus in aroma \u010dilija sta izvrsten dodatek vsemvrstam jedi. Priporo\u010damo uporabo rokavic pri rokovanju z izdelkom.\" \/>\n<meta property=\"og:url\" content=\"https:\/\/www.chillicus.com\/en\/product\/chocolate-habanero\/\" \/>\n<meta property=\"article:publisher\" content=\"https:\/\/m.facebook.com\/chillicus\/\" \/>\n<meta property=\"article:modified_time\" content=\"2026-02-01T15:56:12+00:00\" \/>\n<meta property=\"og:image\" content=\"https:\/\/www.chillicus.com\/wp-content\/uploads\/2019\/01\/Chocolate-habanero-scaled.jpg\" \/>\n\t<meta property=\"og:image:width\" content=\"1793\" \/>\n\t<meta property=\"og:image:height\" content=\"2560\" \/>\n\t<meta property=\"og:image:type\" content=\"image\/jpeg\" \/>\n<meta name=\"twitter:card\" content=\"summary_large_image\" \/>\n<meta name=\"twitter:label1\" content=\"Est. reading time\" \/>\n\t<meta name=\"twitter:data1\" content=\"2 minutes\" \/>\n<script type=\"application\/ld+json\" class=\"yoast-schema-graph\">{\"@context\":\"https:\/\/schema.org\",\"@graph\":[{\"@type\":\"WebPage\",\"@id\":\"https:\/\/www.chillicus.com\/izdelek\/chocolate-habanero\/\",\"url\":\"https:\/\/www.chillicus.com\/izdelek\/chocolate-habanero\/\",\"name\":\"CHOCOLATE HABANERO\",\"isPartOf\":{\"@id\":\"https:\/\/www.chillicus.com\/#website\"},\"primaryImageOfPage\":{\"@id\":\"https:\/\/www.chillicus.com\/izdelek\/chocolate-habanero\/#primaryimage\"},\"image\":{\"@id\":\"https:\/\/www.chillicus.com\/izdelek\/chocolate-habanero\/#primaryimage\"},\"thumbnailUrl\":\"https:\/\/www.chillicus.com\/wp-content\/uploads\/2019\/01\/Chocolate-habanero-scaled.jpg\",\"datePublished\":\"2019-01-23T11:22:40+00:00\",\"dateModified\":\"2026-02-01T15:56:12+00:00\",\"description\":\"Chocolate Habanero je v barvi \u010dokolade. Okus in aroma \u010dilija sta izvrsten dodatek vsemvrstam jedi. Priporo\u010damo uporabo rokavic pri rokovanju z izdelkom.\",\"breadcrumb\":{\"@id\":\"https:\/\/www.chillicus.com\/izdelek\/chocolate-habanero\/#breadcrumb\"},\"inLanguage\":\"en-US\",\"potentialAction\":[{\"@type\":\"ReadAction\",\"target\":[\"https:\/\/www.chillicus.com\/izdelek\/chocolate-habanero\/\"]}]},{\"@type\":\"ImageObject\",\"inLanguage\":\"en-US\",\"@id\":\"https:\/\/www.chillicus.com\/izdelek\/chocolate-habanero\/#primaryimage\",\"url\":\"https:\/\/www.chillicus.com\/wp-content\/uploads\/2019\/01\/Chocolate-habanero-scaled.jpg\",\"contentUrl\":\"https:\/\/www.chillicus.com\/wp-content\/uploads\/2019\/01\/Chocolate-habanero-scaled.jpg\",\"width\":1793,\"height\":2560,\"caption\":\"Chocolate habanero\"},{\"@type\":\"BreadcrumbList\",\"@id\":\"https:\/\/www.chillicus.com\/izdelek\/chocolate-habanero\/#breadcrumb\",\"itemListElement\":[{\"@type\":\"ListItem\",\"position\":1,\"name\":\"Home\",\"item\":\"https:\/\/www.chillicus.com\/\"},{\"@type\":\"ListItem\",\"position\":2,\"name\":\"Shop\",\"item\":\"https:\/\/www.chillicus.com\/shop\/\"},{\"@type\":\"ListItem\",\"position\":3,\"name\":\"CHOCOLATE HABANERO\"}]},{\"@type\":\"WebSite\",\"@id\":\"https:\/\/www.chillicus.com\/#website\",\"url\":\"https:\/\/www.chillicus.com\/\",\"name\":\"Chillicus\",\"description\":\"Online Hot Sauce Store\",\"publisher\":{\"@id\":\"https:\/\/www.chillicus.com\/#\/schema\/person\/3f2701215ea3471622fc4b566ae8a143\"},\"potentialAction\":[{\"@type\":\"SearchAction\",\"target\":{\"@type\":\"EntryPoint\",\"urlTemplate\":\"https:\/\/www.chillicus.com\/?s={search_term_string}\"},\"query-input\":{\"@type\":\"PropertyValueSpecification\",\"valueRequired\":true,\"valueName\":\"search_term_string\"}}],\"inLanguage\":\"en-US\"},{\"@type\":[\"Person\",\"Organization\"],\"@id\":\"https:\/\/www.chillicus.com\/#\/schema\/person\/3f2701215ea3471622fc4b566ae8a143\",\"name\":\"Jaka Plank\",\"image\":{\"@type\":\"ImageObject\",\"inLanguage\":\"en-US\",\"@id\":\"https:\/\/www.chillicus.com\/#\/schema\/person\/image\/\",\"url\":\"https:\/\/www.chillicus.com\/wp-content\/uploads\/2023\/02\/colour-transparent-1-1-1.png\",\"contentUrl\":\"https:\/\/www.chillicus.com\/wp-content\/uploads\/2023\/02\/colour-transparent-1-1-1.png\",\"width\":2028,\"height\":2020,\"caption\":\"Jaka Plank\"},\"logo\":{\"@id\":\"https:\/\/www.chillicus.com\/#\/schema\/person\/image\/\"},\"sameAs\":[\"https:\/\/m.facebook.com\/chillicus\/\",\"https:\/\/www.instagram.com\/chc_chillicus\/\"]}]}<\/script>\n<!-- \/ Yoast SEO plugin. -->","yoast_head_json":{"title":"CHOCOLATE HABANERO","description":"Chocolate Habanero je v barvi \u010dokolade. Okus in aroma \u010dilija sta izvrsten dodatek vsemvrstam jedi. Priporo\u010damo uporabo rokavic pri rokovanju z izdelkom.","robots":{"index":"index","follow":"follow","max-snippet":"max-snippet:-1","max-image-preview":"max-image-preview:large","max-video-preview":"max-video-preview:-1"},"canonical":"https:\/\/www.chillicus.com\/en\/product\/chocolate-habanero\/","og_locale":"en_US","og_type":"article","og_title":"CHOCOLATE HABANERO","og_description":"Chocolate Habanero je v barvi \u010dokolade. Okus in aroma \u010dilija sta izvrsten dodatek vsemvrstam jedi. Priporo\u010damo uporabo rokavic pri rokovanju z izdelkom.","og_url":"https:\/\/www.chillicus.com\/en\/product\/chocolate-habanero\/","article_publisher":"https:\/\/m.facebook.com\/chillicus\/","article_modified_time":"2026-02-01T15:56:12+00:00","og_image":[{"width":1793,"height":2560,"url":"https:\/\/www.chillicus.com\/wp-content\/uploads\/2019\/01\/Chocolate-habanero-scaled.jpg","type":"image\/jpeg"}],"twitter_card":"summary_large_image","twitter_misc":{"Est. reading time":"2 minutes"},"schema":{"@context":"https:\/\/schema.org","@graph":[{"@type":"WebPage","@id":"https:\/\/www.chillicus.com\/izdelek\/chocolate-habanero\/","url":"https:\/\/www.chillicus.com\/izdelek\/chocolate-habanero\/","name":"CHOCOLATE HABANERO","isPartOf":{"@id":"https:\/\/www.chillicus.com\/#website"},"primaryImageOfPage":{"@id":"https:\/\/www.chillicus.com\/izdelek\/chocolate-habanero\/#primaryimage"},"image":{"@id":"https:\/\/www.chillicus.com\/izdelek\/chocolate-habanero\/#primaryimage"},"thumbnailUrl":"https:\/\/www.chillicus.com\/wp-content\/uploads\/2019\/01\/Chocolate-habanero-scaled.jpg","datePublished":"2019-01-23T11:22:40+00:00","dateModified":"2026-02-01T15:56:12+00:00","description":"Chocolate Habanero je v barvi \u010dokolade. Okus in aroma \u010dilija sta izvrsten dodatek vsemvrstam jedi. Priporo\u010damo uporabo rokavic pri rokovanju z izdelkom.","breadcrumb":{"@id":"https:\/\/www.chillicus.com\/izdelek\/chocolate-habanero\/#breadcrumb"},"inLanguage":"en-US","potentialAction":[{"@type":"ReadAction","target":["https:\/\/www.chillicus.com\/izdelek\/chocolate-habanero\/"]}]},{"@type":"ImageObject","inLanguage":"en-US","@id":"https:\/\/www.chillicus.com\/izdelek\/chocolate-habanero\/#primaryimage","url":"https:\/\/www.chillicus.com\/wp-content\/uploads\/2019\/01\/Chocolate-habanero-scaled.jpg","contentUrl":"https:\/\/www.chillicus.com\/wp-content\/uploads\/2019\/01\/Chocolate-habanero-scaled.jpg","width":1793,"height":2560,"caption":"Chocolate habanero"},{"@type":"BreadcrumbList","@id":"https:\/\/www.chillicus.com\/izdelek\/chocolate-habanero\/#breadcrumb","itemListElement":[{"@type":"ListItem","position":1,"name":"Home","item":"https:\/\/www.chillicus.com\/"},{"@type":"ListItem","position":2,"name":"Shop","item":"https:\/\/www.chillicus.com\/shop\/"},{"@type":"ListItem","position":3,"name":"CHOCOLATE HABANERO"}]},{"@type":"WebSite","@id":"https:\/\/www.chillicus.com\/#website","url":"https:\/\/www.chillicus.com\/","name":"Chillicus","description":"Online Hot Sauce Store","publisher":{"@id":"https:\/\/www.chillicus.com\/#\/schema\/person\/3f2701215ea3471622fc4b566ae8a143"},"potentialAction":[{"@type":"SearchAction","target":{"@type":"EntryPoint","urlTemplate":"https:\/\/www.chillicus.com\/?s={search_term_string}"},"query-input":{"@type":"PropertyValueSpecification","valueRequired":true,"valueName":"search_term_string"}}],"inLanguage":"en-US"},{"@type":["Person","Organization"],"@id":"https:\/\/www.chillicus.com\/#\/schema\/person\/3f2701215ea3471622fc4b566ae8a143","name":"Jaka Plank","image":{"@type":"ImageObject","inLanguage":"en-US","@id":"https:\/\/www.chillicus.com\/#\/schema\/person\/image\/","url":"https:\/\/www.chillicus.com\/wp-content\/uploads\/2023\/02\/colour-transparent-1-1-1.png","contentUrl":"https:\/\/www.chillicus.com\/wp-content\/uploads\/2023\/02\/colour-transparent-1-1-1.png","width":2028,"height":2020,"caption":"Jaka Plank"},"logo":{"@id":"https:\/\/www.chillicus.com\/#\/schema\/person\/image\/"},"sameAs":["https:\/\/m.facebook.com\/chillicus\/","https:\/\/www.instagram.com\/chc_chillicus\/"]}]}},"_links":{"self":[{"href":"https:\/\/www.chillicus.com\/en\/wp-json\/wp\/v2\/product\/53","targetHints":{"allow":["GET"]}}],"collection":[{"href":"https:\/\/www.chillicus.com\/en\/wp-json\/wp\/v2\/product"}],"about":[{"href":"https:\/\/www.chillicus.com\/en\/wp-json\/wp\/v2\/types\/product"}],"replies":[{"embeddable":true,"href":"https:\/\/www.chillicus.com\/en\/wp-json\/wp\/v2\/comments?post=53"}],"wp:featuredmedia":[{"embeddable":true,"href":"https:\/\/www.chillicus.com\/en\/wp-json\/wp\/v2\/media\/3785"}],"wp:attachment":[{"href":"https:\/\/www.chillicus.com\/en\/wp-json\/wp\/v2\/media?parent=53"}],"wp:term":[{"taxonomy":"product_brand","embeddable":true,"href":"https:\/\/www.chillicus.com\/en\/wp-json\/wp\/v2\/product_brand?post=53"},{"taxonomy":"product_cat","embeddable":true,"href":"https:\/\/www.chillicus.com\/en\/wp-json\/wp\/v2\/product_cat?post=53"},{"taxonomy":"product_tag","embeddable":true,"href":"https:\/\/www.chillicus.com\/en\/wp-json\/wp\/v2\/product_tag?post=53"}],"curies":[{"name":"wp","href":"https:\/\/api.w.org\/{rel}","templated":true}]}}