{"id":83,"date":"2019-01-23T13:18:02","date_gmt":"2019-01-23T13:18:02","guid":{"rendered":"https:\/\/chillicus.com\/product\/piorro-quisquam\/"},"modified":"2026-03-29T23:03:48","modified_gmt":"2026-03-29T21:03:48","slug":"grill-meat-spice","status":"publish","type":"product","link":"https:\/\/www.chillicus.com\/en\/product\/grill-meat-spice\/","title":{"rendered":"GRILL MEAT SPICE"},"content":{"rendered":"<p><span style=\"font-weight: 400;\">The GRILL MEAT SPICE sprinkle goes perfectly with all types of meat. We recommend using it especially with steaks, steaks, ribs, poultry. Apply the sprinkle on the dish for at least 30 minutes<br \/>\nbefore use, so that all the spices are absorbed. Also useful for various dishes on a spoon, such as chili con carne, beans, prebranec.<\/span><\/p>\n<p><span style=\"font-weight: 400;\">Ingredients: <\/span><\/p>\n<ul>\n<li><span style=\"font-weight: 400;\">Brown sugar<\/span><\/li>\n<li><span style=\"font-weight: 400;\">black pepper<\/span><\/li>\n<li><span style=\"font-weight: 400;\">Sea salt<\/span><\/li>\n<li><span style=\"font-weight: 400;\">Chilli powder (10%)<br \/>\n<\/span><\/li>\n<li><span style=\"font-weight: 400;\">Garlic<\/span><\/li>\n<li><span style=\"font-weight: 400;\">Onion<\/span><\/li>\n<\/ul>\n<p>Dry rubs should be stored in a dry and dark place.<\/p>\n<p>Check out the other products and sprinkles we have in stock <a href=\"https:\/\/www.chillicus.com\/en\/?page_id=11\">HERE<\/a>.<\/p>\n<p>Chilies can also help improve digestion, as they stimulate the secretion of digestive juices and thus aid in the digestion of fats. In addition, chilies can also help with<br \/>\npreventing the development of various types of cancer, as they contain antioxidants that help reduce the harmful effects of free radicals.<\/p>\n<p>Due to their anti-inflammatory properties, chilies can also be useful in the treatment of certain inflammatory conditions, such as arthritis, asthma and cardiovascular diseases. Besides,<br \/>\nchilies ca help you reduce pain and inflammation associated with chronic conditions such as osteoarthritis and fibromyalgia.<\/p>\n<p>Finally, eating chili can also affect your mood. The capsaicin in chili can trigger the release of endorphins, which are happy hormones, and thus improve your mood<br \/>\nChillies can also help reduce stress and anxiety. All these benefits show that eating chilies can be a great choice to improve your<br \/>\nhealth and well-being.<\/p>\n<p>Therefore, you can enjoy chilies as a spice or prepare spicy dishes and thus take advantage of all the benefits they offer.<\/p>\n<p>QUANTITY:<\/p>\n<p>100 g<\/p>","protected":false},"excerpt":{"rendered":"<p><span style=\"font-weight: 400;\">The sprinkle goes perfectly with all types of meat. We recommend using it especially with steaks, steaks, ribs, poultry and other meat dishes.<\/span><\/p>","protected":false},"featured_media":3782,"comment_status":"open","ping_status":"closed","template":"","meta":{"site-sidebar-layout":"default","site-content-layout":"default","ast-site-content-layout":"default","site-content-style":"default","site-sidebar-style":"default","ast-global-header-display":"","ast-banner-title-visibility":"","ast-main-header-display":"","ast-hfb-above-header-display":"","ast-hfb-below-header-display":"","ast-hfb-mobile-header-display":"","site-post-title":"","ast-breadcrumbs-content":"","ast-featured-img":"","footer-sml-layout":"","theme-transparent-header-meta":"default","adv-header-id-meta":"","stick-header-meta":"default","header-above-stick-meta":"","header-main-stick-meta":"","header-below-stick-meta":"","astra-migrate-meta-layouts":"set","ast-page-background-enabled":"default","ast-page-background-meta":{"desktop":{"background-color":"","background-image":"","background-repeat":"repeat","background-position":"center center","background-size":"auto","background-attachment":"scroll","background-type":"","background-media":"","overlay-type":"","overlay-color":"","overlay-opacity":"","overlay-gradient":""},"tablet":{"background-color":"","background-image":"","background-repeat":"repeat","background-position":"center center","background-size":"auto","background-attachment":"scroll","background-type":"","background-media":"","overlay-type":"","overlay-color":"","overlay-opacity":"","overlay-gradient":""},"mobile":{"background-color":"","background-image":"","background-repeat":"repeat","background-position":"center center","background-size":"auto","background-attachment":"scroll","background-type":"","background-media":"","overlay-type":"","overlay-color":"","overlay-opacity":"","overlay-gradient":""}},"ast-content-background-meta":{"desktop":{"background-color":"var(--ast-global-color-5)","background-image":"","background-repeat":"repeat","background-position":"center center","background-size":"auto","background-attachment":"scroll","background-type":"","background-media":"","overlay-type":"","overlay-color":"","overlay-opacity":"","overlay-gradient":""},"tablet":{"background-color":"var(--ast-global-color-5)","background-image":"","background-repeat":"repeat","background-position":"center center","background-size":"auto","background-attachment":"scroll","background-type":"","background-media":"","overlay-type":"","overlay-color":"","overlay-opacity":"","overlay-gradient":""},"mobile":{"background-color":"var(--ast-global-color-5)","background-image":"","background-repeat":"repeat","background-position":"center center","background-size":"auto","background-attachment":"scroll","background-type":"","background-media":"","overlay-type":"","overlay-color":"","overlay-opacity":"","overlay-gradient":""}}},"product_brand":[],"product_cat":[25],"product_tag":[],"class_list":{"0":"post-83","1":"product","2":"type-product","3":"status-publish","4":"has-post-thumbnail","6":"product_cat-posipi","7":"desktop-align-center","8":"tablet-align-left","9":"mobile-align-center","10":"ast-product-gallery-layout-horizontal","11":"ast-product-gallery-with-no-image","12":"ast-magnify-disabled","13":"ast-product-tabs-layout-horizontal","15":"first","16":"instock","17":"featured","18":"taxable","19":"shipping-taxable","20":"purchasable","21":"product-type-simple"},"yoast_head":"<!-- This site is optimized with the Yoast SEO plugin v26.8 - https:\/\/yoast.com\/product\/yoast-seo-wordpress\/ -->\n<title>GRILL MEAT SPICE<\/title>\n<meta name=\"description\" content=\"Posip GRILL MEAT SPICE se odli\u010dno poda na vse vrste me\u0161anega mesa. Priporo\u010damo predvsem uporabo pri steakih, zrezki, rebercih, perutni\u010dke.\" \/>\n<meta name=\"robots\" content=\"index, follow, max-snippet:-1, max-image-preview:large, max-video-preview:-1\" \/>\n<link rel=\"canonical\" href=\"https:\/\/www.chillicus.com\/en\/product\/grill-meat-spice\/\" \/>\n<meta property=\"og:locale\" content=\"en_US\" \/>\n<meta property=\"og:type\" content=\"article\" \/>\n<meta property=\"og:title\" content=\"GRILL MEAT SPICE\" \/>\n<meta property=\"og:description\" content=\"Posip GRILL MEAT SPICE se odli\u010dno poda na vse vrste me\u0161anega mesa. Priporo\u010damo predvsem uporabo pri steakih, zrezki, rebercih, perutni\u010dke.\" \/>\n<meta property=\"og:url\" content=\"https:\/\/www.chillicus.com\/en\/product\/grill-meat-spice\/\" \/>\n<meta property=\"article:publisher\" content=\"https:\/\/m.facebook.com\/chillicus\/\" \/>\n<meta property=\"article:modified_time\" content=\"2026-03-29T21:03:48+00:00\" \/>\n<meta property=\"og:image\" content=\"https:\/\/www.chillicus.com\/wp-content\/uploads\/2019\/01\/Grill-Meat-Spice-scaled.jpg\" \/>\n\t<meta property=\"og:image:width\" content=\"1935\" \/>\n\t<meta property=\"og:image:height\" content=\"2560\" \/>\n\t<meta property=\"og:image:type\" content=\"image\/jpeg\" \/>\n<meta name=\"twitter:card\" content=\"summary_large_image\" \/>\n<meta name=\"twitter:label1\" content=\"Est. reading time\" \/>\n\t<meta name=\"twitter:data1\" content=\"2 minutes\" \/>\n<script type=\"application\/ld+json\" class=\"yoast-schema-graph\">{\"@context\":\"https:\/\/schema.org\",\"@graph\":[{\"@type\":\"WebPage\",\"@id\":\"https:\/\/www.chillicus.com\/izdelek\/grill-meat-spice\/\",\"url\":\"https:\/\/www.chillicus.com\/izdelek\/grill-meat-spice\/\",\"name\":\"GRILL MEAT SPICE\",\"isPartOf\":{\"@id\":\"https:\/\/www.chillicus.com\/#website\"},\"primaryImageOfPage\":{\"@id\":\"https:\/\/www.chillicus.com\/izdelek\/grill-meat-spice\/#primaryimage\"},\"image\":{\"@id\":\"https:\/\/www.chillicus.com\/izdelek\/grill-meat-spice\/#primaryimage\"},\"thumbnailUrl\":\"https:\/\/www.chillicus.com\/wp-content\/uploads\/2019\/01\/Grill-Meat-Spice-scaled.jpg\",\"datePublished\":\"2019-01-23T13:18:02+00:00\",\"dateModified\":\"2026-03-29T21:03:48+00:00\",\"description\":\"Posip GRILL MEAT SPICE se odli\u010dno poda na vse vrste me\u0161anega mesa. Priporo\u010damo predvsem uporabo pri steakih, zrezki, rebercih, perutni\u010dke.\",\"breadcrumb\":{\"@id\":\"https:\/\/www.chillicus.com\/izdelek\/grill-meat-spice\/#breadcrumb\"},\"inLanguage\":\"en-US\",\"potentialAction\":[{\"@type\":\"ReadAction\",\"target\":[\"https:\/\/www.chillicus.com\/izdelek\/grill-meat-spice\/\"]}]},{\"@type\":\"ImageObject\",\"inLanguage\":\"en-US\",\"@id\":\"https:\/\/www.chillicus.com\/izdelek\/grill-meat-spice\/#primaryimage\",\"url\":\"https:\/\/www.chillicus.com\/wp-content\/uploads\/2019\/01\/Grill-Meat-Spice-scaled.jpg\",\"contentUrl\":\"https:\/\/www.chillicus.com\/wp-content\/uploads\/2019\/01\/Grill-Meat-Spice-scaled.jpg\",\"width\":1935,\"height\":2560,\"caption\":\"Grill Meat Spice\"},{\"@type\":\"BreadcrumbList\",\"@id\":\"https:\/\/www.chillicus.com\/izdelek\/grill-meat-spice\/#breadcrumb\",\"itemListElement\":[{\"@type\":\"ListItem\",\"position\":1,\"name\":\"Home\",\"item\":\"https:\/\/www.chillicus.com\/\"},{\"@type\":\"ListItem\",\"position\":2,\"name\":\"Shop\",\"item\":\"https:\/\/www.chillicus.com\/shop\/\"},{\"@type\":\"ListItem\",\"position\":3,\"name\":\"GRILL MEAT SPICE\"}]},{\"@type\":\"WebSite\",\"@id\":\"https:\/\/www.chillicus.com\/#website\",\"url\":\"https:\/\/www.chillicus.com\/\",\"name\":\"Chillicus\",\"description\":\"Online Hot Sauce Store\",\"publisher\":{\"@id\":\"https:\/\/www.chillicus.com\/#\/schema\/person\/3f2701215ea3471622fc4b566ae8a143\"},\"potentialAction\":[{\"@type\":\"SearchAction\",\"target\":{\"@type\":\"EntryPoint\",\"urlTemplate\":\"https:\/\/www.chillicus.com\/?s={search_term_string}\"},\"query-input\":{\"@type\":\"PropertyValueSpecification\",\"valueRequired\":true,\"valueName\":\"search_term_string\"}}],\"inLanguage\":\"en-US\"},{\"@type\":[\"Person\",\"Organization\"],\"@id\":\"https:\/\/www.chillicus.com\/#\/schema\/person\/3f2701215ea3471622fc4b566ae8a143\",\"name\":\"Jaka Plank\",\"image\":{\"@type\":\"ImageObject\",\"inLanguage\":\"en-US\",\"@id\":\"https:\/\/www.chillicus.com\/#\/schema\/person\/image\/\",\"url\":\"https:\/\/www.chillicus.com\/wp-content\/uploads\/2023\/02\/colour-transparent-1-1-1.png\",\"contentUrl\":\"https:\/\/www.chillicus.com\/wp-content\/uploads\/2023\/02\/colour-transparent-1-1-1.png\",\"width\":2028,\"height\":2020,\"caption\":\"Jaka Plank\"},\"logo\":{\"@id\":\"https:\/\/www.chillicus.com\/#\/schema\/person\/image\/\"},\"sameAs\":[\"https:\/\/m.facebook.com\/chillicus\/\",\"https:\/\/www.instagram.com\/chc_chillicus\/\"]}]}<\/script>\n<!-- \/ Yoast SEO plugin. -->","yoast_head_json":{"title":"GRILL MEAT SPICE","description":"Posip GRILL MEAT SPICE se odli\u010dno poda na vse vrste me\u0161anega mesa. Priporo\u010damo predvsem uporabo pri steakih, zrezki, rebercih, perutni\u010dke.","robots":{"index":"index","follow":"follow","max-snippet":"max-snippet:-1","max-image-preview":"max-image-preview:large","max-video-preview":"max-video-preview:-1"},"canonical":"https:\/\/www.chillicus.com\/en\/product\/grill-meat-spice\/","og_locale":"en_US","og_type":"article","og_title":"GRILL MEAT SPICE","og_description":"Posip GRILL MEAT SPICE se odli\u010dno poda na vse vrste me\u0161anega mesa. Priporo\u010damo predvsem uporabo pri steakih, zrezki, rebercih, perutni\u010dke.","og_url":"https:\/\/www.chillicus.com\/en\/product\/grill-meat-spice\/","article_publisher":"https:\/\/m.facebook.com\/chillicus\/","article_modified_time":"2026-03-29T21:03:48+00:00","og_image":[{"width":1935,"height":2560,"url":"https:\/\/www.chillicus.com\/wp-content\/uploads\/2019\/01\/Grill-Meat-Spice-scaled.jpg","type":"image\/jpeg"}],"twitter_card":"summary_large_image","twitter_misc":{"Est. reading time":"2 minutes"},"schema":{"@context":"https:\/\/schema.org","@graph":[{"@type":"WebPage","@id":"https:\/\/www.chillicus.com\/izdelek\/grill-meat-spice\/","url":"https:\/\/www.chillicus.com\/izdelek\/grill-meat-spice\/","name":"GRILL MEAT SPICE","isPartOf":{"@id":"https:\/\/www.chillicus.com\/#website"},"primaryImageOfPage":{"@id":"https:\/\/www.chillicus.com\/izdelek\/grill-meat-spice\/#primaryimage"},"image":{"@id":"https:\/\/www.chillicus.com\/izdelek\/grill-meat-spice\/#primaryimage"},"thumbnailUrl":"https:\/\/www.chillicus.com\/wp-content\/uploads\/2019\/01\/Grill-Meat-Spice-scaled.jpg","datePublished":"2019-01-23T13:18:02+00:00","dateModified":"2026-03-29T21:03:48+00:00","description":"Posip GRILL MEAT SPICE se odli\u010dno poda na vse vrste me\u0161anega mesa. Priporo\u010damo predvsem uporabo pri steakih, zrezki, rebercih, perutni\u010dke.","breadcrumb":{"@id":"https:\/\/www.chillicus.com\/izdelek\/grill-meat-spice\/#breadcrumb"},"inLanguage":"en-US","potentialAction":[{"@type":"ReadAction","target":["https:\/\/www.chillicus.com\/izdelek\/grill-meat-spice\/"]}]},{"@type":"ImageObject","inLanguage":"en-US","@id":"https:\/\/www.chillicus.com\/izdelek\/grill-meat-spice\/#primaryimage","url":"https:\/\/www.chillicus.com\/wp-content\/uploads\/2019\/01\/Grill-Meat-Spice-scaled.jpg","contentUrl":"https:\/\/www.chillicus.com\/wp-content\/uploads\/2019\/01\/Grill-Meat-Spice-scaled.jpg","width":1935,"height":2560,"caption":"Grill Meat Spice"},{"@type":"BreadcrumbList","@id":"https:\/\/www.chillicus.com\/izdelek\/grill-meat-spice\/#breadcrumb","itemListElement":[{"@type":"ListItem","position":1,"name":"Home","item":"https:\/\/www.chillicus.com\/"},{"@type":"ListItem","position":2,"name":"Shop","item":"https:\/\/www.chillicus.com\/shop\/"},{"@type":"ListItem","position":3,"name":"GRILL MEAT SPICE"}]},{"@type":"WebSite","@id":"https:\/\/www.chillicus.com\/#website","url":"https:\/\/www.chillicus.com\/","name":"Chillicus","description":"Online Hot Sauce Store","publisher":{"@id":"https:\/\/www.chillicus.com\/#\/schema\/person\/3f2701215ea3471622fc4b566ae8a143"},"potentialAction":[{"@type":"SearchAction","target":{"@type":"EntryPoint","urlTemplate":"https:\/\/www.chillicus.com\/?s={search_term_string}"},"query-input":{"@type":"PropertyValueSpecification","valueRequired":true,"valueName":"search_term_string"}}],"inLanguage":"en-US"},{"@type":["Person","Organization"],"@id":"https:\/\/www.chillicus.com\/#\/schema\/person\/3f2701215ea3471622fc4b566ae8a143","name":"Jaka Plank","image":{"@type":"ImageObject","inLanguage":"en-US","@id":"https:\/\/www.chillicus.com\/#\/schema\/person\/image\/","url":"https:\/\/www.chillicus.com\/wp-content\/uploads\/2023\/02\/colour-transparent-1-1-1.png","contentUrl":"https:\/\/www.chillicus.com\/wp-content\/uploads\/2023\/02\/colour-transparent-1-1-1.png","width":2028,"height":2020,"caption":"Jaka Plank"},"logo":{"@id":"https:\/\/www.chillicus.com\/#\/schema\/person\/image\/"},"sameAs":["https:\/\/m.facebook.com\/chillicus\/","https:\/\/www.instagram.com\/chc_chillicus\/"]}]}},"_links":{"self":[{"href":"https:\/\/www.chillicus.com\/en\/wp-json\/wp\/v2\/product\/83","targetHints":{"allow":["GET"]}}],"collection":[{"href":"https:\/\/www.chillicus.com\/en\/wp-json\/wp\/v2\/product"}],"about":[{"href":"https:\/\/www.chillicus.com\/en\/wp-json\/wp\/v2\/types\/product"}],"replies":[{"embeddable":true,"href":"https:\/\/www.chillicus.com\/en\/wp-json\/wp\/v2\/comments?post=83"}],"wp:featuredmedia":[{"embeddable":true,"href":"https:\/\/www.chillicus.com\/en\/wp-json\/wp\/v2\/media\/3782"}],"wp:attachment":[{"href":"https:\/\/www.chillicus.com\/en\/wp-json\/wp\/v2\/media?parent=83"}],"wp:term":[{"taxonomy":"product_brand","embeddable":true,"href":"https:\/\/www.chillicus.com\/en\/wp-json\/wp\/v2\/product_brand?post=83"},{"taxonomy":"product_cat","embeddable":true,"href":"https:\/\/www.chillicus.com\/en\/wp-json\/wp\/v2\/product_cat?post=83"},{"taxonomy":"product_tag","embeddable":true,"href":"https:\/\/www.chillicus.com\/en\/wp-json\/wp\/v2\/product_tag?post=83"}],"curies":[{"name":"wp","href":"https:\/\/api.w.org\/{rel}","templated":true}]}}