{"id":84,"date":"2019-01-23T13:20:21","date_gmt":"2019-01-23T13:20:21","guid":{"rendered":"https:\/\/chillicus.com\/product\/green-soil-lotus\/"},"modified":"2026-04-07T19:03:18","modified_gmt":"2026-04-07T17:03:18","slug":"bbq-omaka","status":"publish","type":"product","link":"https:\/\/www.chillicus.com\/en\/product\/bbq-omaka\/","title":{"rendered":"BBQ SAUCE"},"content":{"rendered":"<p><b>BBQ sauce <\/b><span style=\"font-weight: 400;\">it is great for all lovers of meat and grilled dishes, so the sauce itself is something that all gourmets need on their menu. The sauce is sour, sweet and hot, so it is perfect for pork, beef or chicken. It also has a slight aftertaste of smoked paprika, which adds an additional aroma to your dish. The sauce is not too hot, so it is suitable for all people who would like to improve the taste of their dishes. After opening, it is recommended to keep the sauce in the refrigerator in order to ensure the quality of the product itself.<\/span><\/p>\n<p>The sauce contains various ingredients, so the taste itself is very rich, but not so much that it takes over the taste of your dish. The sauce can also be used to marinate meat or just as an addition to a meal.<\/p>\n<p><span style=\"font-weight: 400;\">Ingredients: <\/span><\/p>\n<ul>\n<li><a href=\"https:\/\/www.chillicus.com\/en\/product\/chocolate-habanero\/\"><span style=\"font-weight: 400;\">Chocolate Habanero<\/span><span style=\"font-weight: 400;\">abanero<\/span><\/a><\/li>\n<li><span style=\"font-weight: 400;\">Tomato puree<\/span><\/li>\n<li><span style=\"font-weight: 400;\">Onion<\/span><\/li>\n<li><span style=\"font-weight: 400;\"> Garlic<\/span><\/li>\n<li><span style=\"font-weight: 400;\">Melasa<\/span><\/li>\n<li><span style=\"font-weight: 400;\">Honey<\/span><\/li>\n<li><span style=\"font-weight: 400;\"> Apple cider vinegar<\/span><\/li>\n<li><span style=\"font-weight: 400;\">Sea salt<\/span><\/li>\n<li><span style=\"font-weight: 400;\"> Brown sugar<\/span><\/li>\n<li>Paprika powder<\/li>\n<li>Yellow mustard powder<\/li>\n<\/ul>\n<p>HEAT LEVEL 4\/10<\/p>\n<p>QUANTITY: 100 ml<\/p>\n<p>Hot BBQ SAUCE must be shaken each time to ensure the hotness and flavor of the sauce itself.<\/p>\n<p>If you are interested in learning more about chilies and the benefits of eating the fruit, you can read more <a href=\"https:\/\/www.chillicus.com\/en\/?page_id=2095\">HERE<\/a><\/p>","protected":false},"excerpt":{"rendered":"<p><strong>BBQ<\/strong> the sauce is sour, sweet and hot, so it's perfect for pork, beef or chicken. It also has a slight aftertaste of smoked paprika, which adds extra flavor to your dish. The sauce is not too hot, so it is suitable for all people who would like to improve the taste of their dishes.<\/p>","protected":false},"featured_media":4468,"comment_status":"open","ping_status":"closed","template":"","meta":{"site-sidebar-layout":"default","site-content-layout":"default","ast-site-content-layout":"default","site-content-style":"default","site-sidebar-style":"default","ast-global-header-display":"","ast-banner-title-visibility":"","ast-main-header-display":"","ast-hfb-above-header-display":"","ast-hfb-below-header-display":"","ast-hfb-mobile-header-display":"","site-post-title":"","ast-breadcrumbs-content":"","ast-featured-img":"","footer-sml-layout":"","theme-transparent-header-meta":"default","adv-header-id-meta":"","stick-header-meta":"default","header-above-stick-meta":"","header-main-stick-meta":"","header-below-stick-meta":"","astra-migrate-meta-layouts":"set","ast-page-background-enabled":"default","ast-page-background-meta":{"desktop":{"background-color":"","background-image":"","background-repeat":"repeat","background-position":"center center","background-size":"auto","background-attachment":"scroll","background-type":"","background-media":"","overlay-type":"","overlay-color":"","overlay-opacity":"","overlay-gradient":""},"tablet":{"background-color":"","background-image":"","background-repeat":"repeat","background-position":"center center","background-size":"auto","background-attachment":"scroll","background-type":"","background-media":"","overlay-type":"","overlay-color":"","overlay-opacity":"","overlay-gradient":""},"mobile":{"background-color":"","background-image":"","background-repeat":"repeat","background-position":"center center","background-size":"auto","background-attachment":"scroll","background-type":"","background-media":"","overlay-type":"","overlay-color":"","overlay-opacity":"","overlay-gradient":""}},"ast-content-background-meta":{"desktop":{"background-color":"var(--ast-global-color-5)","background-image":"","background-repeat":"repeat","background-position":"center center","background-size":"auto","background-attachment":"scroll","background-type":"","background-media":"","overlay-type":"","overlay-color":"","overlay-opacity":"","overlay-gradient":""},"tablet":{"background-color":"var(--ast-global-color-5)","background-image":"","background-repeat":"repeat","background-position":"center center","background-size":"auto","background-attachment":"scroll","background-type":"","background-media":"","overlay-type":"","overlay-color":"","overlay-opacity":"","overlay-gradient":""},"mobile":{"background-color":"var(--ast-global-color-5)","background-image":"","background-repeat":"repeat","background-position":"center center","background-size":"auto","background-attachment":"scroll","background-type":"","background-media":"","overlay-type":"","overlay-color":"","overlay-opacity":"","overlay-gradient":""}}},"product_brand":[],"product_cat":[23],"product_tag":[],"class_list":{"0":"post-84","1":"product","2":"type-product","3":"status-publish","4":"has-post-thumbnail","6":"product_cat-omake","7":"desktop-align-center","8":"tablet-align-left","9":"mobile-align-center","10":"ast-product-gallery-layout-horizontal","11":"ast-product-gallery-with-no-image","12":"ast-magnify-disabled","13":"ast-product-tabs-layout-horizontal","15":"first","16":"instock","17":"featured","18":"taxable","19":"shipping-taxable","20":"purchasable","21":"product-type-simple"},"yoast_head":"<!-- This site is optimized with the Yoast SEO plugin v26.8 - https:\/\/yoast.com\/product\/yoast-seo-wordpress\/ -->\n<title>BBQ OMAKA<\/title>\n<meta name=\"description\" content=\"BBQ omaka je odli\u010dna za vse ljubitelje mesnih jedi in jedi izpod peke. Omaka je kislo, sladko-peko\u010da zato je odli\u010dna za svinjsko, govejo ali pi\u0161\u010dan\u010dje meso.\" \/>\n<meta name=\"robots\" content=\"index, follow, max-snippet:-1, max-image-preview:large, max-video-preview:-1\" \/>\n<link rel=\"canonical\" href=\"https:\/\/www.chillicus.com\/en\/product\/bbq-omaka\/\" \/>\n<meta property=\"og:locale\" content=\"en_US\" \/>\n<meta property=\"og:type\" content=\"article\" \/>\n<meta property=\"og:title\" content=\"BBQ OMAKA\" \/>\n<meta property=\"og:description\" content=\"BBQ omaka je odli\u010dna za vse ljubitelje mesnih jedi in jedi izpod peke. Omaka je kislo, sladko-peko\u010da zato je odli\u010dna za svinjsko, govejo ali pi\u0161\u010dan\u010dje meso.\" \/>\n<meta property=\"og:url\" content=\"https:\/\/www.chillicus.com\/en\/product\/bbq-omaka\/\" \/>\n<meta property=\"article:publisher\" content=\"https:\/\/m.facebook.com\/chillicus\/\" \/>\n<meta property=\"article:modified_time\" content=\"2026-04-07T17:03:18+00:00\" \/>\n<meta property=\"og:image\" content=\"https:\/\/www.chillicus.com\/wp-content\/uploads\/2019\/01\/Chillicus-34-scaled.jpg\" \/>\n\t<meta property=\"og:image:width\" content=\"1852\" \/>\n\t<meta property=\"og:image:height\" content=\"2560\" \/>\n\t<meta property=\"og:image:type\" content=\"image\/jpeg\" \/>\n<meta name=\"twitter:card\" content=\"summary_large_image\" \/>\n<meta name=\"twitter:label1\" content=\"Est. reading time\" \/>\n\t<meta name=\"twitter:data1\" content=\"2 minutes\" \/>\n<script type=\"application\/ld+json\" class=\"yoast-schema-graph\">{\"@context\":\"https:\/\/schema.org\",\"@graph\":[{\"@type\":\"WebPage\",\"@id\":\"https:\/\/www.chillicus.com\/izdelek\/bbq-omaka\/\",\"url\":\"https:\/\/www.chillicus.com\/izdelek\/bbq-omaka\/\",\"name\":\"BBQ OMAKA\",\"isPartOf\":{\"@id\":\"https:\/\/www.chillicus.com\/#website\"},\"primaryImageOfPage\":{\"@id\":\"https:\/\/www.chillicus.com\/izdelek\/bbq-omaka\/#primaryimage\"},\"image\":{\"@id\":\"https:\/\/www.chillicus.com\/izdelek\/bbq-omaka\/#primaryimage\"},\"thumbnailUrl\":\"https:\/\/www.chillicus.com\/wp-content\/uploads\/2019\/01\/Chillicus-34-scaled.jpg\",\"datePublished\":\"2019-01-23T13:20:21+00:00\",\"dateModified\":\"2026-04-07T17:03:18+00:00\",\"description\":\"BBQ omaka je odli\u010dna za vse ljubitelje mesnih jedi in jedi izpod peke. Omaka je kislo, sladko-peko\u010da zato je odli\u010dna za svinjsko, govejo ali pi\u0161\u010dan\u010dje meso.\",\"breadcrumb\":{\"@id\":\"https:\/\/www.chillicus.com\/izdelek\/bbq-omaka\/#breadcrumb\"},\"inLanguage\":\"en-US\",\"potentialAction\":[{\"@type\":\"ReadAction\",\"target\":[\"https:\/\/www.chillicus.com\/izdelek\/bbq-omaka\/\"]}]},{\"@type\":\"ImageObject\",\"inLanguage\":\"en-US\",\"@id\":\"https:\/\/www.chillicus.com\/izdelek\/bbq-omaka\/#primaryimage\",\"url\":\"https:\/\/www.chillicus.com\/wp-content\/uploads\/2019\/01\/Chillicus-34-scaled.jpg\",\"contentUrl\":\"https:\/\/www.chillicus.com\/wp-content\/uploads\/2019\/01\/Chillicus-34-scaled.jpg\",\"width\":1852,\"height\":2560,\"caption\":\"BBQ\"},{\"@type\":\"BreadcrumbList\",\"@id\":\"https:\/\/www.chillicus.com\/izdelek\/bbq-omaka\/#breadcrumb\",\"itemListElement\":[{\"@type\":\"ListItem\",\"position\":1,\"name\":\"Home\",\"item\":\"https:\/\/www.chillicus.com\/\"},{\"@type\":\"ListItem\",\"position\":2,\"name\":\"Shop\",\"item\":\"https:\/\/www.chillicus.com\/shop\/\"},{\"@type\":\"ListItem\",\"position\":3,\"name\":\"BBQ OMAKA\"}]},{\"@type\":\"WebSite\",\"@id\":\"https:\/\/www.chillicus.com\/#website\",\"url\":\"https:\/\/www.chillicus.com\/\",\"name\":\"Chillicus\",\"description\":\"Online Hot Sauce Store\",\"publisher\":{\"@id\":\"https:\/\/www.chillicus.com\/#\/schema\/person\/3f2701215ea3471622fc4b566ae8a143\"},\"potentialAction\":[{\"@type\":\"SearchAction\",\"target\":{\"@type\":\"EntryPoint\",\"urlTemplate\":\"https:\/\/www.chillicus.com\/?s={search_term_string}\"},\"query-input\":{\"@type\":\"PropertyValueSpecification\",\"valueRequired\":true,\"valueName\":\"search_term_string\"}}],\"inLanguage\":\"en-US\"},{\"@type\":[\"Person\",\"Organization\"],\"@id\":\"https:\/\/www.chillicus.com\/#\/schema\/person\/3f2701215ea3471622fc4b566ae8a143\",\"name\":\"Jaka Plank\",\"image\":{\"@type\":\"ImageObject\",\"inLanguage\":\"en-US\",\"@id\":\"https:\/\/www.chillicus.com\/#\/schema\/person\/image\/\",\"url\":\"https:\/\/www.chillicus.com\/wp-content\/uploads\/2023\/02\/colour-transparent-1-1-1.png\",\"contentUrl\":\"https:\/\/www.chillicus.com\/wp-content\/uploads\/2023\/02\/colour-transparent-1-1-1.png\",\"width\":2028,\"height\":2020,\"caption\":\"Jaka Plank\"},\"logo\":{\"@id\":\"https:\/\/www.chillicus.com\/#\/schema\/person\/image\/\"},\"sameAs\":[\"https:\/\/m.facebook.com\/chillicus\/\",\"https:\/\/www.instagram.com\/chc_chillicus\/\"]}]}<\/script>\n<!-- \/ Yoast SEO plugin. -->","yoast_head_json":{"title":"BBQ SAUCE","description":"BBQ omaka je odli\u010dna za vse ljubitelje mesnih jedi in jedi izpod peke. Omaka je kislo, sladko-peko\u010da zato je odli\u010dna za svinjsko, govejo ali pi\u0161\u010dan\u010dje meso.","robots":{"index":"index","follow":"follow","max-snippet":"max-snippet:-1","max-image-preview":"max-image-preview:large","max-video-preview":"max-video-preview:-1"},"canonical":"https:\/\/www.chillicus.com\/en\/product\/bbq-omaka\/","og_locale":"en_US","og_type":"article","og_title":"BBQ OMAKA","og_description":"BBQ omaka je odli\u010dna za vse ljubitelje mesnih jedi in jedi izpod peke. Omaka je kislo, sladko-peko\u010da zato je odli\u010dna za svinjsko, govejo ali pi\u0161\u010dan\u010dje meso.","og_url":"https:\/\/www.chillicus.com\/en\/product\/bbq-omaka\/","article_publisher":"https:\/\/m.facebook.com\/chillicus\/","article_modified_time":"2026-04-07T17:03:18+00:00","og_image":[{"width":1852,"height":2560,"url":"https:\/\/www.chillicus.com\/wp-content\/uploads\/2019\/01\/Chillicus-34-scaled.jpg","type":"image\/jpeg"}],"twitter_card":"summary_large_image","twitter_misc":{"Est. reading time":"2 minutes"},"schema":{"@context":"https:\/\/schema.org","@graph":[{"@type":"WebPage","@id":"https:\/\/www.chillicus.com\/izdelek\/bbq-omaka\/","url":"https:\/\/www.chillicus.com\/izdelek\/bbq-omaka\/","name":"BBQ SAUCE","isPartOf":{"@id":"https:\/\/www.chillicus.com\/#website"},"primaryImageOfPage":{"@id":"https:\/\/www.chillicus.com\/izdelek\/bbq-omaka\/#primaryimage"},"image":{"@id":"https:\/\/www.chillicus.com\/izdelek\/bbq-omaka\/#primaryimage"},"thumbnailUrl":"https:\/\/www.chillicus.com\/wp-content\/uploads\/2019\/01\/Chillicus-34-scaled.jpg","datePublished":"2019-01-23T13:20:21+00:00","dateModified":"2026-04-07T17:03:18+00:00","description":"BBQ omaka je odli\u010dna za vse ljubitelje mesnih jedi in jedi izpod peke. Omaka je kislo, sladko-peko\u010da zato je odli\u010dna za svinjsko, govejo ali pi\u0161\u010dan\u010dje meso.","breadcrumb":{"@id":"https:\/\/www.chillicus.com\/izdelek\/bbq-omaka\/#breadcrumb"},"inLanguage":"en-US","potentialAction":[{"@type":"ReadAction","target":["https:\/\/www.chillicus.com\/izdelek\/bbq-omaka\/"]}]},{"@type":"ImageObject","inLanguage":"en-US","@id":"https:\/\/www.chillicus.com\/izdelek\/bbq-omaka\/#primaryimage","url":"https:\/\/www.chillicus.com\/wp-content\/uploads\/2019\/01\/Chillicus-34-scaled.jpg","contentUrl":"https:\/\/www.chillicus.com\/wp-content\/uploads\/2019\/01\/Chillicus-34-scaled.jpg","width":1852,"height":2560,"caption":"BBQ"},{"@type":"BreadcrumbList","@id":"https:\/\/www.chillicus.com\/izdelek\/bbq-omaka\/#breadcrumb","itemListElement":[{"@type":"ListItem","position":1,"name":"Home","item":"https:\/\/www.chillicus.com\/"},{"@type":"ListItem","position":2,"name":"Shop","item":"https:\/\/www.chillicus.com\/shop\/"},{"@type":"ListItem","position":3,"name":"BBQ OMAKA"}]},{"@type":"WebSite","@id":"https:\/\/www.chillicus.com\/#website","url":"https:\/\/www.chillicus.com\/","name":"Chillicus","description":"Online Hot Sauce Store","publisher":{"@id":"https:\/\/www.chillicus.com\/#\/schema\/person\/3f2701215ea3471622fc4b566ae8a143"},"potentialAction":[{"@type":"SearchAction","target":{"@type":"EntryPoint","urlTemplate":"https:\/\/www.chillicus.com\/?s={search_term_string}"},"query-input":{"@type":"PropertyValueSpecification","valueRequired":true,"valueName":"search_term_string"}}],"inLanguage":"en-US"},{"@type":["Person","Organization"],"@id":"https:\/\/www.chillicus.com\/#\/schema\/person\/3f2701215ea3471622fc4b566ae8a143","name":"Jaka Plank","image":{"@type":"ImageObject","inLanguage":"en-US","@id":"https:\/\/www.chillicus.com\/#\/schema\/person\/image\/","url":"https:\/\/www.chillicus.com\/wp-content\/uploads\/2023\/02\/colour-transparent-1-1-1.png","contentUrl":"https:\/\/www.chillicus.com\/wp-content\/uploads\/2023\/02\/colour-transparent-1-1-1.png","width":2028,"height":2020,"caption":"Jaka Plank"},"logo":{"@id":"https:\/\/www.chillicus.com\/#\/schema\/person\/image\/"},"sameAs":["https:\/\/m.facebook.com\/chillicus\/","https:\/\/www.instagram.com\/chc_chillicus\/"]}]}},"_links":{"self":[{"href":"https:\/\/www.chillicus.com\/en\/wp-json\/wp\/v2\/product\/84","targetHints":{"allow":["GET"]}}],"collection":[{"href":"https:\/\/www.chillicus.com\/en\/wp-json\/wp\/v2\/product"}],"about":[{"href":"https:\/\/www.chillicus.com\/en\/wp-json\/wp\/v2\/types\/product"}],"replies":[{"embeddable":true,"href":"https:\/\/www.chillicus.com\/en\/wp-json\/wp\/v2\/comments?post=84"}],"wp:featuredmedia":[{"embeddable":true,"href":"https:\/\/www.chillicus.com\/en\/wp-json\/wp\/v2\/media\/4468"}],"wp:attachment":[{"href":"https:\/\/www.chillicus.com\/en\/wp-json\/wp\/v2\/media?parent=84"}],"wp:term":[{"taxonomy":"product_brand","embeddable":true,"href":"https:\/\/www.chillicus.com\/en\/wp-json\/wp\/v2\/product_brand?post=84"},{"taxonomy":"product_cat","embeddable":true,"href":"https:\/\/www.chillicus.com\/en\/wp-json\/wp\/v2\/product_cat?post=84"},{"taxonomy":"product_tag","embeddable":true,"href":"https:\/\/www.chillicus.com\/en\/wp-json\/wp\/v2\/product_tag?post=84"}],"curies":[{"name":"wp","href":"https:\/\/api.w.org\/{rel}","templated":true}]}}