{"id":85,"date":"2019-01-23T13:22:49","date_gmt":"2019-01-23T13:22:49","guid":{"rendered":"https:\/\/chillicus.com\/product\/boncellensis-secullant\/"},"modified":"2026-04-05T20:59:52","modified_gmt":"2026-04-05T18:59:52","slug":"sweet-mango","status":"publish","type":"product","link":"https:\/\/www.chillicus.com\/en\/product\/sweet-mango\/","title":{"rendered":"SWEET MANGO"},"content":{"rendered":"<h6>SWEET MANGO <span style=\"font-weight: 400;\">omaka je narejena iz sve\u017eih zrelih mango plodov z dodatkom sladkega in so\u010dnega ananasa. Sama kombinacija obeh sade\u017eev pripomore k intenzivnemu okusu omake. Omaka se zato odli\u010dno prilagaja vsem pi\u0161\u010dan\u010djem jedem, mehi\u0161ki in azijski hrani. <\/span><\/h6>\n<p>&nbsp;<\/p>\n<p><span style=\"font-weight: 400;\">Omaka vsebuje tudi malo kislosti, katera pripomore pri oja\u010devanju okusa jedi. Omaka je rahlo peko\u010da zato je priporo\u010dljiva za vse kateri niso ljubitelji peko\u010dih omak, da si tako popestrijo svojo jed. Omako po odprtju je priporo\u010dljivo hranit v hladilniku, da bi zagotovili kakovost samega proizvoda.\u00a0<\/span><\/p>\n<p>Omaka je skrbno pripravljena in narejena samo iz zdravih \u010dili plodov in sve\u017eega manga. Na ta na\u010din si zagotovimo kvaliteto <a href=\"https:\/\/www.chillicus.com\/en\/trgovina\/\">na\u0161ih proizvodov<\/a> in omak.<\/p>\n<p><span style=\"font-weight: 400;\">Ingredients: <\/span><\/p>\n<ul>\n<li><span style=\"font-weight: 400;\">Thai chilli <\/span><\/li>\n<li><span style=\"font-weight: 400;\">Mango <\/span><\/li>\n<li><span style=\"font-weight: 400;\">Pineapple <\/span><\/li>\n<li><span style=\"font-weight: 400;\">Brown sugar <\/span><\/li>\n<li><span style=\"font-weight: 400;\">Citric acid<\/span><\/li>\n<li><span style=\"font-weight: 400;\">Fresh lemon juice <\/span><\/li>\n<li><span style=\"font-weight: 400;\">Preservative: potassium sorbate<\/span><\/li>\n<\/ul>\n<p>HEAT LEVEL 1+\/10<\/p>\n<p>QUANTITY: 100 ml<\/p>\n<p>The combination of mangoes and chilies in this hot sauce can also help reduce inflammation in the body. Mangoes contain the enzyme bromelain, which has anti-inflammatory properties and helps treat inflammatory conditions such as arthritis and asthma. In addition, the capsaicin contained in chilies helps reduce pain and inflammation and regulates blood pressure.<\/p>\n<p>Eating this hot sauce can also promote digestion as it contains digestive enzymes that help break down food. It can also help regulate blood sugar and reduce appetite, which can help with weight control.<\/p>\n<p>All these benefits show that eating fresh mango hot sauce can be a great choice to improve your health and well-being. Try adding this sauce to your diet as a seasoning for various dishes or enjoy it as a snack. The sauce also goes well with various desserts, add the sauce to your favorite flavor of ice cream or panna cotta.<\/p>\n<p>SWEET MANGO hot sauce must be shaken each time to ensure the taste and heat of the sauce itself.<\/p>\n<p>If you are interested in learning more about chilies and the benefits of eating the fruit, you can read more <a href=\"https:\/\/www.chillicus.com\/en\/prednosti-uzivanja-cilija\/\">HERE<\/a><\/p>","protected":false},"excerpt":{"rendered":"<p><b>SWEET MANGO <\/b>the sauce is made from fresh ripe mango fruits with the addition of sweet and juicy pineapple. The very combination of the two fruits contributes to an intense taste, it is sweet and spicy, so it goes perfectly with chicken dishes and Mexican and Asian food. The sauce is slightly hot, so it is recommended for everyone who is not a fan of hot food, but likes to spice up their meal a little.<\/p>","protected":false},"featured_media":4467,"comment_status":"open","ping_status":"closed","template":"","meta":{"site-sidebar-layout":"default","site-content-layout":"default","ast-site-content-layout":"default","site-content-style":"default","site-sidebar-style":"default","ast-global-header-display":"","ast-banner-title-visibility":"","ast-main-header-display":"","ast-hfb-above-header-display":"","ast-hfb-below-header-display":"","ast-hfb-mobile-header-display":"","site-post-title":"","ast-breadcrumbs-content":"","ast-featured-img":"","footer-sml-layout":"","theme-transparent-header-meta":"default","adv-header-id-meta":"","stick-header-meta":"default","header-above-stick-meta":"","header-main-stick-meta":"","header-below-stick-meta":"","astra-migrate-meta-layouts":"set","ast-page-background-enabled":"default","ast-page-background-meta":{"desktop":{"background-color":"","background-image":"","background-repeat":"repeat","background-position":"center center","background-size":"auto","background-attachment":"scroll","background-type":"","background-media":"","overlay-type":"","overlay-color":"","overlay-opacity":"","overlay-gradient":""},"tablet":{"background-color":"","background-image":"","background-repeat":"repeat","background-position":"center center","background-size":"auto","background-attachment":"scroll","background-type":"","background-media":"","overlay-type":"","overlay-color":"","overlay-opacity":"","overlay-gradient":""},"mobile":{"background-color":"","background-image":"","background-repeat":"repeat","background-position":"center center","background-size":"auto","background-attachment":"scroll","background-type":"","background-media":"","overlay-type":"","overlay-color":"","overlay-opacity":"","overlay-gradient":""}},"ast-content-background-meta":{"desktop":{"background-color":"var(--ast-global-color-5)","background-image":"","background-repeat":"repeat","background-position":"center center","background-size":"auto","background-attachment":"scroll","background-type":"","background-media":"","overlay-type":"","overlay-color":"","overlay-opacity":"","overlay-gradient":""},"tablet":{"background-color":"var(--ast-global-color-5)","background-image":"","background-repeat":"repeat","background-position":"center center","background-size":"auto","background-attachment":"scroll","background-type":"","background-media":"","overlay-type":"","overlay-color":"","overlay-opacity":"","overlay-gradient":""},"mobile":{"background-color":"var(--ast-global-color-5)","background-image":"","background-repeat":"repeat","background-position":"center center","background-size":"auto","background-attachment":"scroll","background-type":"","background-media":"","overlay-type":"","overlay-color":"","overlay-opacity":"","overlay-gradient":""}}},"product_brand":[],"product_cat":[23],"product_tag":[],"class_list":{"0":"post-85","1":"product","2":"type-product","3":"status-publish","4":"has-post-thumbnail","6":"product_cat-omake","7":"desktop-align-center","8":"tablet-align-left","9":"mobile-align-center","10":"ast-product-gallery-layout-horizontal","11":"ast-product-gallery-with-no-image","12":"ast-magnify-disabled","13":"ast-product-tabs-layout-horizontal","15":"first","16":"instock","17":"featured","18":"taxable","19":"shipping-taxable","20":"purchasable","21":"product-type-simple"},"yoast_head":"<!-- This site is optimized with the Yoast SEO plugin v26.8 - https:\/\/yoast.com\/product\/yoast-seo-wordpress\/ -->\n<title>SWEET MANGO<\/title>\n<meta name=\"description\" content=\"SWEET MANGO omaka je narejena iz sve\u017eih zrelih mango plodov z dodatkom sladkega in so\u010dnega ananasa in sve\u017ee stisnjenega limoninega soka.\" \/>\n<meta name=\"robots\" content=\"index, follow, max-snippet:-1, max-image-preview:large, max-video-preview:-1\" \/>\n<link rel=\"canonical\" href=\"https:\/\/www.chillicus.com\/en\/product\/sweet-mango\/\" \/>\n<meta property=\"og:locale\" content=\"en_US\" \/>\n<meta property=\"og:type\" content=\"article\" \/>\n<meta property=\"og:title\" content=\"SWEET MANGO\" \/>\n<meta property=\"og:description\" content=\"SWEET MANGO omaka je narejena iz sve\u017eih zrelih mango plodov z dodatkom sladkega in so\u010dnega ananasa in sve\u017ee stisnjenega limoninega soka.\" \/>\n<meta property=\"og:url\" content=\"https:\/\/www.chillicus.com\/en\/product\/sweet-mango\/\" \/>\n<meta property=\"article:publisher\" content=\"https:\/\/m.facebook.com\/chillicus\/\" \/>\n<meta property=\"article:modified_time\" content=\"2026-04-05T18:59:52+00:00\" \/>\n<meta property=\"og:image\" content=\"https:\/\/www.chillicus.com\/wp-content\/uploads\/2019\/01\/Chillicus-33-scaled.jpg\" \/>\n\t<meta property=\"og:image:width\" content=\"1852\" \/>\n\t<meta property=\"og:image:height\" content=\"2560\" \/>\n\t<meta property=\"og:image:type\" content=\"image\/jpeg\" \/>\n<meta name=\"twitter:card\" content=\"summary_large_image\" \/>\n<meta name=\"twitter:label1\" content=\"Est. reading time\" \/>\n\t<meta name=\"twitter:data1\" content=\"2 minutes\" \/>\n<script type=\"application\/ld+json\" class=\"yoast-schema-graph\">{\"@context\":\"https:\/\/schema.org\",\"@graph\":[{\"@type\":\"WebPage\",\"@id\":\"https:\/\/www.chillicus.com\/izdelek\/sweet-mango\/\",\"url\":\"https:\/\/www.chillicus.com\/izdelek\/sweet-mango\/\",\"name\":\"SWEET MANGO\",\"isPartOf\":{\"@id\":\"https:\/\/www.chillicus.com\/#website\"},\"primaryImageOfPage\":{\"@id\":\"https:\/\/www.chillicus.com\/izdelek\/sweet-mango\/#primaryimage\"},\"image\":{\"@id\":\"https:\/\/www.chillicus.com\/izdelek\/sweet-mango\/#primaryimage\"},\"thumbnailUrl\":\"https:\/\/www.chillicus.com\/wp-content\/uploads\/2019\/01\/Chillicus-33-scaled.jpg\",\"datePublished\":\"2019-01-23T13:22:49+00:00\",\"dateModified\":\"2026-04-05T18:59:52+00:00\",\"description\":\"SWEET MANGO omaka je narejena iz sve\u017eih zrelih mango plodov z dodatkom sladkega in so\u010dnega ananasa in sve\u017ee stisnjenega limoninega soka.\",\"breadcrumb\":{\"@id\":\"https:\/\/www.chillicus.com\/izdelek\/sweet-mango\/#breadcrumb\"},\"inLanguage\":\"en-US\",\"potentialAction\":[{\"@type\":\"ReadAction\",\"target\":[\"https:\/\/www.chillicus.com\/izdelek\/sweet-mango\/\"]}]},{\"@type\":\"ImageObject\",\"inLanguage\":\"en-US\",\"@id\":\"https:\/\/www.chillicus.com\/izdelek\/sweet-mango\/#primaryimage\",\"url\":\"https:\/\/www.chillicus.com\/wp-content\/uploads\/2019\/01\/Chillicus-33-scaled.jpg\",\"contentUrl\":\"https:\/\/www.chillicus.com\/wp-content\/uploads\/2019\/01\/Chillicus-33-scaled.jpg\",\"width\":1852,\"height\":2560,\"caption\":\"sweet mango\"},{\"@type\":\"BreadcrumbList\",\"@id\":\"https:\/\/www.chillicus.com\/izdelek\/sweet-mango\/#breadcrumb\",\"itemListElement\":[{\"@type\":\"ListItem\",\"position\":1,\"name\":\"Home\",\"item\":\"https:\/\/www.chillicus.com\/\"},{\"@type\":\"ListItem\",\"position\":2,\"name\":\"Shop\",\"item\":\"https:\/\/www.chillicus.com\/shop\/\"},{\"@type\":\"ListItem\",\"position\":3,\"name\":\"SWEET MANGO\"}]},{\"@type\":\"WebSite\",\"@id\":\"https:\/\/www.chillicus.com\/#website\",\"url\":\"https:\/\/www.chillicus.com\/\",\"name\":\"Chillicus\",\"description\":\"Online Hot Sauce Store\",\"publisher\":{\"@id\":\"https:\/\/www.chillicus.com\/#\/schema\/person\/3f2701215ea3471622fc4b566ae8a143\"},\"potentialAction\":[{\"@type\":\"SearchAction\",\"target\":{\"@type\":\"EntryPoint\",\"urlTemplate\":\"https:\/\/www.chillicus.com\/?s={search_term_string}\"},\"query-input\":{\"@type\":\"PropertyValueSpecification\",\"valueRequired\":true,\"valueName\":\"search_term_string\"}}],\"inLanguage\":\"en-US\"},{\"@type\":[\"Person\",\"Organization\"],\"@id\":\"https:\/\/www.chillicus.com\/#\/schema\/person\/3f2701215ea3471622fc4b566ae8a143\",\"name\":\"Jaka Plank\",\"image\":{\"@type\":\"ImageObject\",\"inLanguage\":\"en-US\",\"@id\":\"https:\/\/www.chillicus.com\/#\/schema\/person\/image\/\",\"url\":\"https:\/\/www.chillicus.com\/wp-content\/uploads\/2023\/02\/colour-transparent-1-1-1.png\",\"contentUrl\":\"https:\/\/www.chillicus.com\/wp-content\/uploads\/2023\/02\/colour-transparent-1-1-1.png\",\"width\":2028,\"height\":2020,\"caption\":\"Jaka Plank\"},\"logo\":{\"@id\":\"https:\/\/www.chillicus.com\/#\/schema\/person\/image\/\"},\"sameAs\":[\"https:\/\/m.facebook.com\/chillicus\/\",\"https:\/\/www.instagram.com\/chc_chillicus\/\"]}]}<\/script>\n<!-- \/ Yoast SEO plugin. -->","yoast_head_json":{"title":"SWEET MANGO","description":"SWEET MANGO omaka je narejena iz sve\u017eih zrelih mango plodov z dodatkom sladkega in so\u010dnega ananasa in sve\u017ee stisnjenega limoninega soka.","robots":{"index":"index","follow":"follow","max-snippet":"max-snippet:-1","max-image-preview":"max-image-preview:large","max-video-preview":"max-video-preview:-1"},"canonical":"https:\/\/www.chillicus.com\/en\/product\/sweet-mango\/","og_locale":"en_US","og_type":"article","og_title":"SWEET MANGO","og_description":"SWEET MANGO omaka je narejena iz sve\u017eih zrelih mango plodov z dodatkom sladkega in so\u010dnega ananasa in sve\u017ee stisnjenega limoninega soka.","og_url":"https:\/\/www.chillicus.com\/en\/product\/sweet-mango\/","article_publisher":"https:\/\/m.facebook.com\/chillicus\/","article_modified_time":"2026-04-05T18:59:52+00:00","og_image":[{"width":1852,"height":2560,"url":"https:\/\/www.chillicus.com\/wp-content\/uploads\/2019\/01\/Chillicus-33-scaled.jpg","type":"image\/jpeg"}],"twitter_card":"summary_large_image","twitter_misc":{"Est. reading time":"2 minutes"},"schema":{"@context":"https:\/\/schema.org","@graph":[{"@type":"WebPage","@id":"https:\/\/www.chillicus.com\/izdelek\/sweet-mango\/","url":"https:\/\/www.chillicus.com\/izdelek\/sweet-mango\/","name":"SWEET MANGO","isPartOf":{"@id":"https:\/\/www.chillicus.com\/#website"},"primaryImageOfPage":{"@id":"https:\/\/www.chillicus.com\/izdelek\/sweet-mango\/#primaryimage"},"image":{"@id":"https:\/\/www.chillicus.com\/izdelek\/sweet-mango\/#primaryimage"},"thumbnailUrl":"https:\/\/www.chillicus.com\/wp-content\/uploads\/2019\/01\/Chillicus-33-scaled.jpg","datePublished":"2019-01-23T13:22:49+00:00","dateModified":"2026-04-05T18:59:52+00:00","description":"SWEET MANGO omaka je narejena iz sve\u017eih zrelih mango plodov z dodatkom sladkega in so\u010dnega ananasa in sve\u017ee stisnjenega limoninega soka.","breadcrumb":{"@id":"https:\/\/www.chillicus.com\/izdelek\/sweet-mango\/#breadcrumb"},"inLanguage":"en-US","potentialAction":[{"@type":"ReadAction","target":["https:\/\/www.chillicus.com\/izdelek\/sweet-mango\/"]}]},{"@type":"ImageObject","inLanguage":"en-US","@id":"https:\/\/www.chillicus.com\/izdelek\/sweet-mango\/#primaryimage","url":"https:\/\/www.chillicus.com\/wp-content\/uploads\/2019\/01\/Chillicus-33-scaled.jpg","contentUrl":"https:\/\/www.chillicus.com\/wp-content\/uploads\/2019\/01\/Chillicus-33-scaled.jpg","width":1852,"height":2560,"caption":"sweet mango"},{"@type":"BreadcrumbList","@id":"https:\/\/www.chillicus.com\/izdelek\/sweet-mango\/#breadcrumb","itemListElement":[{"@type":"ListItem","position":1,"name":"Home","item":"https:\/\/www.chillicus.com\/"},{"@type":"ListItem","position":2,"name":"Shop","item":"https:\/\/www.chillicus.com\/shop\/"},{"@type":"ListItem","position":3,"name":"SWEET MANGO"}]},{"@type":"WebSite","@id":"https:\/\/www.chillicus.com\/#website","url":"https:\/\/www.chillicus.com\/","name":"Chillicus","description":"Online Hot Sauce Store","publisher":{"@id":"https:\/\/www.chillicus.com\/#\/schema\/person\/3f2701215ea3471622fc4b566ae8a143"},"potentialAction":[{"@type":"SearchAction","target":{"@type":"EntryPoint","urlTemplate":"https:\/\/www.chillicus.com\/?s={search_term_string}"},"query-input":{"@type":"PropertyValueSpecification","valueRequired":true,"valueName":"search_term_string"}}],"inLanguage":"en-US"},{"@type":["Person","Organization"],"@id":"https:\/\/www.chillicus.com\/#\/schema\/person\/3f2701215ea3471622fc4b566ae8a143","name":"Jaka Plank","image":{"@type":"ImageObject","inLanguage":"en-US","@id":"https:\/\/www.chillicus.com\/#\/schema\/person\/image\/","url":"https:\/\/www.chillicus.com\/wp-content\/uploads\/2023\/02\/colour-transparent-1-1-1.png","contentUrl":"https:\/\/www.chillicus.com\/wp-content\/uploads\/2023\/02\/colour-transparent-1-1-1.png","width":2028,"height":2020,"caption":"Jaka Plank"},"logo":{"@id":"https:\/\/www.chillicus.com\/#\/schema\/person\/image\/"},"sameAs":["https:\/\/m.facebook.com\/chillicus\/","https:\/\/www.instagram.com\/chc_chillicus\/"]}]}},"_links":{"self":[{"href":"https:\/\/www.chillicus.com\/en\/wp-json\/wp\/v2\/product\/85","targetHints":{"allow":["GET"]}}],"collection":[{"href":"https:\/\/www.chillicus.com\/en\/wp-json\/wp\/v2\/product"}],"about":[{"href":"https:\/\/www.chillicus.com\/en\/wp-json\/wp\/v2\/types\/product"}],"replies":[{"embeddable":true,"href":"https:\/\/www.chillicus.com\/en\/wp-json\/wp\/v2\/comments?post=85"}],"wp:featuredmedia":[{"embeddable":true,"href":"https:\/\/www.chillicus.com\/en\/wp-json\/wp\/v2\/media\/4467"}],"wp:attachment":[{"href":"https:\/\/www.chillicus.com\/en\/wp-json\/wp\/v2\/media?parent=85"}],"wp:term":[{"taxonomy":"product_brand","embeddable":true,"href":"https:\/\/www.chillicus.com\/en\/wp-json\/wp\/v2\/product_brand?post=85"},{"taxonomy":"product_cat","embeddable":true,"href":"https:\/\/www.chillicus.com\/en\/wp-json\/wp\/v2\/product_cat?post=85"},{"taxonomy":"product_tag","embeddable":true,"href":"https:\/\/www.chillicus.com\/en\/wp-json\/wp\/v2\/product_tag?post=85"}],"curies":[{"name":"wp","href":"https:\/\/api.w.org\/{rel}","templated":true}]}}