{"id":87,"date":"2019-01-23T13:25:49","date_gmt":"2019-01-23T13:25:49","guid":{"rendered":"https:\/\/chillicus.com\/product\/money-plant\/"},"modified":"2026-04-05T20:59:09","modified_gmt":"2026-04-05T18:59:09","slug":"geronimo","status":"publish","type":"product","link":"https:\/\/www.chillicus.com\/en\/product\/geronimo\/","title":{"rendered":"GERONIMO"},"content":{"rendered":"<p><b>GERONIMO <\/b><span style=\"font-weight: 400;\">is intended for every lover of sweet and hot sauces. It is made from freshly sliced \u200b\u200bpineapple, pineapple juice and a few pieces of fresh mango to make a special aftertaste in the dish. The sauce goes well with all kinds of pizza, grilled meat, all kinds of chicken dishes. Don't be fooled by the smell of fresh sweet pineapple, they still have enough heat to satisfy even the most passionate eaters of hot food. After opening, it is recommended to keep the sauce in the refrigerator in order to ensure the quality of the product itself.\u00a0<\/span><\/p>\n<p>We would like to introduce you to our new sauce that will delight your taste buds - Pineapple and Chili Sauce. Our sauce is made from fresh pineapples and spicy chilies, which together create an extremely tasty combination. Our sauce is ideal for all those who love exotic flavors, as it will add a touch of tropical flavor to your dishes.<\/p>\n<p>The sauce is carefully prepared and made only from healthy chili fruits and fresh pineapple. In this way, we ensure the quality of our products and sauces.<\/p>\n<p><span style=\"font-weight: 400;\">Ingredients: <\/span><\/p>\n<ul>\n<li style=\"text-align: left;\"><span style=\"font-weight: 400;\">Chilli ( Orange Habanero, Yellow Scorpion, Lemon Drop) <a href=\"https:\/\/www.chillicus.com\/en\/product\/habanero-cili\/\">habanero<\/a>, R<\/span><span style=\"font-weight: 400;\">umeni <a href=\"https:\/\/www.chillicus.com\/en\/product\/trinidad-moruga-scorpion\/\">Scorpion<\/a>, L<\/span><span style=\"font-weight: 400;\">emon drop)<\/span><\/li>\n<li style=\"text-align: left;\"><span style=\"font-weight: 400;\">Citric acid <\/span><\/li>\n<li style=\"text-align: left;\"><span style=\"font-weight: 400;\">Fresh pineapple <\/span><\/li>\n<li style=\"text-align: left;\"><span style=\"font-weight: 400;\">Brown sugar<\/span><\/li>\n<li style=\"text-align: left;\"><span style=\"font-weight: 400;\">Preservative: potassium sorbate<\/span><\/li>\n<\/ul>\n<p>HEAT LEVEL 6\/10<\/p>\n<p>QUANTITY: 100 ml<\/p>\n<p>If you are looking for a new dimension of flavor for your dishes, then our pineapple and chili sauce is the right choice for you. Don't delay any longer and try our sauce today and let your taste buds have an exotic experience.<\/p>\n<p>GERONIMO hot sauce needs to be shaken each time it is used to ensure the heat and taste of the sauce itself.<\/p>\n<p>If you are interested in learning more about chilies and the benefits of eating the fruit, you can read more <a href=\"https:\/\/www.chillicus.com\/en\/?page_id=2095\">HERE<\/a><\/p>","protected":false},"excerpt":{"rendered":"<p><b>GERONIMO <\/b>the sauce goes perfectly with all types of pizza, grilled meat and chicken dishes. Don't be fooled by the smell of fresh pineapple, the sauce still has enough heat to satisfy even the most passionate eaters.<\/p>","protected":false},"featured_media":4469,"comment_status":"open","ping_status":"closed","template":"","meta":{"site-sidebar-layout":"default","site-content-layout":"default","ast-site-content-layout":"default","site-content-style":"default","site-sidebar-style":"default","ast-global-header-display":"","ast-banner-title-visibility":"","ast-main-header-display":"","ast-hfb-above-header-display":"","ast-hfb-below-header-display":"","ast-hfb-mobile-header-display":"","site-post-title":"","ast-breadcrumbs-content":"","ast-featured-img":"","footer-sml-layout":"","theme-transparent-header-meta":"default","adv-header-id-meta":"","stick-header-meta":"default","header-above-stick-meta":"","header-main-stick-meta":"","header-below-stick-meta":"","astra-migrate-meta-layouts":"set","ast-page-background-enabled":"default","ast-page-background-meta":{"desktop":{"background-color":"","background-image":"","background-repeat":"repeat","background-position":"center center","background-size":"auto","background-attachment":"scroll","background-type":"","background-media":"","overlay-type":"","overlay-color":"","overlay-opacity":"","overlay-gradient":""},"tablet":{"background-color":"","background-image":"","background-repeat":"repeat","background-position":"center center","background-size":"auto","background-attachment":"scroll","background-type":"","background-media":"","overlay-type":"","overlay-color":"","overlay-opacity":"","overlay-gradient":""},"mobile":{"background-color":"","background-image":"","background-repeat":"repeat","background-position":"center center","background-size":"auto","background-attachment":"scroll","background-type":"","background-media":"","overlay-type":"","overlay-color":"","overlay-opacity":"","overlay-gradient":""}},"ast-content-background-meta":{"desktop":{"background-color":"var(--ast-global-color-5)","background-image":"","background-repeat":"repeat","background-position":"center center","background-size":"auto","background-attachment":"scroll","background-type":"","background-media":"","overlay-type":"","overlay-color":"","overlay-opacity":"","overlay-gradient":""},"tablet":{"background-color":"var(--ast-global-color-5)","background-image":"","background-repeat":"repeat","background-position":"center center","background-size":"auto","background-attachment":"scroll","background-type":"","background-media":"","overlay-type":"","overlay-color":"","overlay-opacity":"","overlay-gradient":""},"mobile":{"background-color":"var(--ast-global-color-5)","background-image":"","background-repeat":"repeat","background-position":"center center","background-size":"auto","background-attachment":"scroll","background-type":"","background-media":"","overlay-type":"","overlay-color":"","overlay-opacity":"","overlay-gradient":""}}},"product_brand":[],"product_cat":[23],"product_tag":[],"class_list":{"0":"post-87","1":"product","2":"type-product","3":"status-publish","4":"has-post-thumbnail","6":"product_cat-omake","7":"desktop-align-center","8":"tablet-align-left","9":"mobile-align-center","10":"ast-product-gallery-layout-horizontal","11":"ast-product-gallery-with-no-image","12":"ast-magnify-disabled","13":"ast-product-tabs-layout-horizontal","15":"first","16":"instock","17":"taxable","18":"shipping-taxable","19":"purchasable","20":"product-type-simple"},"yoast_head":"<!-- This site is optimized with the Yoast SEO plugin v26.8 - https:\/\/yoast.com\/product\/yoast-seo-wordpress\/ -->\n<title>GERONIMO<\/title>\n<meta name=\"description\" content=\"GERONIMO omaka se odli\u010dno poda k vsem vrstam pizze, mesu na \u017earu in jedem s pi\u0161\u010dancem. Naro\u010dite in okusite so\u010dnost ananasa s \u010diliji.\" \/>\n<meta name=\"robots\" content=\"index, follow, max-snippet:-1, max-image-preview:large, max-video-preview:-1\" \/>\n<link rel=\"canonical\" href=\"https:\/\/www.chillicus.com\/en\/product\/geronimo\/\" \/>\n<meta property=\"og:locale\" content=\"en_US\" \/>\n<meta property=\"og:type\" content=\"article\" \/>\n<meta property=\"og:title\" content=\"GERONIMO\" \/>\n<meta property=\"og:description\" content=\"GERONIMO omaka se odli\u010dno poda k vsem vrstam pizze, mesu na \u017earu in jedem s pi\u0161\u010dancem. Naro\u010dite in okusite so\u010dnost ananasa s \u010diliji.\" \/>\n<meta property=\"og:url\" content=\"https:\/\/www.chillicus.com\/en\/product\/geronimo\/\" \/>\n<meta property=\"article:publisher\" content=\"https:\/\/m.facebook.com\/chillicus\/\" \/>\n<meta property=\"article:modified_time\" content=\"2026-04-05T18:59:09+00:00\" \/>\n<meta property=\"og:image\" content=\"https:\/\/www.chillicus.com\/wp-content\/uploads\/2019\/01\/Chillicus-35-scaled.jpg\" \/>\n\t<meta property=\"og:image:width\" content=\"1852\" \/>\n\t<meta property=\"og:image:height\" content=\"2560\" \/>\n\t<meta property=\"og:image:type\" content=\"image\/jpeg\" \/>\n<meta name=\"twitter:card\" content=\"summary_large_image\" \/>\n<meta name=\"twitter:label1\" content=\"Est. reading time\" \/>\n\t<meta name=\"twitter:data1\" content=\"2 minutes\" \/>\n<script type=\"application\/ld+json\" class=\"yoast-schema-graph\">{\"@context\":\"https:\/\/schema.org\",\"@graph\":[{\"@type\":\"WebPage\",\"@id\":\"https:\/\/www.chillicus.com\/izdelek\/geronimo\/\",\"url\":\"https:\/\/www.chillicus.com\/izdelek\/geronimo\/\",\"name\":\"GERONIMO\",\"isPartOf\":{\"@id\":\"https:\/\/www.chillicus.com\/#website\"},\"primaryImageOfPage\":{\"@id\":\"https:\/\/www.chillicus.com\/izdelek\/geronimo\/#primaryimage\"},\"image\":{\"@id\":\"https:\/\/www.chillicus.com\/izdelek\/geronimo\/#primaryimage\"},\"thumbnailUrl\":\"https:\/\/www.chillicus.com\/wp-content\/uploads\/2019\/01\/Chillicus-35-scaled.jpg\",\"datePublished\":\"2019-01-23T13:25:49+00:00\",\"dateModified\":\"2026-04-05T18:59:09+00:00\",\"description\":\"GERONIMO omaka se odli\u010dno poda k vsem vrstam pizze, mesu na \u017earu in jedem s pi\u0161\u010dancem. Naro\u010dite in okusite so\u010dnost ananasa s \u010diliji.\",\"breadcrumb\":{\"@id\":\"https:\/\/www.chillicus.com\/izdelek\/geronimo\/#breadcrumb\"},\"inLanguage\":\"en-US\",\"potentialAction\":[{\"@type\":\"ReadAction\",\"target\":[\"https:\/\/www.chillicus.com\/izdelek\/geronimo\/\"]}]},{\"@type\":\"ImageObject\",\"inLanguage\":\"en-US\",\"@id\":\"https:\/\/www.chillicus.com\/izdelek\/geronimo\/#primaryimage\",\"url\":\"https:\/\/www.chillicus.com\/wp-content\/uploads\/2019\/01\/Chillicus-35-scaled.jpg\",\"contentUrl\":\"https:\/\/www.chillicus.com\/wp-content\/uploads\/2019\/01\/Chillicus-35-scaled.jpg\",\"width\":1852,\"height\":2560,\"caption\":\"Geronimo\"},{\"@type\":\"BreadcrumbList\",\"@id\":\"https:\/\/www.chillicus.com\/izdelek\/geronimo\/#breadcrumb\",\"itemListElement\":[{\"@type\":\"ListItem\",\"position\":1,\"name\":\"Home\",\"item\":\"https:\/\/www.chillicus.com\/\"},{\"@type\":\"ListItem\",\"position\":2,\"name\":\"Shop\",\"item\":\"https:\/\/www.chillicus.com\/shop\/\"},{\"@type\":\"ListItem\",\"position\":3,\"name\":\"GERONIMO\"}]},{\"@type\":\"WebSite\",\"@id\":\"https:\/\/www.chillicus.com\/#website\",\"url\":\"https:\/\/www.chillicus.com\/\",\"name\":\"Chillicus\",\"description\":\"Online Hot Sauce Store\",\"publisher\":{\"@id\":\"https:\/\/www.chillicus.com\/#\/schema\/person\/3f2701215ea3471622fc4b566ae8a143\"},\"potentialAction\":[{\"@type\":\"SearchAction\",\"target\":{\"@type\":\"EntryPoint\",\"urlTemplate\":\"https:\/\/www.chillicus.com\/?s={search_term_string}\"},\"query-input\":{\"@type\":\"PropertyValueSpecification\",\"valueRequired\":true,\"valueName\":\"search_term_string\"}}],\"inLanguage\":\"en-US\"},{\"@type\":[\"Person\",\"Organization\"],\"@id\":\"https:\/\/www.chillicus.com\/#\/schema\/person\/3f2701215ea3471622fc4b566ae8a143\",\"name\":\"Jaka Plank\",\"image\":{\"@type\":\"ImageObject\",\"inLanguage\":\"en-US\",\"@id\":\"https:\/\/www.chillicus.com\/#\/schema\/person\/image\/\",\"url\":\"https:\/\/www.chillicus.com\/wp-content\/uploads\/2023\/02\/colour-transparent-1-1-1.png\",\"contentUrl\":\"https:\/\/www.chillicus.com\/wp-content\/uploads\/2023\/02\/colour-transparent-1-1-1.png\",\"width\":2028,\"height\":2020,\"caption\":\"Jaka Plank\"},\"logo\":{\"@id\":\"https:\/\/www.chillicus.com\/#\/schema\/person\/image\/\"},\"sameAs\":[\"https:\/\/m.facebook.com\/chillicus\/\",\"https:\/\/www.instagram.com\/chc_chillicus\/\"]}]}<\/script>\n<!-- \/ Yoast SEO plugin. -->","yoast_head_json":{"title":"GERONIMO","description":"GERONIMO omaka se odli\u010dno poda k vsem vrstam pizze, mesu na \u017earu in jedem s pi\u0161\u010dancem. Naro\u010dite in okusite so\u010dnost ananasa s \u010diliji.","robots":{"index":"index","follow":"follow","max-snippet":"max-snippet:-1","max-image-preview":"max-image-preview:large","max-video-preview":"max-video-preview:-1"},"canonical":"https:\/\/www.chillicus.com\/en\/product\/geronimo\/","og_locale":"en_US","og_type":"article","og_title":"GERONIMO","og_description":"GERONIMO omaka se odli\u010dno poda k vsem vrstam pizze, mesu na \u017earu in jedem s pi\u0161\u010dancem. Naro\u010dite in okusite so\u010dnost ananasa s \u010diliji.","og_url":"https:\/\/www.chillicus.com\/en\/product\/geronimo\/","article_publisher":"https:\/\/m.facebook.com\/chillicus\/","article_modified_time":"2026-04-05T18:59:09+00:00","og_image":[{"width":1852,"height":2560,"url":"https:\/\/www.chillicus.com\/wp-content\/uploads\/2019\/01\/Chillicus-35-scaled.jpg","type":"image\/jpeg"}],"twitter_card":"summary_large_image","twitter_misc":{"Est. reading time":"2 minutes"},"schema":{"@context":"https:\/\/schema.org","@graph":[{"@type":"WebPage","@id":"https:\/\/www.chillicus.com\/izdelek\/geronimo\/","url":"https:\/\/www.chillicus.com\/izdelek\/geronimo\/","name":"GERONIMO","isPartOf":{"@id":"https:\/\/www.chillicus.com\/#website"},"primaryImageOfPage":{"@id":"https:\/\/www.chillicus.com\/izdelek\/geronimo\/#primaryimage"},"image":{"@id":"https:\/\/www.chillicus.com\/izdelek\/geronimo\/#primaryimage"},"thumbnailUrl":"https:\/\/www.chillicus.com\/wp-content\/uploads\/2019\/01\/Chillicus-35-scaled.jpg","datePublished":"2019-01-23T13:25:49+00:00","dateModified":"2026-04-05T18:59:09+00:00","description":"GERONIMO omaka se odli\u010dno poda k vsem vrstam pizze, mesu na \u017earu in jedem s pi\u0161\u010dancem. Naro\u010dite in okusite so\u010dnost ananasa s \u010diliji.","breadcrumb":{"@id":"https:\/\/www.chillicus.com\/izdelek\/geronimo\/#breadcrumb"},"inLanguage":"en-US","potentialAction":[{"@type":"ReadAction","target":["https:\/\/www.chillicus.com\/izdelek\/geronimo\/"]}]},{"@type":"ImageObject","inLanguage":"en-US","@id":"https:\/\/www.chillicus.com\/izdelek\/geronimo\/#primaryimage","url":"https:\/\/www.chillicus.com\/wp-content\/uploads\/2019\/01\/Chillicus-35-scaled.jpg","contentUrl":"https:\/\/www.chillicus.com\/wp-content\/uploads\/2019\/01\/Chillicus-35-scaled.jpg","width":1852,"height":2560,"caption":"Geronimo"},{"@type":"BreadcrumbList","@id":"https:\/\/www.chillicus.com\/izdelek\/geronimo\/#breadcrumb","itemListElement":[{"@type":"ListItem","position":1,"name":"Home","item":"https:\/\/www.chillicus.com\/"},{"@type":"ListItem","position":2,"name":"Shop","item":"https:\/\/www.chillicus.com\/shop\/"},{"@type":"ListItem","position":3,"name":"GERONIMO"}]},{"@type":"WebSite","@id":"https:\/\/www.chillicus.com\/#website","url":"https:\/\/www.chillicus.com\/","name":"Chillicus","description":"Online Hot Sauce Store","publisher":{"@id":"https:\/\/www.chillicus.com\/#\/schema\/person\/3f2701215ea3471622fc4b566ae8a143"},"potentialAction":[{"@type":"SearchAction","target":{"@type":"EntryPoint","urlTemplate":"https:\/\/www.chillicus.com\/?s={search_term_string}"},"query-input":{"@type":"PropertyValueSpecification","valueRequired":true,"valueName":"search_term_string"}}],"inLanguage":"en-US"},{"@type":["Person","Organization"],"@id":"https:\/\/www.chillicus.com\/#\/schema\/person\/3f2701215ea3471622fc4b566ae8a143","name":"Jaka Plank","image":{"@type":"ImageObject","inLanguage":"en-US","@id":"https:\/\/www.chillicus.com\/#\/schema\/person\/image\/","url":"https:\/\/www.chillicus.com\/wp-content\/uploads\/2023\/02\/colour-transparent-1-1-1.png","contentUrl":"https:\/\/www.chillicus.com\/wp-content\/uploads\/2023\/02\/colour-transparent-1-1-1.png","width":2028,"height":2020,"caption":"Jaka Plank"},"logo":{"@id":"https:\/\/www.chillicus.com\/#\/schema\/person\/image\/"},"sameAs":["https:\/\/m.facebook.com\/chillicus\/","https:\/\/www.instagram.com\/chc_chillicus\/"]}]}},"_links":{"self":[{"href":"https:\/\/www.chillicus.com\/en\/wp-json\/wp\/v2\/product\/87","targetHints":{"allow":["GET"]}}],"collection":[{"href":"https:\/\/www.chillicus.com\/en\/wp-json\/wp\/v2\/product"}],"about":[{"href":"https:\/\/www.chillicus.com\/en\/wp-json\/wp\/v2\/types\/product"}],"replies":[{"embeddable":true,"href":"https:\/\/www.chillicus.com\/en\/wp-json\/wp\/v2\/comments?post=87"}],"wp:featuredmedia":[{"embeddable":true,"href":"https:\/\/www.chillicus.com\/en\/wp-json\/wp\/v2\/media\/4469"}],"wp:attachment":[{"href":"https:\/\/www.chillicus.com\/en\/wp-json\/wp\/v2\/media?parent=87"}],"wp:term":[{"taxonomy":"product_brand","embeddable":true,"href":"https:\/\/www.chillicus.com\/en\/wp-json\/wp\/v2\/product_brand?post=87"},{"taxonomy":"product_cat","embeddable":true,"href":"https:\/\/www.chillicus.com\/en\/wp-json\/wp\/v2\/product_cat?post=87"},{"taxonomy":"product_tag","embeddable":true,"href":"https:\/\/www.chillicus.com\/en\/wp-json\/wp\/v2\/product_tag?post=87"}],"curies":[{"name":"wp","href":"https:\/\/api.w.org\/{rel}","templated":true}]}}